{"id":269674,"date":"2025-03-16T22:04:06","date_gmt":"2025-03-16T22:04:06","guid":{"rendered":"http:\/\/lode2025.local\/product\/vecais-brunis\/"},"modified":"2025-08-14T12:33:32","modified_gmt":"2025-08-14T12:33:32","slug":"vecais-brunis","status":"publish","type":"product","link":"https:\/\/lode.lv\/et\/shop\/fassaadi-jaoks\/taielikud-tellised\/vecais-brunis\/","title":{"rendered":"VECAIS BRUNIS"},"content":{"rendered":"<p>Retrostiilis tumedas \u0161okolaaditoonis viimistlustellis, mille laineline tekstuur annab fassaadidele autentse iseloomu. Selle harmoonilised v\u00e4rvitoonid ja reljeefne tekstuur loovad fassaadile silmatorkava ning n\u00fcansirikka v\u00e4limuse, mis t\u00e4iendab nii ajaloolisi kui ka kaasaegseid arhitektuurseid lahendusi. T\u00e4isviimistletud tellis, mis on valmistatud naturaalsest savist, sobib ka ahjude ja korstnate viimistlemiseks, samuti saunade ja katuseelementide jaoks.<\/p>\n","protected":false},"excerpt":{"rendered":"<p>T\u00e4istellis<\/p>\n","protected":false},"featured_media":272873,"template":"","meta":{"_acf_changed":false},"product_brand":[90],"product_cat":[467,468],"product_tag":[],"class_list":{"0":"post-269674","1":"product","2":"type-product","3":"status-publish","4":"has-post-thumbnail","6":"product_brand-lode","7":"product_cat-suitsutorude-ahjude-jaoks","8":"product_cat-taielikud-tellised","10":"first","11":"instock","12":"purchasable","13":"product-type-simple"},"acf":[],"_links":{"self":[{"href":"https:\/\/lode.lv\/et\/wp-json\/wp\/v2\/product\/269674","targetHints":{"allow":["GET"]}}],"collection":[{"href":"https:\/\/lode.lv\/et\/wp-json\/wp\/v2\/product"}],"about":[{"href":"https:\/\/lode.lv\/et\/wp-json\/wp\/v2\/types\/product"}],"wp:featuredmedia":[{"embeddable":true,"href":"https:\/\/lode.lv\/et\/wp-json\/wp\/v2\/media\/272873"}],"wp:attachment":[{"href":"https:\/\/lode.lv\/et\/wp-json\/wp\/v2\/media?parent=269674"}],"wp:term":[{"taxonomy":"product_brand","embeddable":true,"href":"https:\/\/lode.lv\/et\/wp-json\/wp\/v2\/product_brand?post=269674"},{"taxonomy":"product_cat","embeddable":true,"href":"https:\/\/lode.lv\/et\/wp-json\/wp\/v2\/product_cat?post=269674"},{"taxonomy":"product_tag","embeddable":true,"href":"https:\/\/lode.lv\/et\/wp-json\/wp\/v2\/product_tag?post=269674"}],"curies":[{"name":"wp","href":"https:\/\/api.w.org\/{rel}","templated":true}]}}