{"id":269659,"date":"2025-03-17T00:08:10","date_gmt":"2025-03-17T00:08:10","guid":{"rendered":"http:\/\/lode2025.local\/product\/andromeda-2\/"},"modified":"2025-05-07T04:11:40","modified_gmt":"2025-05-07T04:11:40","slug":"andromeda-2","status":"publish","type":"product","link":"https:\/\/lode.lv\/et\/shop\/fassaadi-jaoks\/fassaadi-telliskiviplaadid\/andromeda-2\/","title":{"rendered":"Andromeda"},"content":{"rendered":"<p>See fassaadikivi on julge ja v\u00e4ljendusrikas t\u00e4nu oma s\u00fcgavale punakaspruunile v\u00e4rvile ja sujuvale pinnale. See lisab fassaadile elegantsi ja vastupidavust, s\u00e4ilitades loomuliku ja eheda visuaalse efekti. ANDROMEDA toob suurep\u00e4raselt esile arhitektuurilised jooned ja sobib ideaalselt nii klassikaliste kui ka kaasaegsete hoonete jaoks.<\/p>\n","protected":false},"excerpt":{"rendered":"<p>Fassaadi katteplaat<\/p>\n","protected":false},"featured_media":272665,"template":"","meta":{"_acf_changed":false},"product_brand":[90],"product_cat":[552,554],"product_tag":[],"class_list":{"0":"post-269659","1":"product","2":"type-product","3":"status-publish","4":"has-post-thumbnail","6":"product_brand-lode","7":"product_cat-fassaadi-jaoks","8":"product_cat-fassaadi-telliskiviplaadid","10":"first","11":"instock","12":"purchasable","13":"product-type-simple"},"acf":[],"_links":{"self":[{"href":"https:\/\/lode.lv\/et\/wp-json\/wp\/v2\/product\/269659","targetHints":{"allow":["GET"]}}],"collection":[{"href":"https:\/\/lode.lv\/et\/wp-json\/wp\/v2\/product"}],"about":[{"href":"https:\/\/lode.lv\/et\/wp-json\/wp\/v2\/types\/product"}],"wp:featuredmedia":[{"embeddable":true,"href":"https:\/\/lode.lv\/et\/wp-json\/wp\/v2\/media\/272665"}],"wp:attachment":[{"href":"https:\/\/lode.lv\/et\/wp-json\/wp\/v2\/media?parent=269659"}],"wp:term":[{"taxonomy":"product_brand","embeddable":true,"href":"https:\/\/lode.lv\/et\/wp-json\/wp\/v2\/product_brand?post=269659"},{"taxonomy":"product_cat","embeddable":true,"href":"https:\/\/lode.lv\/et\/wp-json\/wp\/v2\/product_cat?post=269659"},{"taxonomy":"product_tag","embeddable":true,"href":"https:\/\/lode.lv\/et\/wp-json\/wp\/v2\/product_tag?post=269659"}],"curies":[{"name":"wp","href":"https:\/\/api.w.org\/{rel}","templated":true}]}}