{"id":269640,"date":"2025-03-17T00:08:10","date_gmt":"2025-03-17T00:08:10","guid":{"rendered":"http:\/\/lode2025.local\/product\/klassiline-3\/"},"modified":"2025-05-07T04:11:39","modified_gmt":"2025-05-07T04:11:39","slug":"klassiline-3","status":"publish","type":"product","link":"https:\/\/lode.lv\/et\/shop\/fassaadi-jaoks\/fassaadi-telliskiviplaadid\/klassiline-3\/","title":{"rendered":"CLASSIC"},"content":{"rendered":"<p>Fassaadi tellisplaadist \u00f5hkub klassikalist ja rafineeritud sarmi t\u00e4nu oma s\u00fcgavale punakaspruunile v\u00e4rvile ja sametisele retroh\u00f5ngulisele pinnale. \u00d5rnad tekstuurimuutused annavad fassaadile loomuliku kvaliteedi, samas kui soojad toonid sulanduvad sujuvalt nii traditsiooniliste kui ka kaasaegsete hoonetega. CLASSIC lisab hoonele mitte ainult iseloomu, vaid tagab ka p\u00fcsiva visuaalse esteetika ajas.<\/p>\n","protected":false},"excerpt":{"rendered":"<p>Fassaadi katteplaat<\/p>\n","protected":false},"featured_media":273209,"template":"","meta":{"_acf_changed":false},"product_brand":[103],"product_cat":[552,554],"product_tag":[],"class_list":{"0":"post-269640","1":"product","2":"type-product","3":"status-publish","4":"has-post-thumbnail","6":"product_brand-patoka","7":"product_cat-fassaadi-jaoks","8":"product_cat-fassaadi-telliskiviplaadid","10":"first","11":"instock","12":"purchasable","13":"product-type-simple"},"acf":[],"_links":{"self":[{"href":"https:\/\/lode.lv\/et\/wp-json\/wp\/v2\/product\/269640","targetHints":{"allow":["GET"]}}],"collection":[{"href":"https:\/\/lode.lv\/et\/wp-json\/wp\/v2\/product"}],"about":[{"href":"https:\/\/lode.lv\/et\/wp-json\/wp\/v2\/types\/product"}],"wp:featuredmedia":[{"embeddable":true,"href":"https:\/\/lode.lv\/et\/wp-json\/wp\/v2\/media\/273209"}],"wp:attachment":[{"href":"https:\/\/lode.lv\/et\/wp-json\/wp\/v2\/media?parent=269640"}],"wp:term":[{"taxonomy":"product_brand","embeddable":true,"href":"https:\/\/lode.lv\/et\/wp-json\/wp\/v2\/product_brand?post=269640"},{"taxonomy":"product_cat","embeddable":true,"href":"https:\/\/lode.lv\/et\/wp-json\/wp\/v2\/product_cat?post=269640"},{"taxonomy":"product_tag","embeddable":true,"href":"https:\/\/lode.lv\/et\/wp-json\/wp\/v2\/product_tag?post=269640"}],"curies":[{"name":"wp","href":"https:\/\/api.w.org\/{rel}","templated":true}]}}