{"id":269621,"date":"2025-03-17T00:13:54","date_gmt":"2025-03-17T00:13:54","guid":{"rendered":"http:\/\/lode2025.local\/product\/kaalud-kriipsutatud\/"},"modified":"2025-05-07T04:11:38","modified_gmt":"2025-05-07T04:11:38","slug":"kaalud-kriipsutatud","status":"publish","type":"product","link":"https:\/\/lode.lv\/et\/shop\/fassaadi-jaoks\/fassaadi-telliskiviplaadid\/kaalud-kriipsutatud\/","title":{"rendered":"Libra (scored)"},"content":{"rendered":"<p>LIBRA annab oma punase v\u00e4rvi ja reljeefse pinnaga fassaadile erilise tekstuuri ning s\u00fcgavuse. Selle telliskiviplaadi eba\u00fchtlane pind r\u00f5hutab materjali loomulikkust ja loob peene reljeefi, mis muudab selle ilmet s\u00f5ltuvalt valgustusest. See valik sobib ideaalselt neile, kes soovivad saavutada unikaalse ja v\u00e4ljendusrikka efekti.<\/p>\n","protected":false},"excerpt":{"rendered":"<p>Fassaadi kattrplaat<\/p>\n","protected":false},"featured_media":273213,"template":"","meta":{"_acf_changed":false},"product_brand":[90],"product_cat":[552,554],"product_tag":[],"class_list":{"0":"post-269621","1":"product","2":"type-product","3":"status-publish","4":"has-post-thumbnail","6":"product_brand-lode","7":"product_cat-fassaadi-jaoks","8":"product_cat-fassaadi-telliskiviplaadid","10":"first","11":"instock","12":"purchasable","13":"product-type-simple"},"acf":[],"_links":{"self":[{"href":"https:\/\/lode.lv\/et\/wp-json\/wp\/v2\/product\/269621","targetHints":{"allow":["GET"]}}],"collection":[{"href":"https:\/\/lode.lv\/et\/wp-json\/wp\/v2\/product"}],"about":[{"href":"https:\/\/lode.lv\/et\/wp-json\/wp\/v2\/types\/product"}],"wp:featuredmedia":[{"embeddable":true,"href":"https:\/\/lode.lv\/et\/wp-json\/wp\/v2\/media\/273213"}],"wp:attachment":[{"href":"https:\/\/lode.lv\/et\/wp-json\/wp\/v2\/media?parent=269621"}],"wp:term":[{"taxonomy":"product_brand","embeddable":true,"href":"https:\/\/lode.lv\/et\/wp-json\/wp\/v2\/product_brand?post=269621"},{"taxonomy":"product_cat","embeddable":true,"href":"https:\/\/lode.lv\/et\/wp-json\/wp\/v2\/product_cat?post=269621"},{"taxonomy":"product_tag","embeddable":true,"href":"https:\/\/lode.lv\/et\/wp-json\/wp\/v2\/product_tag?post=269621"}],"curies":[{"name":"wp","href":"https:\/\/api.w.org\/{rel}","templated":true}]}}