{"id":269619,"date":"2025-03-17T00:13:54","date_gmt":"2025-03-17T00:13:54","guid":{"rendered":"http:\/\/lode2025.local\/product\/pound-2\/"},"modified":"2025-05-07T04:11:37","modified_gmt":"2025-05-07T04:11:37","slug":"pound-2","status":"publish","type":"product","link":"https:\/\/lode.lv\/et\/shop\/fassaadi-jaoks\/fassaadi-telliskiviplaadid\/pound-2\/","title":{"rendered":"Libra"},"content":{"rendered":"<p>Punane toon koos kergelt teksturse sileda pinnaga annab LIBRA tellisplaatidele elegantse ja moodsa ilme, mis sulandub sujuvalt erinevatesse fassaadilahendustesse. See tagab vastupidava ja ilmastikukindla viimistluse, s\u00e4ilitades aja jooksul v\u00e4rvi s\u00fcgavuse.<\/p>\n","protected":false},"excerpt":{"rendered":"<p>Fassaadi kattrplaat<\/p>\n","protected":false},"featured_media":273233,"template":"","meta":{"_acf_changed":false},"product_brand":[90],"product_cat":[552,554],"product_tag":[],"class_list":{"0":"post-269619","1":"product","2":"type-product","3":"status-publish","4":"has-post-thumbnail","6":"product_brand-lode","7":"product_cat-fassaadi-jaoks","8":"product_cat-fassaadi-telliskiviplaadid","10":"first","11":"instock","12":"purchasable","13":"product-type-simple"},"acf":[],"_links":{"self":[{"href":"https:\/\/lode.lv\/et\/wp-json\/wp\/v2\/product\/269619","targetHints":{"allow":["GET"]}}],"collection":[{"href":"https:\/\/lode.lv\/et\/wp-json\/wp\/v2\/product"}],"about":[{"href":"https:\/\/lode.lv\/et\/wp-json\/wp\/v2\/types\/product"}],"wp:featuredmedia":[{"embeddable":true,"href":"https:\/\/lode.lv\/et\/wp-json\/wp\/v2\/media\/273233"}],"wp:attachment":[{"href":"https:\/\/lode.lv\/et\/wp-json\/wp\/v2\/media?parent=269619"}],"wp:term":[{"taxonomy":"product_brand","embeddable":true,"href":"https:\/\/lode.lv\/et\/wp-json\/wp\/v2\/product_brand?post=269619"},{"taxonomy":"product_cat","embeddable":true,"href":"https:\/\/lode.lv\/et\/wp-json\/wp\/v2\/product_cat?post=269619"},{"taxonomy":"product_tag","embeddable":true,"href":"https:\/\/lode.lv\/et\/wp-json\/wp\/v2\/product_tag?post=269619"}],"curies":[{"name":"wp","href":"https:\/\/api.w.org\/{rel}","templated":true}]}}