{"id":269615,"date":"2025-03-17T00:13:54","date_gmt":"2025-03-17T00:13:54","guid":{"rendered":"http:\/\/lode2025.local\/product\/pound\/"},"modified":"2025-05-07T04:11:37","modified_gmt":"2025-05-07T04:11:37","slug":"pound","status":"publish","type":"product","link":"https:\/\/lode.lv\/et\/shop\/fassaadi-jaoks\/fassaadi-telliskiviplaadid\/nurga-viimistlusplaadid-tellistest\/pound\/","title":{"rendered":"Libra"},"content":{"rendered":"<p>LIBRA nurgatellised s\u00e4ilitavad LIBRA punase tooni ja sileda tekstuuri, tagades sujuva \u00fclemineku fassaadi nurkades. Need aitavad s\u00e4ilitada arhitektuurilist \u00fchtsust ja pakuvad t\u00e4pseid, viimistletud nurgalahendusi, mis t\u00f5stavad fassaadi esteetilist kvaliteeti.<\/p>\n","protected":false},"excerpt":{"rendered":"<p>Nurgafassaadi voodriplokk<\/p>\n","protected":false},"featured_media":273233,"template":"","meta":{"_acf_changed":false},"product_brand":[90],"product_cat":[552,554,555],"product_tag":[],"class_list":{"0":"post-269615","1":"product","2":"type-product","3":"status-publish","4":"has-post-thumbnail","6":"product_brand-lode","7":"product_cat-fassaadi-jaoks","8":"product_cat-fassaadi-telliskiviplaadid","9":"product_cat-nurga-viimistlusplaadid-tellistest","11":"first","12":"instock","13":"purchasable","14":"product-type-simple"},"acf":[],"_links":{"self":[{"href":"https:\/\/lode.lv\/et\/wp-json\/wp\/v2\/product\/269615","targetHints":{"allow":["GET"]}}],"collection":[{"href":"https:\/\/lode.lv\/et\/wp-json\/wp\/v2\/product"}],"about":[{"href":"https:\/\/lode.lv\/et\/wp-json\/wp\/v2\/types\/product"}],"wp:featuredmedia":[{"embeddable":true,"href":"https:\/\/lode.lv\/et\/wp-json\/wp\/v2\/media\/273233"}],"wp:attachment":[{"href":"https:\/\/lode.lv\/et\/wp-json\/wp\/v2\/media?parent=269615"}],"wp:term":[{"taxonomy":"product_brand","embeddable":true,"href":"https:\/\/lode.lv\/et\/wp-json\/wp\/v2\/product_brand?post=269615"},{"taxonomy":"product_cat","embeddable":true,"href":"https:\/\/lode.lv\/et\/wp-json\/wp\/v2\/product_cat?post=269615"},{"taxonomy":"product_tag","embeddable":true,"href":"https:\/\/lode.lv\/et\/wp-json\/wp\/v2\/product_tag?post=269615"}],"curies":[{"name":"wp","href":"https:\/\/api.w.org\/{rel}","templated":true}]}}