{"id":269614,"date":"2025-03-17T00:13:54","date_gmt":"2025-03-17T00:13:54","guid":{"rendered":"http:\/\/lode2025.local\/product\/saturn\/"},"modified":"2025-05-07T04:11:37","modified_gmt":"2025-05-07T04:11:37","slug":"saturn","status":"publish","type":"product","link":"https:\/\/lode.lv\/et\/shop\/fassaadi-jaoks\/fassaadi-telliskiviplaadid\/saturn\/","title":{"rendered":"Saturn"},"content":{"rendered":"<p>SATURN paistab silma tumehalli tooni ja sileda pinnaga, pakkudes minimalistlikku ning t\u00f6\u00f6stuslikku ilmet. Selle k\u00fclm toon annab fassaadile kaasaegse ja struktuurse iseloomu, muutes selle  kaasaegsete arhitektuuriliste lahenduste jaoks ideaalselt sobivaks. Sile pind t\u00e4iustab fassaadi puhtaid jooni ja r\u00f5hutab valguse ning varju m\u00e4ngu.<\/p>\n","protected":false},"excerpt":{"rendered":"<p>Fassaadi katteplaat<\/p>\n","protected":false},"featured_media":273137,"template":"","meta":{"_acf_changed":false},"product_brand":[90],"product_cat":[552,554],"product_tag":[],"class_list":{"0":"post-269614","1":"product","2":"type-product","3":"status-publish","4":"has-post-thumbnail","6":"product_brand-lode","7":"product_cat-fassaadi-jaoks","8":"product_cat-fassaadi-telliskiviplaadid","10":"first","11":"instock","12":"purchasable","13":"product-type-simple"},"acf":[],"_links":{"self":[{"href":"https:\/\/lode.lv\/et\/wp-json\/wp\/v2\/product\/269614","targetHints":{"allow":["GET"]}}],"collection":[{"href":"https:\/\/lode.lv\/et\/wp-json\/wp\/v2\/product"}],"about":[{"href":"https:\/\/lode.lv\/et\/wp-json\/wp\/v2\/types\/product"}],"wp:featuredmedia":[{"embeddable":true,"href":"https:\/\/lode.lv\/et\/wp-json\/wp\/v2\/media\/273137"}],"wp:attachment":[{"href":"https:\/\/lode.lv\/et\/wp-json\/wp\/v2\/media?parent=269614"}],"wp:term":[{"taxonomy":"product_brand","embeddable":true,"href":"https:\/\/lode.lv\/et\/wp-json\/wp\/v2\/product_brand?post=269614"},{"taxonomy":"product_cat","embeddable":true,"href":"https:\/\/lode.lv\/et\/wp-json\/wp\/v2\/product_cat?post=269614"},{"taxonomy":"product_tag","embeddable":true,"href":"https:\/\/lode.lv\/et\/wp-json\/wp\/v2\/product_tag?post=269614"}],"curies":[{"name":"wp","href":"https:\/\/api.w.org\/{rel}","templated":true}]}}