{"id":269580,"date":"2025-03-17T00:13:54","date_gmt":"2025-03-17T00:13:54","guid":{"rendered":"http:\/\/lode2025.local\/product\/toba-2\/"},"modified":"2025-05-07T04:11:34","modified_gmt":"2025-05-07T04:11:34","slug":"toba-2","status":"publish","type":"product","link":"https:\/\/lode.lv\/et\/shop\/fassaadi-jaoks\/fassaadi-telliskiviplaadid\/toba-2\/","title":{"rendered":"TOBA"},"content":{"rendered":"<p>TOBA eristub rahuliku, kuid v\u00e4ljendusrikka tumehalli tooniga, mis edastab stabiilsuse ja modernsuse tunnet. Selle matt retropind koos tagasihoidliku tekstuuriga lisab fassaadile elegantsust ja vastupidavust. Telliskiviplaat sobitub h\u00e4sti t\u00f6\u00f6stusliku, minimalistliku ja skandinaavia stiiliga, luues arhitektuurilist \u00fchtsuse ja viimistletud visuaalse meeldivuse.<\/p>\n","protected":false},"excerpt":{"rendered":"<p>Fassaadi katteplaat<\/p>\n","protected":false},"featured_media":273221,"template":"","meta":{"_acf_changed":false},"product_brand":[103],"product_cat":[552,554],"product_tag":[],"class_list":{"0":"post-269580","1":"product","2":"type-product","3":"status-publish","4":"has-post-thumbnail","6":"product_brand-patoka","7":"product_cat-fassaadi-jaoks","8":"product_cat-fassaadi-telliskiviplaadid","10":"first","11":"instock","12":"purchasable","13":"product-type-simple"},"acf":[],"_links":{"self":[{"href":"https:\/\/lode.lv\/et\/wp-json\/wp\/v2\/product\/269580","targetHints":{"allow":["GET"]}}],"collection":[{"href":"https:\/\/lode.lv\/et\/wp-json\/wp\/v2\/product"}],"about":[{"href":"https:\/\/lode.lv\/et\/wp-json\/wp\/v2\/types\/product"}],"wp:featuredmedia":[{"embeddable":true,"href":"https:\/\/lode.lv\/et\/wp-json\/wp\/v2\/media\/273221"}],"wp:attachment":[{"href":"https:\/\/lode.lv\/et\/wp-json\/wp\/v2\/media?parent=269580"}],"wp:term":[{"taxonomy":"product_brand","embeddable":true,"href":"https:\/\/lode.lv\/et\/wp-json\/wp\/v2\/product_brand?post=269580"},{"taxonomy":"product_cat","embeddable":true,"href":"https:\/\/lode.lv\/et\/wp-json\/wp\/v2\/product_cat?post=269580"},{"taxonomy":"product_tag","embeddable":true,"href":"https:\/\/lode.lv\/et\/wp-json\/wp\/v2\/product_tag?post=269580"}],"curies":[{"name":"wp","href":"https:\/\/api.w.org\/{rel}","templated":true}]}}