{"id":269547,"date":"2025-03-17T01:02:34","date_gmt":"2025-03-17T01:02:34","guid":{"rendered":"http:\/\/lode2025.local\/product\/keraterm-44-2\/"},"modified":"2025-08-14T12:33:29","modified_gmt":"2025-08-14T12:33:29","slug":"keraterm-44-2","status":"publish","type":"product","link":"https:\/\/lode.lv\/et\/shop\/lode-ehitusplokid\/lode-keraterm-et\/keraterm-44-2\/","title":{"rendered":"Keraterm 44\/2"},"content":{"rendered":"<p>LODE Keraterm 44\/2 (poolplokk) on ette n\u00e4htud seinte, vaheseinte nurkade ja 440 mm paksuste seinte ehitamiseks. Need keraamilised plokid ei vaja plokkide l\u00f5ikamist. LODE Keraterm 44S saviplokid on LODE Keraterm 44 plokkide t\u00e4iendav osa. Neid plokke kasutatakse majade nurkade, ukse- ja aknaavade ehitamiseks ning vajadusel ehituse k\u00e4igus ridade viimistlemiseks.<\/p>\n","protected":false},"excerpt":{"rendered":"<p>Construction block<\/p>\n","protected":false},"featured_media":273273,"template":"","meta":{"_acf_changed":false},"product_brand":[],"product_cat":[531,520,516],"product_tag":[],"class_list":{"0":"post-269547","1":"product","2":"type-product","3":"status-publish","4":"has-post-thumbnail","6":"product_cat-ehituseks","7":"product_cat-lode-ehitusplokid","8":"product_cat-lode-keraterm-et","10":"first","11":"instock","12":"product-type-simple"},"acf":[],"_links":{"self":[{"href":"https:\/\/lode.lv\/et\/wp-json\/wp\/v2\/product\/269547","targetHints":{"allow":["GET"]}}],"collection":[{"href":"https:\/\/lode.lv\/et\/wp-json\/wp\/v2\/product"}],"about":[{"href":"https:\/\/lode.lv\/et\/wp-json\/wp\/v2\/types\/product"}],"wp:featuredmedia":[{"embeddable":true,"href":"https:\/\/lode.lv\/et\/wp-json\/wp\/v2\/media\/273273"}],"wp:attachment":[{"href":"https:\/\/lode.lv\/et\/wp-json\/wp\/v2\/media?parent=269547"}],"wp:term":[{"taxonomy":"product_brand","embeddable":true,"href":"https:\/\/lode.lv\/et\/wp-json\/wp\/v2\/product_brand?post=269547"},{"taxonomy":"product_cat","embeddable":true,"href":"https:\/\/lode.lv\/et\/wp-json\/wp\/v2\/product_cat?post=269547"},{"taxonomy":"product_tag","embeddable":true,"href":"https:\/\/lode.lv\/et\/wp-json\/wp\/v2\/product_tag?post=269547"}],"curies":[{"name":"wp","href":"https:\/\/api.w.org\/{rel}","templated":true}]}}