{"id":269542,"date":"2025-03-17T01:02:34","date_gmt":"2025-03-17T01:02:34","guid":{"rendered":"http:\/\/lode2025.local\/product\/keraterm-38\/"},"modified":"2025-08-14T12:33:28","modified_gmt":"2025-08-14T12:33:28","slug":"keraterm-38","status":"publish","type":"product","link":"https:\/\/lode.lv\/et\/shop\/lode-ehitusplokid\/lode-keraterm-et\/keraterm-38\/","title":{"rendered":"Keraterm 38"},"content":{"rendered":"<p>LODE Keraterm 38 on suurep\u00e4rane valik neile, kes soovivad ehitada energias\u00e4\u00e4stlikke ja j\u00e4tkusuutlikke hooneid. Need plokid v\u00f5imaldavad suurt soojusisolatsiooni ja nende keraamilise materjali looduslikud omadused aitavad s\u00e4ilitada siseruumide optimaalse niiskustaseme, soodustades tervislikku ja meeldivat sisekliimat. Keraterm 38 sobib elamute (ja muud t\u00fc\u00fcpi hoonete) kandvate v\u00e4lisseinte nurkade ja \u00fchenduskohtade ehitamiseks.<\/p>\n","protected":false},"excerpt":{"rendered":"<p>Ehitusplokk<\/p>\n","protected":false},"featured_media":273309,"template":"","meta":{"_acf_changed":false},"product_brand":[],"product_cat":[531,520,516],"product_tag":[],"class_list":{"0":"post-269542","1":"product","2":"type-product","3":"status-publish","4":"has-post-thumbnail","6":"product_cat-ehituseks","7":"product_cat-lode-ehitusplokid","8":"product_cat-lode-keraterm-et","10":"first","11":"instock","12":"product-type-simple"},"acf":[],"_links":{"self":[{"href":"https:\/\/lode.lv\/et\/wp-json\/wp\/v2\/product\/269542","targetHints":{"allow":["GET"]}}],"collection":[{"href":"https:\/\/lode.lv\/et\/wp-json\/wp\/v2\/product"}],"about":[{"href":"https:\/\/lode.lv\/et\/wp-json\/wp\/v2\/types\/product"}],"wp:featuredmedia":[{"embeddable":true,"href":"https:\/\/lode.lv\/et\/wp-json\/wp\/v2\/media\/273309"}],"wp:attachment":[{"href":"https:\/\/lode.lv\/et\/wp-json\/wp\/v2\/media?parent=269542"}],"wp:term":[{"taxonomy":"product_brand","embeddable":true,"href":"https:\/\/lode.lv\/et\/wp-json\/wp\/v2\/product_brand?post=269542"},{"taxonomy":"product_cat","embeddable":true,"href":"https:\/\/lode.lv\/et\/wp-json\/wp\/v2\/product_cat?post=269542"},{"taxonomy":"product_tag","embeddable":true,"href":"https:\/\/lode.lv\/et\/wp-json\/wp\/v2\/product_tag?post=269542"}],"curies":[{"name":"wp","href":"https:\/\/api.w.org\/{rel}","templated":true}]}}