{"id":269540,"date":"2025-03-17T01:02:34","date_gmt":"2025-03-17T01:02:34","guid":{"rendered":"http:\/\/lode2025.local\/product\/keraterm-44\/"},"modified":"2025-08-14T12:33:28","modified_gmt":"2025-08-14T12:33:28","slug":"keraterm-44","status":"publish","type":"product","link":"https:\/\/lode.lv\/et\/shop\/lode-ehitusplokid\/lode-keraterm-et\/keraterm-44\/","title":{"rendered":"Keraterm 44"},"content":{"rendered":"<p>LODE Keraterm 44 on loodud maksimaalse soojusisolatsiooni ja energiat\u00f5hususe saavutamiseks. T\u00e4nu oma struktuurile v\u00f5imaldavad need plokid m\u00e4rkimisv\u00e4\u00e4rset soojuse kokkuhoidu, v\u00e4hendades vajadust t\u00e4iendavate isolatsioonimaterjalide j\u00e4rele. See sobib eriti h\u00e4sti passiivmajade ja madala energiatarbega hoonete ehitamiseks. Plokkide suur mehaaniline tugevus tagab pikaajalise stabiilsuse, samas kui nende k\u00e4rgstruktuur aitab parandada heliisolatsiooni, tagades vaikse ja mugava elukeskkonna. LODE Keraterm 44 sobib kandvate v\u00e4lisseinte nurkade ja \u00fchenduskohtade ehitamiseks.<\/p>\n","protected":false},"excerpt":{"rendered":"<p>Ehitusplokk<\/p>\n","protected":false},"featured_media":273277,"template":"","meta":{"_acf_changed":false},"product_brand":[],"product_cat":[531,520,516],"product_tag":[],"class_list":{"0":"post-269540","1":"product","2":"type-product","3":"status-publish","4":"has-post-thumbnail","6":"product_cat-ehituseks","7":"product_cat-lode-ehitusplokid","8":"product_cat-lode-keraterm-et","10":"first","11":"instock","12":"product-type-simple"},"acf":[],"_links":{"self":[{"href":"https:\/\/lode.lv\/et\/wp-json\/wp\/v2\/product\/269540","targetHints":{"allow":["GET"]}}],"collection":[{"href":"https:\/\/lode.lv\/et\/wp-json\/wp\/v2\/product"}],"about":[{"href":"https:\/\/lode.lv\/et\/wp-json\/wp\/v2\/types\/product"}],"wp:featuredmedia":[{"embeddable":true,"href":"https:\/\/lode.lv\/et\/wp-json\/wp\/v2\/media\/273277"}],"wp:attachment":[{"href":"https:\/\/lode.lv\/et\/wp-json\/wp\/v2\/media?parent=269540"}],"wp:term":[{"taxonomy":"product_brand","embeddable":true,"href":"https:\/\/lode.lv\/et\/wp-json\/wp\/v2\/product_brand?post=269540"},{"taxonomy":"product_cat","embeddable":true,"href":"https:\/\/lode.lv\/et\/wp-json\/wp\/v2\/product_cat?post=269540"},{"taxonomy":"product_tag","embeddable":true,"href":"https:\/\/lode.lv\/et\/wp-json\/wp\/v2\/product_tag?post=269540"}],"curies":[{"name":"wp","href":"https:\/\/api.w.org\/{rel}","templated":true}]}}