{"id":269527,"date":"2025-03-17T01:02:34","date_gmt":"2025-03-17T01:02:34","guid":{"rendered":"http:\/\/lode2025.local\/product\/caurumotie\/"},"modified":"2025-08-14T12:33:27","modified_gmt":"2025-08-14T12:33:27","slug":"caurumotie","status":"publish","type":"product","link":"https:\/\/lode.lv\/et\/shop\/ehituseks\/ehituskivid\/caurumotie\/","title":{"rendered":"Perforeeritud"},"content":{"rendered":"<p>Ehitustellised on v\u00e4ga tugevad ja neid kasutatakse m\u00fc\u00fcritisseintes. Ehitustelliseid ei soovitata kasutada piirkondades, kus need on otseselt ilmastikum\u00f5ju k\u00e4es, n\u00e4iteks korstnap\u00e4ised, aiapostid, eraldiseisvad konstruktsioonid jne.<\/p>\n","protected":false},"excerpt":{"rendered":"<p>Ehitustellised<\/p>\n","protected":false},"featured_media":273637,"template":"","meta":{"_acf_changed":false},"product_brand":[],"product_cat":[531,540],"product_tag":[],"class_list":{"0":"post-269527","1":"product","2":"type-product","3":"status-publish","4":"has-post-thumbnail","6":"product_cat-ehituseks","7":"product_cat-ehituskivid","9":"first","10":"instock","11":"purchasable","12":"product-type-simple"},"acf":[],"_links":{"self":[{"href":"https:\/\/lode.lv\/et\/wp-json\/wp\/v2\/product\/269527","targetHints":{"allow":["GET"]}}],"collection":[{"href":"https:\/\/lode.lv\/et\/wp-json\/wp\/v2\/product"}],"about":[{"href":"https:\/\/lode.lv\/et\/wp-json\/wp\/v2\/types\/product"}],"wp:featuredmedia":[{"embeddable":true,"href":"https:\/\/lode.lv\/et\/wp-json\/wp\/v2\/media\/273637"}],"wp:attachment":[{"href":"https:\/\/lode.lv\/et\/wp-json\/wp\/v2\/media?parent=269527"}],"wp:term":[{"taxonomy":"product_brand","embeddable":true,"href":"https:\/\/lode.lv\/et\/wp-json\/wp\/v2\/product_brand?post=269527"},{"taxonomy":"product_cat","embeddable":true,"href":"https:\/\/lode.lv\/et\/wp-json\/wp\/v2\/product_cat?post=269527"},{"taxonomy":"product_tag","embeddable":true,"href":"https:\/\/lode.lv\/et\/wp-json\/wp\/v2\/product_tag?post=269527"}],"curies":[{"name":"wp","href":"https:\/\/api.w.org\/{rel}","templated":true}]}}