{"id":269521,"date":"2025-03-17T01:02:34","date_gmt":"2025-03-17T01:02:34","guid":{"rendered":"http:\/\/lode2025.local\/product\/keraterm-30\/"},"modified":"2025-08-14T12:33:26","modified_gmt":"2025-08-14T12:33:26","slug":"keraterm-30","status":"publish","type":"product","link":"https:\/\/lode.lv\/et\/shop\/lode-ehitusplokid\/lode-keraterm-et\/keraterm-30\/","title":{"rendered":"Keraterm 30"},"content":{"rendered":"<p>KERATERM saviplokid on tunnustatud ja laialdaselt kasutusel olnud ehituses kogu Ida-Euroopas juba aastak\u00fcmneid. \u00dcle 40% elamispindadest ja eramajadest on ehitatud kasutades seda ehitusmaterjali. Seinaplokkide tootmiseks kasutatakse k\u00f5rgekvaliteedilisi tooraineid ja tipptasemel tootmistehnoloogiaid. Need ehitusplokid on p\u00e4lvinud arhitektide, ehitusinseneride ja ehitajate tunnustuse, mida kinnitavad j\u00e4rjepidevalt uued ehitusprojektid, kus kasutatakse KERATERMi \u00f5\u00f5nsaid saviplokke.<\/p>\n","protected":false},"excerpt":{"rendered":"<p>Ehitusplokk<\/p>\n","protected":false},"featured_media":273297,"template":"","meta":{"_acf_changed":false},"product_brand":[],"product_cat":[531,520,516],"product_tag":[],"class_list":{"0":"post-269521","1":"product","2":"type-product","3":"status-publish","4":"has-post-thumbnail","6":"product_cat-ehituseks","7":"product_cat-lode-ehitusplokid","8":"product_cat-lode-keraterm-et","10":"first","11":"instock","12":"product-type-simple"},"acf":[],"_links":{"self":[{"href":"https:\/\/lode.lv\/et\/wp-json\/wp\/v2\/product\/269521","targetHints":{"allow":["GET"]}}],"collection":[{"href":"https:\/\/lode.lv\/et\/wp-json\/wp\/v2\/product"}],"about":[{"href":"https:\/\/lode.lv\/et\/wp-json\/wp\/v2\/types\/product"}],"wp:featuredmedia":[{"embeddable":true,"href":"https:\/\/lode.lv\/et\/wp-json\/wp\/v2\/media\/273297"}],"wp:attachment":[{"href":"https:\/\/lode.lv\/et\/wp-json\/wp\/v2\/media?parent=269521"}],"wp:term":[{"taxonomy":"product_brand","embeddable":true,"href":"https:\/\/lode.lv\/et\/wp-json\/wp\/v2\/product_brand?post=269521"},{"taxonomy":"product_cat","embeddable":true,"href":"https:\/\/lode.lv\/et\/wp-json\/wp\/v2\/product_cat?post=269521"},{"taxonomy":"product_tag","embeddable":true,"href":"https:\/\/lode.lv\/et\/wp-json\/wp\/v2\/product_tag?post=269521"}],"curies":[{"name":"wp","href":"https:\/\/api.w.org\/{rel}","templated":true}]}}