{"id":269520,"date":"2025-03-17T01:02:34","date_gmt":"2025-03-17T01:02:34","guid":{"rendered":"http:\/\/lode2025.local\/product\/keraterm-188\/"},"modified":"2025-08-14T12:33:26","modified_gmt":"2025-08-14T12:33:26","slug":"keraterm-188","status":"publish","type":"product","link":"https:\/\/lode.lv\/et\/shop\/lode-ehitusplokid\/lode-keraterm-et\/keraterm-188\/","title":{"rendered":"Keraterm 18,8"},"content":{"rendered":"<p>LODE Keraterm 18.8 on m\u00e4eldud v\u00e4ikeste \u00fchekorruseliste hoonete v\u00e4lisseintele. N\u00f5utav on 150 mm paksune soojusisolatsioonikiht. See sobib ka sisemiste kandvate vaheseinte jaoks. Sobib vaheseinteks v\u00f5i \u00f6konoomse lahendusena v\u00e4lisseinteks, millel on v\u00e4hemalt 150 mm soojusisolatsioonikiht (mineraalvill v\u00f5i paisutatud pol\u00fcst\u00fcreen). 18,8 cm paksuseid plokke soovitatakse kasutada kandvate seinakonstruktsioonide materjalina hoonetes, mis ei ole raskete koormuste all ja kus kasutatakse puidust v\u00f5i monoliitseid raudbetoonplaate.<\/p>\n","protected":false},"excerpt":{"rendered":"<p>Ehitusplokk<\/p>\n","protected":false},"featured_media":273293,"template":"","meta":{"_acf_changed":false},"product_brand":[],"product_cat":[531,520,516],"product_tag":[],"class_list":{"0":"post-269520","1":"product","2":"type-product","3":"status-publish","4":"has-post-thumbnail","6":"product_cat-ehituseks","7":"product_cat-lode-ehitusplokid","8":"product_cat-lode-keraterm-et","10":"first","11":"instock","12":"product-type-simple"},"acf":[],"_links":{"self":[{"href":"https:\/\/lode.lv\/et\/wp-json\/wp\/v2\/product\/269520","targetHints":{"allow":["GET"]}}],"collection":[{"href":"https:\/\/lode.lv\/et\/wp-json\/wp\/v2\/product"}],"about":[{"href":"https:\/\/lode.lv\/et\/wp-json\/wp\/v2\/types\/product"}],"wp:featuredmedia":[{"embeddable":true,"href":"https:\/\/lode.lv\/et\/wp-json\/wp\/v2\/media\/273293"}],"wp:attachment":[{"href":"https:\/\/lode.lv\/et\/wp-json\/wp\/v2\/media?parent=269520"}],"wp:term":[{"taxonomy":"product_brand","embeddable":true,"href":"https:\/\/lode.lv\/et\/wp-json\/wp\/v2\/product_brand?post=269520"},{"taxonomy":"product_cat","embeddable":true,"href":"https:\/\/lode.lv\/et\/wp-json\/wp\/v2\/product_cat?post=269520"},{"taxonomy":"product_tag","embeddable":true,"href":"https:\/\/lode.lv\/et\/wp-json\/wp\/v2\/product_tag?post=269520"}],"curies":[{"name":"wp","href":"https:\/\/api.w.org\/{rel}","templated":true}]}}