{"id":269514,"date":"2025-03-17T01:18:49","date_gmt":"2025-03-17T01:18:49","guid":{"rendered":"http:\/\/lode2025.local\/product\/keraterm-50\/"},"modified":"2025-08-14T12:33:25","modified_gmt":"2025-08-14T12:33:25","slug":"keraterm-50","status":"publish","type":"product","link":"https:\/\/lode.lv\/et\/shop\/lode-ehitusplokid\/lode-keraterm-et\/keraterm-50\/","title":{"rendered":"Keraterm 50"},"content":{"rendered":"<p>LODE Keraterm 50 on vastupidav ja t\u00f5hus lahendus neile, kes soovivad maksimaalset soojusisolatsiooni ilma lisaisolatsioonimaterjalideta. T\u00e4nu ploki paksusele tagab see erakordse energiat\u00f5hususe, v\u00e4hendades oluliselt soojuskadu ja k\u00fcttekulusid. See plokk on ideaalne kandvate v\u00e4lisseinte ehitamiseks elamutes ja muudes hoonetes, kus on oluline nii ehitise vastupidavus kui ka mugav mikrokliima. LODE Keraterm 50 pakub suurep\u00e4rast heliisolatsiooni, parandades eluruumi rahu ja mugavust.<\/p>\n","protected":false},"excerpt":{"rendered":"<p>Ehitusplokk<\/p>\n","protected":false},"featured_media":273281,"template":"","meta":{"_acf_changed":false},"product_brand":[],"product_cat":[531,520,516],"product_tag":[],"class_list":{"0":"post-269514","1":"product","2":"type-product","3":"status-publish","4":"has-post-thumbnail","6":"product_cat-ehituseks","7":"product_cat-lode-ehitusplokid","8":"product_cat-lode-keraterm-et","10":"first","11":"instock","12":"product-type-simple"},"acf":[],"_links":{"self":[{"href":"https:\/\/lode.lv\/et\/wp-json\/wp\/v2\/product\/269514","targetHints":{"allow":["GET"]}}],"collection":[{"href":"https:\/\/lode.lv\/et\/wp-json\/wp\/v2\/product"}],"about":[{"href":"https:\/\/lode.lv\/et\/wp-json\/wp\/v2\/types\/product"}],"wp:featuredmedia":[{"embeddable":true,"href":"https:\/\/lode.lv\/et\/wp-json\/wp\/v2\/media\/273281"}],"wp:attachment":[{"href":"https:\/\/lode.lv\/et\/wp-json\/wp\/v2\/media?parent=269514"}],"wp:term":[{"taxonomy":"product_brand","embeddable":true,"href":"https:\/\/lode.lv\/et\/wp-json\/wp\/v2\/product_brand?post=269514"},{"taxonomy":"product_cat","embeddable":true,"href":"https:\/\/lode.lv\/et\/wp-json\/wp\/v2\/product_cat?post=269514"},{"taxonomy":"product_tag","embeddable":true,"href":"https:\/\/lode.lv\/et\/wp-json\/wp\/v2\/product_tag?post=269514"}],"curies":[{"name":"wp","href":"https:\/\/api.w.org\/{rel}","templated":true}]}}