{"id":269501,"date":"2025-03-17T01:34:23","date_gmt":"2025-03-17T01:34:23","guid":{"rendered":"http:\/\/lode2025.local\/product\/master-25\/"},"modified":"2025-08-14T12:33:25","modified_gmt":"2025-08-14T12:33:25","slug":"master-25","status":"publish","type":"product","link":"https:\/\/lode.lv\/et\/shop\/lode-ehitusplokid\/lode-master-et\/master-25\/","title":{"rendered":"LODE MASTER 25"},"content":{"rendered":"<p>LODE Master 25 on mitmek\u00fclgne keraamiline plokk, mis on m\u00f5eldud kandvate ja vaheseinte ehitamiseks. Selle optimaalne suurus ja k\u00e4rjeline struktuur soodustavad energiat\u00f5husaid ehitust\u00f6id, v\u00e4hendades soojuskadu. LODE Master 25 tagab suurep\u00e4rase heliisolatsiooni ja struktuurse stabiilsuse, mis on h\u00e4davajalikud mugava ning turvalise elukeskkonna jaoks.<\/p>\n","protected":false},"excerpt":{"rendered":"<p>Construction block<\/p>\n","protected":false},"featured_media":273261,"template":"","meta":{"_acf_changed":false},"product_brand":[173],"product_cat":[531,520,532],"product_tag":[],"class_list":{"0":"post-269501","1":"product","2":"type-product","3":"status-publish","4":"has-post-thumbnail","6":"product_brand-lode-master","7":"product_cat-ehituseks","8":"product_cat-lode-ehitusplokid","9":"product_cat-lode-master-et","11":"first","12":"instock","13":"product-type-simple"},"acf":[],"_links":{"self":[{"href":"https:\/\/lode.lv\/et\/wp-json\/wp\/v2\/product\/269501","targetHints":{"allow":["GET"]}}],"collection":[{"href":"https:\/\/lode.lv\/et\/wp-json\/wp\/v2\/product"}],"about":[{"href":"https:\/\/lode.lv\/et\/wp-json\/wp\/v2\/types\/product"}],"wp:featuredmedia":[{"embeddable":true,"href":"https:\/\/lode.lv\/et\/wp-json\/wp\/v2\/media\/273261"}],"wp:attachment":[{"href":"https:\/\/lode.lv\/et\/wp-json\/wp\/v2\/media?parent=269501"}],"wp:term":[{"taxonomy":"product_brand","embeddable":true,"href":"https:\/\/lode.lv\/et\/wp-json\/wp\/v2\/product_brand?post=269501"},{"taxonomy":"product_cat","embeddable":true,"href":"https:\/\/lode.lv\/et\/wp-json\/wp\/v2\/product_cat?post=269501"},{"taxonomy":"product_tag","embeddable":true,"href":"https:\/\/lode.lv\/et\/wp-json\/wp\/v2\/product_tag?post=269501"}],"curies":[{"name":"wp","href":"https:\/\/api.w.org\/{rel}","templated":true}]}}