{"id":269500,"date":"2025-03-17T01:34:23","date_gmt":"2025-03-17T01:34:23","guid":{"rendered":"http:\/\/lode2025.local\/product\/kaptenilaev-188\/"},"modified":"2025-08-14T12:33:24","modified_gmt":"2025-08-14T12:33:24","slug":"kaptenilaev-188","status":"publish","type":"product","link":"https:\/\/lode.lv\/et\/shop\/lode-ehitusplokid\/lode-master-et\/kaptenilaev-188\/","title":{"rendered":"LODE MASTER 18.8"},"content":{"rendered":"<p>LODE Master 18.8 sobib nii v\u00e4lisseinteks kui ka sisemisteks kandvateks vaheseinteks madalates hoonetes. T\u00e4nu oma konstruktsioonile tagab see suure tugevuse, v\u00f5imaldades samas lihtsat paigaldamist ja kiiret ehitusprotsessi. Optimaalse energiat\u00f5hususe saavutamiseks on soovitatav seda kombineerida v\u00e4hemalt 150 mm paksuse soojusisolatsiooniga.<\/p>\n","protected":false},"excerpt":{"rendered":"<p>Construction block<\/p>\n","protected":false},"featured_media":273293,"template":"","meta":{"_acf_changed":false},"product_brand":[173],"product_cat":[531,520,532],"product_tag":[],"class_list":{"0":"post-269500","1":"product","2":"type-product","3":"status-publish","4":"has-post-thumbnail","6":"product_brand-lode-master","7":"product_cat-ehituseks","8":"product_cat-lode-ehitusplokid","9":"product_cat-lode-master-et","11":"first","12":"instock","13":"product-type-simple"},"acf":[],"_links":{"self":[{"href":"https:\/\/lode.lv\/et\/wp-json\/wp\/v2\/product\/269500","targetHints":{"allow":["GET"]}}],"collection":[{"href":"https:\/\/lode.lv\/et\/wp-json\/wp\/v2\/product"}],"about":[{"href":"https:\/\/lode.lv\/et\/wp-json\/wp\/v2\/types\/product"}],"wp:featuredmedia":[{"embeddable":true,"href":"https:\/\/lode.lv\/et\/wp-json\/wp\/v2\/media\/273293"}],"wp:attachment":[{"href":"https:\/\/lode.lv\/et\/wp-json\/wp\/v2\/media?parent=269500"}],"wp:term":[{"taxonomy":"product_brand","embeddable":true,"href":"https:\/\/lode.lv\/et\/wp-json\/wp\/v2\/product_brand?post=269500"},{"taxonomy":"product_cat","embeddable":true,"href":"https:\/\/lode.lv\/et\/wp-json\/wp\/v2\/product_cat?post=269500"},{"taxonomy":"product_tag","embeddable":true,"href":"https:\/\/lode.lv\/et\/wp-json\/wp\/v2\/product_tag?post=269500"}],"curies":[{"name":"wp","href":"https:\/\/api.w.org\/{rel}","templated":true}]}}