{"id":269495,"date":"2025-03-17T01:34:23","date_gmt":"2025-03-17T01:34:23","guid":{"rendered":"http:\/\/lode2025.local\/product\/master-30s\/"},"modified":"2025-08-14T12:33:23","modified_gmt":"2025-08-14T12:33:23","slug":"master-30s","status":"publish","type":"product","link":"https:\/\/lode.lv\/et\/shop\/lode-ehitusplokid\/lode-master-et\/master-30s\/","title":{"rendered":"LODE MASTER 30S"},"content":{"rendered":"<p>LODE Master 30S on loodud 300 mm paksuste seinte nurkade, ukse- ja aknaavade loomiseks. Selle lihvitud pind kiirendab ja lihtsustab ehitusprotsessi. LODE Master 30S on oluline element v\u00e4lisseinte ja vaheseinte kvaliteetseks ehitamiseks, tagades stabiilsuse ja t\u00e4pse l\u00f5pptulemuse.<\/p>\n","protected":false},"excerpt":{"rendered":"<p>Ehitusplokk<\/p>\n","protected":false},"featured_media":273297,"template":"","meta":{"_acf_changed":false},"product_brand":[173],"product_cat":[531,520,532],"product_tag":[],"class_list":{"0":"post-269495","1":"product","2":"type-product","3":"status-publish","4":"has-post-thumbnail","6":"product_brand-lode-master","7":"product_cat-ehituseks","8":"product_cat-lode-ehitusplokid","9":"product_cat-lode-master-et","11":"first","12":"instock","13":"product-type-simple"},"acf":[],"_links":{"self":[{"href":"https:\/\/lode.lv\/et\/wp-json\/wp\/v2\/product\/269495","targetHints":{"allow":["GET"]}}],"collection":[{"href":"https:\/\/lode.lv\/et\/wp-json\/wp\/v2\/product"}],"about":[{"href":"https:\/\/lode.lv\/et\/wp-json\/wp\/v2\/types\/product"}],"wp:featuredmedia":[{"embeddable":true,"href":"https:\/\/lode.lv\/et\/wp-json\/wp\/v2\/media\/273297"}],"wp:attachment":[{"href":"https:\/\/lode.lv\/et\/wp-json\/wp\/v2\/media?parent=269495"}],"wp:term":[{"taxonomy":"product_brand","embeddable":true,"href":"https:\/\/lode.lv\/et\/wp-json\/wp\/v2\/product_brand?post=269495"},{"taxonomy":"product_cat","embeddable":true,"href":"https:\/\/lode.lv\/et\/wp-json\/wp\/v2\/product_cat?post=269495"},{"taxonomy":"product_tag","embeddable":true,"href":"https:\/\/lode.lv\/et\/wp-json\/wp\/v2\/product_tag?post=269495"}],"curies":[{"name":"wp","href":"https:\/\/api.w.org\/{rel}","templated":true}]}}