{"id":269488,"date":"2025-03-17T01:34:23","date_gmt":"2025-03-17T01:34:23","guid":{"rendered":"http:\/\/lode2025.local\/product\/laevade-kapten-30-2\/"},"modified":"2025-08-14T12:33:24","modified_gmt":"2025-08-14T12:33:24","slug":"laevade-kapten-30-2","status":"publish","type":"product","link":"https:\/\/lode.lv\/et\/shop\/lode-ehitusplokid\/lode-master-et\/laevade-kapten-30-2\/","title":{"rendered":"LODE MASTER 30\/2"},"content":{"rendered":"<p>LODE Master 30\/2 on tugev ja mitmek\u00fclgne keraamiline blokk, mis sobib nii v\u00e4lis- kui ka sisemiste kandeseinte ehitamiseks. Ploki \u00f5\u00f5nes konstruktioon tagab t\u00f5husa soojusisolatsiooni, v\u00e4hendades soojuskadu ja parandades hoone energiat\u00f5husust. Ploki sile pind muudab ehitamise kiireks ja mugavaks, v\u00e4hendades materjalikulu ning t\u00f6\u00f6aega. Master 30\/2 seinad tagavad suurep\u00e4rase heliisolatsiooni ja s\u00e4ilitavad mugava sisekliima, reguleerides efektiivselt niiskustaset.<\/p>\n","protected":false},"excerpt":{"rendered":"<p>Ehitusplokk<\/p>\n","protected":false},"featured_media":273297,"template":"","meta":{"_acf_changed":false},"product_brand":[173],"product_cat":[531,520,532],"product_tag":[],"class_list":{"0":"post-269488","1":"product","2":"type-product","3":"status-publish","4":"has-post-thumbnail","6":"product_brand-lode-master","7":"product_cat-ehituseks","8":"product_cat-lode-ehitusplokid","9":"product_cat-lode-master-et","11":"first","12":"instock","13":"product-type-simple"},"acf":[],"_links":{"self":[{"href":"https:\/\/lode.lv\/et\/wp-json\/wp\/v2\/product\/269488","targetHints":{"allow":["GET"]}}],"collection":[{"href":"https:\/\/lode.lv\/et\/wp-json\/wp\/v2\/product"}],"about":[{"href":"https:\/\/lode.lv\/et\/wp-json\/wp\/v2\/types\/product"}],"wp:featuredmedia":[{"embeddable":true,"href":"https:\/\/lode.lv\/et\/wp-json\/wp\/v2\/media\/273297"}],"wp:attachment":[{"href":"https:\/\/lode.lv\/et\/wp-json\/wp\/v2\/media?parent=269488"}],"wp:term":[{"taxonomy":"product_brand","embeddable":true,"href":"https:\/\/lode.lv\/et\/wp-json\/wp\/v2\/product_brand?post=269488"},{"taxonomy":"product_cat","embeddable":true,"href":"https:\/\/lode.lv\/et\/wp-json\/wp\/v2\/product_cat?post=269488"},{"taxonomy":"product_tag","embeddable":true,"href":"https:\/\/lode.lv\/et\/wp-json\/wp\/v2\/product_tag?post=269488"}],"curies":[{"name":"wp","href":"https:\/\/api.w.org\/{rel}","templated":true}]}}