{"id":269481,"date":"2025-03-17T01:34:23","date_gmt":"2025-03-17T01:34:23","guid":{"rendered":"http:\/\/lode2025.local\/product\/master-44\/"},"modified":"2025-08-14T12:33:23","modified_gmt":"2025-08-14T12:33:23","slug":"master-44","status":"publish","type":"product","link":"https:\/\/lode.lv\/et\/shop\/lode-ehitusplokid\/lode-master-et\/master-44\/","title":{"rendered":"LODE MASTER 44"},"content":{"rendered":"<p>LODE Master 44 on keraamiline plokk, mis on m\u00f5eldud v\u00e4lis- ja siseseinte ehitamiseks. Selle koostis ja \u00f5\u00f5nes struktuur v\u00e4hendavad t\u00f5husalt soojuskadu, tagades energiat\u00f5husa ning mugava sisekliima. Optimaalse energiat\u00f5hususe saavutamiseks on ette n\u00e4htud plokki kasutada koos v\u00e4hemalt 150 mm paksuse soojusisolatsioonimaterjaliga (mineraalvill v\u00f5i vahtpol\u00fcst\u00fcreen). Keraamilise materjali loomulikud omadused v\u00f5imaldavad seintel t\u00f5husalt reguleerida niiskustasakaalu ja parandavad sise\u00f5hu kvaliteeti.<\/p>\n","protected":false},"excerpt":{"rendered":"<p>Ehitusplokk<\/p>\n","protected":false},"featured_media":273277,"template":"","meta":{"_acf_changed":false},"product_brand":[173],"product_cat":[531,520,532],"product_tag":[],"class_list":{"0":"post-269481","1":"product","2":"type-product","3":"status-publish","4":"has-post-thumbnail","6":"product_brand-lode-master","7":"product_cat-ehituseks","8":"product_cat-lode-ehitusplokid","9":"product_cat-lode-master-et","11":"first","12":"instock","13":"product-type-simple"},"acf":[],"_links":{"self":[{"href":"https:\/\/lode.lv\/et\/wp-json\/wp\/v2\/product\/269481","targetHints":{"allow":["GET"]}}],"collection":[{"href":"https:\/\/lode.lv\/et\/wp-json\/wp\/v2\/product"}],"about":[{"href":"https:\/\/lode.lv\/et\/wp-json\/wp\/v2\/types\/product"}],"wp:featuredmedia":[{"embeddable":true,"href":"https:\/\/lode.lv\/et\/wp-json\/wp\/v2\/media\/273277"}],"wp:attachment":[{"href":"https:\/\/lode.lv\/et\/wp-json\/wp\/v2\/media?parent=269481"}],"wp:term":[{"taxonomy":"product_brand","embeddable":true,"href":"https:\/\/lode.lv\/et\/wp-json\/wp\/v2\/product_brand?post=269481"},{"taxonomy":"product_cat","embeddable":true,"href":"https:\/\/lode.lv\/et\/wp-json\/wp\/v2\/product_cat?post=269481"},{"taxonomy":"product_tag","embeddable":true,"href":"https:\/\/lode.lv\/et\/wp-json\/wp\/v2\/product_tag?post=269481"}],"curies":[{"name":"wp","href":"https:\/\/api.w.org\/{rel}","templated":true}]}}