{"id":269480,"date":"2025-03-17T01:34:23","date_gmt":"2025-03-17T01:34:23","guid":{"rendered":"http:\/\/lode2025.local\/product\/master-38\/"},"modified":"2025-08-14T12:33:23","modified_gmt":"2025-08-14T12:33:23","slug":"master-38","status":"publish","type":"product","link":"https:\/\/lode.lv\/et\/shop\/lode-ehitusplokid\/lode-master-et\/master-38\/","title":{"rendered":"LODE MASTER 38"},"content":{"rendered":"<p>LODE Master 38 on keraamiline plokk, millel on suurep\u00e4rased soojusisolatsiooni ja mehaanilise tugevuse omadused, m\u00f5eldud energiat\u00f5husate v\u00e4lisseinte ehitamiseks. Selle 380 mm paksune struktuur v\u00e4hendab soojuskadu ja aitab hoida aastaringselt stabiilset sisetemperatuuri. Plokk sobib nii kande- kui ka mittekandeseinte ehitamiseks. Optimaalse energiat\u00f5hususe saavutamiseks on soovitatav lisaisolatsioon.<\/p>\n","protected":false},"excerpt":{"rendered":"<p>Ehitusplokk<\/p>\n","protected":false},"featured_media":273309,"template":"","meta":{"_acf_changed":false},"product_brand":[173],"product_cat":[531,520,532],"product_tag":[],"class_list":{"0":"post-269480","1":"product","2":"type-product","3":"status-publish","4":"has-post-thumbnail","6":"product_brand-lode-master","7":"product_cat-ehituseks","8":"product_cat-lode-ehitusplokid","9":"product_cat-lode-master-et","11":"first","12":"instock","13":"product-type-simple"},"acf":[],"_links":{"self":[{"href":"https:\/\/lode.lv\/et\/wp-json\/wp\/v2\/product\/269480","targetHints":{"allow":["GET"]}}],"collection":[{"href":"https:\/\/lode.lv\/et\/wp-json\/wp\/v2\/product"}],"about":[{"href":"https:\/\/lode.lv\/et\/wp-json\/wp\/v2\/types\/product"}],"wp:featuredmedia":[{"embeddable":true,"href":"https:\/\/lode.lv\/et\/wp-json\/wp\/v2\/media\/273309"}],"wp:attachment":[{"href":"https:\/\/lode.lv\/et\/wp-json\/wp\/v2\/media?parent=269480"}],"wp:term":[{"taxonomy":"product_brand","embeddable":true,"href":"https:\/\/lode.lv\/et\/wp-json\/wp\/v2\/product_brand?post=269480"},{"taxonomy":"product_cat","embeddable":true,"href":"https:\/\/lode.lv\/et\/wp-json\/wp\/v2\/product_cat?post=269480"},{"taxonomy":"product_tag","embeddable":true,"href":"https:\/\/lode.lv\/et\/wp-json\/wp\/v2\/product_tag?post=269480"}],"curies":[{"name":"wp","href":"https:\/\/api.w.org\/{rel}","templated":true}]}}