{"id":269467,"date":"2025-03-17T01:34:23","date_gmt":"2025-03-17T01:34:23","guid":{"rendered":"http:\/\/lode2025.local\/product\/master-50\/"},"modified":"2025-08-14T12:33:22","modified_gmt":"2025-08-14T12:33:22","slug":"master-50","status":"publish","type":"product","link":"https:\/\/lode.lv\/et\/shop\/lode-ehitusplokid\/lode-master-et\/master-50\/","title":{"rendered":"LODE MASTER 50"},"content":{"rendered":"<p>LODE Master 50 on vastupidav ja t\u00f5hus plokk, mis tagab maksimaalse soojusisolatsiooni ilma lisasoojustusmaterjalideta. Selle paksus tagab suurep\u00e4rase energiat\u00f5hususe, v\u00e4hendades oluliselt soojuskadu ja k\u00fcttekulusid. LODE Master 50 sobib elamute ja muude hoonete kandvate v\u00e4lisseinte ehitamiseks, tagades k\u00f5rge konstruktsioonilise tugevuse ja meeldiva sisekliima. Lisaks pakub plokk head heliisolatsiooni, muutes ruumid elamiseks vaiksemaks ja mugavamaks. <\/p>\n","protected":false},"excerpt":{"rendered":"<p>Ehitusplokk<\/p>\n","protected":false},"featured_media":273281,"template":"","meta":{"_acf_changed":false},"product_brand":[173],"product_cat":[531,520,532],"product_tag":[],"class_list":{"0":"post-269467","1":"product","2":"type-product","3":"status-publish","4":"has-post-thumbnail","6":"product_brand-lode-master","7":"product_cat-ehituseks","8":"product_cat-lode-ehitusplokid","9":"product_cat-lode-master-et","11":"first","12":"instock","13":"product-type-simple"},"acf":[],"_links":{"self":[{"href":"https:\/\/lode.lv\/et\/wp-json\/wp\/v2\/product\/269467","targetHints":{"allow":["GET"]}}],"collection":[{"href":"https:\/\/lode.lv\/et\/wp-json\/wp\/v2\/product"}],"about":[{"href":"https:\/\/lode.lv\/et\/wp-json\/wp\/v2\/types\/product"}],"wp:featuredmedia":[{"embeddable":true,"href":"https:\/\/lode.lv\/et\/wp-json\/wp\/v2\/media\/273281"}],"wp:attachment":[{"href":"https:\/\/lode.lv\/et\/wp-json\/wp\/v2\/media?parent=269467"}],"wp:term":[{"taxonomy":"product_brand","embeddable":true,"href":"https:\/\/lode.lv\/et\/wp-json\/wp\/v2\/product_brand?post=269467"},{"taxonomy":"product_cat","embeddable":true,"href":"https:\/\/lode.lv\/et\/wp-json\/wp\/v2\/product_cat?post=269467"},{"taxonomy":"product_tag","embeddable":true,"href":"https:\/\/lode.lv\/et\/wp-json\/wp\/v2\/product_tag?post=269467"}],"curies":[{"name":"wp","href":"https:\/\/api.w.org\/{rel}","templated":true}]}}