{"id":269460,"date":"2025-03-17T01:34:23","date_gmt":"2025-03-17T01:34:23","guid":{"rendered":"http:\/\/lode2025.local\/product\/kapten-25-aku-paadid\/"},"modified":"2025-08-14T12:33:22","modified_gmt":"2025-08-14T12:33:22","slug":"kapten-25-aku-paadid","status":"publish","type":"product","link":"https:\/\/lode.lv\/et\/shop\/lode-ehitusplokid\/lode-master-et\/kapten-25-aku-paadid\/","title":{"rendered":"LODE MASTER 25-AKU"},"content":{"rendered":"<p>LODE Master 25-AKU on spetsiaalselt loodud akustiline plokk, mis tagab suurep\u00e4rase heliisolatsiooni ja on m\u00f5eldud seinakonstruktsioonideks aladele, kus on vaja m\u00fcra v\u00e4hendamist. Selle optimaalne tihedus ja keraamilise materjali omadused v\u00f5imaldavad t\u00f5husalt heli neeldumist ja blokeerimist, luues vaiksema ja mugavama keskkonna. See plokk on ideaalne lahendus korterite vaheseinte, avalike hoonete ja muude ruumide jaoks, kus akustilise mugavuse tagamine on kriitilise t\u00e4htsusega. Lisaks s\u00e4ilitab Master 25-AKU k\u00f5ik traditsiooniliste LODE Master plokkide eelised \u2014 suurep\u00e4rane mikrokliima reguleerimine, vastupidavus ja looduslike materjalide eelised.<\/p>\n","protected":false},"excerpt":{"rendered":"<p>Ehitusplokk<\/p>\n","protected":false},"featured_media":273301,"template":"","meta":{"_acf_changed":false},"product_brand":[173],"product_cat":[531,520,532],"product_tag":[],"class_list":{"0":"post-269460","1":"product","2":"type-product","3":"status-publish","4":"has-post-thumbnail","6":"product_brand-lode-master","7":"product_cat-ehituseks","8":"product_cat-lode-ehitusplokid","9":"product_cat-lode-master-et","11":"first","12":"instock","13":"product-type-simple"},"acf":[],"_links":{"self":[{"href":"https:\/\/lode.lv\/et\/wp-json\/wp\/v2\/product\/269460","targetHints":{"allow":["GET"]}}],"collection":[{"href":"https:\/\/lode.lv\/et\/wp-json\/wp\/v2\/product"}],"about":[{"href":"https:\/\/lode.lv\/et\/wp-json\/wp\/v2\/types\/product"}],"wp:featuredmedia":[{"embeddable":true,"href":"https:\/\/lode.lv\/et\/wp-json\/wp\/v2\/media\/273301"}],"wp:attachment":[{"href":"https:\/\/lode.lv\/et\/wp-json\/wp\/v2\/media?parent=269460"}],"wp:term":[{"taxonomy":"product_brand","embeddable":true,"href":"https:\/\/lode.lv\/et\/wp-json\/wp\/v2\/product_brand?post=269460"},{"taxonomy":"product_cat","embeddable":true,"href":"https:\/\/lode.lv\/et\/wp-json\/wp\/v2\/product_cat?post=269460"},{"taxonomy":"product_tag","embeddable":true,"href":"https:\/\/lode.lv\/et\/wp-json\/wp\/v2\/product_tag?post=269460"}],"curies":[{"name":"wp","href":"https:\/\/api.w.org\/{rel}","templated":true}]}}