{"id":269456,"date":"2025-03-20T12:02:50","date_gmt":"2025-03-20T12:02:50","guid":{"rendered":"http:\/\/lode2025.local\/product\/alt-solaris\/"},"modified":"2025-05-08T22:54:23","modified_gmt":"2025-05-08T22:54:23","slug":"alt-solaris","status":"publish","type":"product","link":"https:\/\/lode.lv\/et\/shop\/brugesanai-et\/klinkerplaatimine\/alt-solaris\/","title":{"rendered":"ALT SOLARIS"},"content":{"rendered":"<p>Kitsa pikliku kujuga kollakaspruun laiguline sillutis loob sooja, p\u00e4ikeselise ja harmoonilise atmosf\u00e4\u00e4ri. Selle looduslik v\u00e4limus ja rustikaalne pind kergelt ebatasaste ning l\u00f5henenud servadega annavad sellele ainulaadse iseloomu. T\u00e4nu k\u00f5rgele vastupidavusele sobib see sillutis jalak\u00e4ijate teedele, parkimisaladele ja kergliiklusega sisses\u00f5iduteedele.<\/p>\n","protected":false},"excerpt":{"rendered":"<p>Klinkersillutis<\/p>\n","protected":false},"featured_media":273505,"template":"","meta":{"_acf_changed":false},"product_brand":[103],"product_cat":[522],"product_tag":[],"class_list":{"0":"post-269456","1":"product","2":"type-product","3":"status-publish","4":"has-post-thumbnail","6":"product_brand-patoka","7":"product_cat-klinkerplaatimine","9":"first","10":"instock","11":"purchasable","12":"product-type-simple"},"acf":[],"_links":{"self":[{"href":"https:\/\/lode.lv\/et\/wp-json\/wp\/v2\/product\/269456","targetHints":{"allow":["GET"]}}],"collection":[{"href":"https:\/\/lode.lv\/et\/wp-json\/wp\/v2\/product"}],"about":[{"href":"https:\/\/lode.lv\/et\/wp-json\/wp\/v2\/types\/product"}],"wp:featuredmedia":[{"embeddable":true,"href":"https:\/\/lode.lv\/et\/wp-json\/wp\/v2\/media\/273505"}],"wp:attachment":[{"href":"https:\/\/lode.lv\/et\/wp-json\/wp\/v2\/media?parent=269456"}],"wp:term":[{"taxonomy":"product_brand","embeddable":true,"href":"https:\/\/lode.lv\/et\/wp-json\/wp\/v2\/product_brand?post=269456"},{"taxonomy":"product_cat","embeddable":true,"href":"https:\/\/lode.lv\/et\/wp-json\/wp\/v2\/product_cat?post=269456"},{"taxonomy":"product_tag","embeddable":true,"href":"https:\/\/lode.lv\/et\/wp-json\/wp\/v2\/product_tag?post=269456"}],"curies":[{"name":"wp","href":"https:\/\/api.w.org\/{rel}","templated":true}]}}