{"id":269448,"date":"2025-03-20T12:02:50","date_gmt":"2025-03-20T12:02:50","guid":{"rendered":"http:\/\/lode2025.local\/product\/alt-classic\/"},"modified":"2025-05-08T22:52:05","modified_gmt":"2025-05-08T22:52:05","slug":"alt-classic","status":"publish","type":"product","link":"https:\/\/lode.lv\/et\/shop\/brugesanai-et\/klinkerplaatimine\/alt-classic\/","title":{"rendered":"ALT CLASSIC"},"content":{"rendered":"<p>Kitsam punakas-lillakaspunane laiguline munakivi, millel on iseloomulik Patoka stiilis viimistlus &#8211; eba\u00fchtlased servad ja muutuv tekstuur. Need omadused annavad sillutisele k\u00e4sit\u00f6\u00f6na valminud meistriteose mulje, kandes edasi autentsust ja ainulaadsust. Sobib jalgradadele ja tagahoovide parkimisaladele.  <\/p>\n","protected":false},"excerpt":{"rendered":"<p>Klinkersillutis<\/p>\n","protected":false},"featured_media":273617,"template":"","meta":{"_acf_changed":false},"product_brand":[103],"product_cat":[522],"product_tag":[],"class_list":{"0":"post-269448","1":"product","2":"type-product","3":"status-publish","4":"has-post-thumbnail","6":"product_brand-patoka","7":"product_cat-klinkerplaatimine","9":"first","10":"instock","11":"purchasable","12":"product-type-simple"},"acf":[],"_links":{"self":[{"href":"https:\/\/lode.lv\/et\/wp-json\/wp\/v2\/product\/269448","targetHints":{"allow":["GET"]}}],"collection":[{"href":"https:\/\/lode.lv\/et\/wp-json\/wp\/v2\/product"}],"about":[{"href":"https:\/\/lode.lv\/et\/wp-json\/wp\/v2\/types\/product"}],"wp:featuredmedia":[{"embeddable":true,"href":"https:\/\/lode.lv\/et\/wp-json\/wp\/v2\/media\/273617"}],"wp:attachment":[{"href":"https:\/\/lode.lv\/et\/wp-json\/wp\/v2\/media?parent=269448"}],"wp:term":[{"taxonomy":"product_brand","embeddable":true,"href":"https:\/\/lode.lv\/et\/wp-json\/wp\/v2\/product_brand?post=269448"},{"taxonomy":"product_cat","embeddable":true,"href":"https:\/\/lode.lv\/et\/wp-json\/wp\/v2\/product_cat?post=269448"},{"taxonomy":"product_tag","embeddable":true,"href":"https:\/\/lode.lv\/et\/wp-json\/wp\/v2\/product_tag?post=269448"}],"curies":[{"name":"wp","href":"https:\/\/api.w.org\/{rel}","templated":true}]}}