{"id":269440,"date":"2025-03-20T12:02:50","date_gmt":"2025-03-20T12:02:50","guid":{"rendered":"http:\/\/lode2025.local\/product\/toba\/"},"modified":"2025-05-08T22:50:31","modified_gmt":"2025-05-08T22:50:31","slug":"toba","status":"publish","type":"product","link":"https:\/\/lode.lv\/et\/shop\/brugesanai-et\/klinkerplaatimine\/toba\/","title":{"rendered":"TOBA"},"content":{"rendered":"<p>H\u00f5bedaste t\u00e4ppidega, peente pragude ja loomuliku eba\u00fchtlusega pruunid laigulised sillutuskivid, mis annavad ainulaadse iseloomu ja t\u00f6\u00f6stusliku elegantsi. See Patoka sillutiskivi loob ajaloolise atmosf\u00e4\u00e4ri, mis sulandub sujuvalt nii linna- kui ka maapiirkondade kinnistutega. Selle k\u00f5rge mehaaniline tugevus ja madal veeimavus tagavad vastupidavuse aladel, mis on m\u00f5eldud jalak\u00e4ijate teedele ja elamute parkimiskohtadele.<\/p>\n","protected":false},"excerpt":{"rendered":"<p>Klinkertellised<\/p>\n","protected":false},"featured_media":273513,"template":"","meta":{"_acf_changed":false},"product_brand":[103],"product_cat":[522],"product_tag":[],"class_list":{"0":"post-269440","1":"product","2":"type-product","3":"status-publish","4":"has-post-thumbnail","6":"product_brand-patoka","7":"product_cat-klinkerplaatimine","9":"first","10":"instock","11":"purchasable","12":"product-type-simple"},"acf":[],"_links":{"self":[{"href":"https:\/\/lode.lv\/et\/wp-json\/wp\/v2\/product\/269440","targetHints":{"allow":["GET"]}}],"collection":[{"href":"https:\/\/lode.lv\/et\/wp-json\/wp\/v2\/product"}],"about":[{"href":"https:\/\/lode.lv\/et\/wp-json\/wp\/v2\/types\/product"}],"wp:featuredmedia":[{"embeddable":true,"href":"https:\/\/lode.lv\/et\/wp-json\/wp\/v2\/media\/273513"}],"wp:attachment":[{"href":"https:\/\/lode.lv\/et\/wp-json\/wp\/v2\/media?parent=269440"}],"wp:term":[{"taxonomy":"product_brand","embeddable":true,"href":"https:\/\/lode.lv\/et\/wp-json\/wp\/v2\/product_brand?post=269440"},{"taxonomy":"product_cat","embeddable":true,"href":"https:\/\/lode.lv\/et\/wp-json\/wp\/v2\/product_cat?post=269440"},{"taxonomy":"product_tag","embeddable":true,"href":"https:\/\/lode.lv\/et\/wp-json\/wp\/v2\/product_tag?post=269440"}],"curies":[{"name":"wp","href":"https:\/\/api.w.org\/{rel}","templated":true}]}}