{"id":269422,"date":"2025-03-20T12:02:50","date_gmt":"2025-03-20T12:02:50","guid":{"rendered":"http:\/\/lode2025.local\/product\/wega\/"},"modified":"2025-09-11T05:25:30","modified_gmt":"2025-09-11T05:25:30","slug":"wega","status":"publish","type":"product","link":"https:\/\/lode.lv\/et\/shop\/brugesanai-et\/klinkerplaatimine\/wega\/","title":{"rendered":"WEGA"},"content":{"rendered":"<p>Tumepruunid s\u00fcgava ja rikkaliku maatooniga sillutuskivid. T\u00e4nu tihedale struktuurile ei ima aillutis niiskust ja on vastupidav \u00f5liplekkidele, muutes selle praktiliseks valikuks mitte ainult sisehoovides, aedades ja terrassidel, vaid ka intensiivse liiklusega teedel. Valige oma projekti jaoks k\u00f5ige sobivam sillutise paksus!<\/p>\n","protected":false},"excerpt":{"rendered":"<p>Klinkertellised<\/p>\n","protected":false},"featured_media":273541,"template":"","meta":{"_acf_changed":false},"product_brand":[90],"product_cat":[522,1027,1059],"product_tag":[],"class_list":{"0":"post-269422","1":"product","2":"type-product","3":"status-publish","4":"has-post-thumbnail","6":"product_brand-lode","7":"product_cat-klinkerplaatimine","8":"product_cat-brugesanai-et","9":"product_cat-rudens2025","11":"first","12":"instock","13":"purchasable","14":"product-type-variable"},"acf":[],"_links":{"self":[{"href":"https:\/\/lode.lv\/et\/wp-json\/wp\/v2\/product\/269422","targetHints":{"allow":["GET"]}}],"collection":[{"href":"https:\/\/lode.lv\/et\/wp-json\/wp\/v2\/product"}],"about":[{"href":"https:\/\/lode.lv\/et\/wp-json\/wp\/v2\/types\/product"}],"wp:featuredmedia":[{"embeddable":true,"href":"https:\/\/lode.lv\/et\/wp-json\/wp\/v2\/media\/273541"}],"wp:attachment":[{"href":"https:\/\/lode.lv\/et\/wp-json\/wp\/v2\/media?parent=269422"}],"wp:term":[{"taxonomy":"product_brand","embeddable":true,"href":"https:\/\/lode.lv\/et\/wp-json\/wp\/v2\/product_brand?post=269422"},{"taxonomy":"product_cat","embeddable":true,"href":"https:\/\/lode.lv\/et\/wp-json\/wp\/v2\/product_cat?post=269422"},{"taxonomy":"product_tag","embeddable":true,"href":"https:\/\/lode.lv\/et\/wp-json\/wp\/v2\/product_tag?post=269422"}],"curies":[{"name":"wp","href":"https:\/\/api.w.org\/{rel}","templated":true}]}}