{"id":268953,"date":"2025-03-16T21:56:48","date_gmt":"2025-03-16T21:56:48","guid":{"rendered":"http:\/\/lode2025.local\/product\/aquarius\/"},"modified":"2025-08-14T12:33:38","modified_gmt":"2025-08-14T12:33:38","slug":"aquarius","status":"publish","type":"product","link":"https:\/\/lode.lv\/et\/shop\/fassaadi-jaoks\/taielikud-tellised\/aquarius\/","title":{"rendered":"AQUARIUS"},"content":{"rendered":"<p>AQUARIUS \u00fchendab punase ja rohelise laigulise tooni sileda pinnaga, et luua elav fassaadi v\u00e4limus. Selle ainulaadne v\u00e4rv annab hoonele esteetiliselt silmapaistva visuaalse efekti. AQUARIUS tellis sobib suurep\u00e4raselt t\u00f6\u00f6stuslikele ja moodsa stiiliga projektidele ning on ideaalne valik neile, kes soovivad \u00fchendada ainulaadset disaini ja j\u00e4tkusuutlikkust. Looduslikust savist valmistatud tugev viimistlustellis sobib ka ahjude ja suitsul\u00f5\u00f5ride viimistlemiseks, samuti saunade ning katuseelementide jaoks.<\/p>\n","protected":false},"excerpt":{"rendered":"<p>T\u00e4istellis<\/p>\n","protected":false},"featured_media":272669,"template":"","meta":{"_acf_changed":false},"product_brand":[90],"product_cat":[467,468],"product_tag":[],"class_list":{"0":"post-268953","1":"product","2":"type-product","3":"status-publish","4":"has-post-thumbnail","6":"product_brand-lode","7":"product_cat-suitsutorude-ahjude-jaoks","8":"product_cat-taielikud-tellised","10":"first","11":"instock","12":"purchasable","13":"product-type-simple"},"acf":[],"_links":{"self":[{"href":"https:\/\/lode.lv\/et\/wp-json\/wp\/v2\/product\/268953","targetHints":{"allow":["GET"]}}],"collection":[{"href":"https:\/\/lode.lv\/et\/wp-json\/wp\/v2\/product"}],"about":[{"href":"https:\/\/lode.lv\/et\/wp-json\/wp\/v2\/types\/product"}],"wp:featuredmedia":[{"embeddable":true,"href":"https:\/\/lode.lv\/et\/wp-json\/wp\/v2\/media\/272669"}],"wp:attachment":[{"href":"https:\/\/lode.lv\/et\/wp-json\/wp\/v2\/media?parent=268953"}],"wp:term":[{"taxonomy":"product_brand","embeddable":true,"href":"https:\/\/lode.lv\/et\/wp-json\/wp\/v2\/product_brand?post=268953"},{"taxonomy":"product_cat","embeddable":true,"href":"https:\/\/lode.lv\/et\/wp-json\/wp\/v2\/product_cat?post=268953"},{"taxonomy":"product_tag","embeddable":true,"href":"https:\/\/lode.lv\/et\/wp-json\/wp\/v2\/product_tag?post=268953"}],"curies":[{"name":"wp","href":"https:\/\/api.w.org\/{rel}","templated":true}]}}