{"id":268945,"date":"2025-03-16T21:56:48","date_gmt":"2025-03-16T21:56:48","guid":{"rendered":"http:\/\/lode2025.local\/product\/asais-brunis\/"},"modified":"2025-08-14T12:33:37","modified_gmt":"2025-08-14T12:33:37","slug":"asais-brunis","status":"publish","type":"product","link":"https:\/\/lode.lv\/et\/shop\/fassaadi-jaoks\/taielikud-tellised\/asais-brunis\/","title":{"rendered":"ASAIS BRUNIS"},"content":{"rendered":"<p>Tugev kohviv\u00e4rvi viimistlustellis, mille iseloomulik kriimustatud pind lisab fassaadile d\u00fcnaamilisust ja v\u00e4ljendusrikkust. Selle tekstuur loob peene valguse ja varju m\u00e4ngu, mis visuaalselt t\u00e4iustab seina struktuuri ja annab fassaadile unikaalse iseloomu. Ideaalne nii t\u00f6\u00f6stus- kui ka klassikalistele ehitistele, samuti struktuuridele, millele soovitakse anda eristuvat ja kaasaegset v\u00e4limust. Looduslikust savist valmistatud t\u00e4isviimistlustellis sobib ka ahjude ja korstnate viimistlemiseks, samuti saunade ja katuseelementide jaoks.<\/p>\n","protected":false},"excerpt":{"rendered":"<p>T\u00e4istellis<\/p>\n","protected":false},"featured_media":272757,"template":"","meta":{"_acf_changed":false},"product_brand":[90],"product_cat":[467,468],"product_tag":[],"class_list":{"0":"post-268945","1":"product","2":"type-product","3":"status-publish","4":"has-post-thumbnail","6":"product_brand-lode","7":"product_cat-suitsutorude-ahjude-jaoks","8":"product_cat-taielikud-tellised","10":"first","11":"instock","12":"purchasable","13":"product-type-simple"},"acf":[],"_links":{"self":[{"href":"https:\/\/lode.lv\/et\/wp-json\/wp\/v2\/product\/268945","targetHints":{"allow":["GET"]}}],"collection":[{"href":"https:\/\/lode.lv\/et\/wp-json\/wp\/v2\/product"}],"about":[{"href":"https:\/\/lode.lv\/et\/wp-json\/wp\/v2\/types\/product"}],"wp:featuredmedia":[{"embeddable":true,"href":"https:\/\/lode.lv\/et\/wp-json\/wp\/v2\/media\/272757"}],"wp:attachment":[{"href":"https:\/\/lode.lv\/et\/wp-json\/wp\/v2\/media?parent=268945"}],"wp:term":[{"taxonomy":"product_brand","embeddable":true,"href":"https:\/\/lode.lv\/et\/wp-json\/wp\/v2\/product_brand?post=268945"},{"taxonomy":"product_cat","embeddable":true,"href":"https:\/\/lode.lv\/et\/wp-json\/wp\/v2\/product_cat?post=268945"},{"taxonomy":"product_tag","embeddable":true,"href":"https:\/\/lode.lv\/et\/wp-json\/wp\/v2\/product_tag?post=268945"}],"curies":[{"name":"wp","href":"https:\/\/api.w.org\/{rel}","templated":true}]}}