{"id":268932,"date":"2025-03-16T21:56:48","date_gmt":"2025-03-16T21:56:48","guid":{"rendered":"http:\/\/lode2025.local\/product\/cameleo\/"},"modified":"2025-08-14T12:33:35","modified_gmt":"2025-08-14T12:33:35","slug":"cameleo","status":"publish","type":"product","link":"https:\/\/lode.lv\/et\/shop\/fassaadi-jaoks\/taielikud-tellised\/cameleo\/","title":{"rendered":"CAMELEO"},"content":{"rendered":"<p>Tellisele on iseloomulik mitmekesine sooja punase ja pruunika tooni kombinatsioon, mis annab fassaadile elava ja loomuliku ilme. Selle sile pind loob elegantse ja korrap\u00e4rase v\u00e4limuse, samal ajal kui v\u00e4rvide n\u00fcansirohke m\u00e4ng lisab d\u00fcnaamilisust ja muudab seina visuaalselt atraktiivsemaks. Ideaalsena nii klassikaliste kui ka kaasaegsete hoonete jaoks, sulandub CAMELEO tellis sujuvalt oma \u00fcmbrusse, luues ainulaadse fassaadi. Viimistletud looduslik savi t\u00e4istellis sobib ka ahjude ja korstnate viimistluseks, samuti saunade ja katuseelementide jaoks.<\/p>\n","protected":false},"excerpt":{"rendered":"<p>T\u00e4istellis<\/p>\n","protected":false},"featured_media":272773,"template":"","meta":{"_acf_changed":false},"product_brand":[90],"product_cat":[467,468],"product_tag":[],"class_list":{"0":"post-268932","1":"product","2":"type-product","3":"status-publish","4":"has-post-thumbnail","6":"product_brand-lode","7":"product_cat-suitsutorude-ahjude-jaoks","8":"product_cat-taielikud-tellised","10":"first","11":"instock","12":"purchasable","13":"product-type-simple"},"acf":[],"_links":{"self":[{"href":"https:\/\/lode.lv\/et\/wp-json\/wp\/v2\/product\/268932","targetHints":{"allow":["GET"]}}],"collection":[{"href":"https:\/\/lode.lv\/et\/wp-json\/wp\/v2\/product"}],"about":[{"href":"https:\/\/lode.lv\/et\/wp-json\/wp\/v2\/types\/product"}],"wp:featuredmedia":[{"embeddable":true,"href":"https:\/\/lode.lv\/et\/wp-json\/wp\/v2\/media\/272773"}],"wp:attachment":[{"href":"https:\/\/lode.lv\/et\/wp-json\/wp\/v2\/media?parent=268932"}],"wp:term":[{"taxonomy":"product_brand","embeddable":true,"href":"https:\/\/lode.lv\/et\/wp-json\/wp\/v2\/product_brand?post=268932"},{"taxonomy":"product_cat","embeddable":true,"href":"https:\/\/lode.lv\/et\/wp-json\/wp\/v2\/product_cat?post=268932"},{"taxonomy":"product_tag","embeddable":true,"href":"https:\/\/lode.lv\/et\/wp-json\/wp\/v2\/product_tag?post=268932"}],"curies":[{"name":"wp","href":"https:\/\/api.w.org\/{rel}","templated":true}]}}