{"id":268927,"date":"2025-03-16T21:56:48","date_gmt":"2025-03-16T21:56:48","guid":{"rendered":"http:\/\/lode2025.local\/product\/centaur\/"},"modified":"2025-08-14T12:33:35","modified_gmt":"2025-08-14T12:33:35","slug":"centaur","status":"publish","type":"product","link":"https:\/\/lode.lv\/et\/shop\/fassaadi-jaoks\/taielikud-tellised\/centaur\/","title":{"rendered":"CENTAUR"},"content":{"rendered":"<p>CENTAUR annab oma h\u00f5behalli tooni ja sileda pinnaga hoonele kaasaegse ja elegantse ilme. Selle neutraalne, kuid v\u00e4ljendusrikas v\u00e4rv v\u00f5imaldab  h\u00f5lpsasti kombineerimist klaasi-, metalli- ja puitelementidega, loomaks visuaalselt puhta ja peene arhitektuurikeele. Ideaalne t\u00e4nap\u00e4evastele ja t\u00f6\u00f6stuslikele hoonetele, mis vajavad vastupidavat ning esteetiliselt nauditavat fassaadi. Tugev viimistlustellis sobib ka ahjude ja korstnate, samuti saunade ja katuseelementide viimistlemiseks.<\/p>\n","protected":false},"excerpt":{"rendered":"<p>T\u00e4istellis<\/p>\n","protected":false},"featured_media":272673,"template":"","meta":{"_acf_changed":false},"product_brand":[90],"product_cat":[467,468],"product_tag":[],"class_list":{"0":"post-268927","1":"product","2":"type-product","3":"status-publish","4":"has-post-thumbnail","6":"product_brand-lode","7":"product_cat-suitsutorude-ahjude-jaoks","8":"product_cat-taielikud-tellised","10":"first","11":"instock","12":"purchasable","13":"product-type-simple"},"acf":[],"_links":{"self":[{"href":"https:\/\/lode.lv\/et\/wp-json\/wp\/v2\/product\/268927","targetHints":{"allow":["GET"]}}],"collection":[{"href":"https:\/\/lode.lv\/et\/wp-json\/wp\/v2\/product"}],"about":[{"href":"https:\/\/lode.lv\/et\/wp-json\/wp\/v2\/types\/product"}],"wp:featuredmedia":[{"embeddable":true,"href":"https:\/\/lode.lv\/et\/wp-json\/wp\/v2\/media\/272673"}],"wp:attachment":[{"href":"https:\/\/lode.lv\/et\/wp-json\/wp\/v2\/media?parent=268927"}],"wp:term":[{"taxonomy":"product_brand","embeddable":true,"href":"https:\/\/lode.lv\/et\/wp-json\/wp\/v2\/product_brand?post=268927"},{"taxonomy":"product_cat","embeddable":true,"href":"https:\/\/lode.lv\/et\/wp-json\/wp\/v2\/product_cat?post=268927"},{"taxonomy":"product_tag","embeddable":true,"href":"https:\/\/lode.lv\/et\/wp-json\/wp\/v2\/product_tag?post=268927"}],"curies":[{"name":"wp","href":"https:\/\/api.w.org\/{rel}","templated":true}]}}