{"id":268919,"date":"2025-03-16T21:56:48","date_gmt":"2025-03-16T21:56:48","guid":{"rendered":"http:\/\/lode2025.local\/product\/etna\/"},"modified":"2025-08-14T12:33:35","modified_gmt":"2025-08-14T12:33:35","slug":"etna","status":"publish","type":"product","link":"https:\/\/lode.lv\/et\/shop\/fassaadi-jaoks\/taielikud-tellised\/etna\/","title":{"rendered":"ETNA"},"content":{"rendered":"<p>ETNA sisaldab k\u00fcllastunud tumepunast-pruuni ja lillat tooni, mis annavad fassaadile v\u00f5imsa ning v\u00e4ljendusrikka visuaalse pildi, mida t\u00e4iendab tellise sile ja rahulik pind. Sobib neile, kes soovivad luua ainulaadse ja vastupidava hoone fassaadi, mis s\u00e4ilitab aja jooksul oma ilu ja vastupidavuse keskkonnam\u00f5jude suhtes. ETNA sobib ka pliitide ja korstnate viimistluseks, samuti saunade ning katuseelementide jaoks.<\/p>\n","protected":false},"excerpt":{"rendered":"<p>T\u00e4istellis<\/p>\n","protected":false},"featured_media":272677,"template":"","meta":{"_acf_changed":false},"product_brand":[90],"product_cat":[467,468],"product_tag":[],"class_list":{"0":"post-268919","1":"product","2":"type-product","3":"status-publish","4":"has-post-thumbnail","6":"product_brand-lode","7":"product_cat-suitsutorude-ahjude-jaoks","8":"product_cat-taielikud-tellised","10":"first","11":"instock","12":"purchasable","13":"product-type-simple"},"acf":[],"_links":{"self":[{"href":"https:\/\/lode.lv\/et\/wp-json\/wp\/v2\/product\/268919","targetHints":{"allow":["GET"]}}],"collection":[{"href":"https:\/\/lode.lv\/et\/wp-json\/wp\/v2\/product"}],"about":[{"href":"https:\/\/lode.lv\/et\/wp-json\/wp\/v2\/types\/product"}],"wp:featuredmedia":[{"embeddable":true,"href":"https:\/\/lode.lv\/et\/wp-json\/wp\/v2\/media\/272677"}],"wp:attachment":[{"href":"https:\/\/lode.lv\/et\/wp-json\/wp\/v2\/media?parent=268919"}],"wp:term":[{"taxonomy":"product_brand","embeddable":true,"href":"https:\/\/lode.lv\/et\/wp-json\/wp\/v2\/product_brand?post=268919"},{"taxonomy":"product_cat","embeddable":true,"href":"https:\/\/lode.lv\/et\/wp-json\/wp\/v2\/product_cat?post=268919"},{"taxonomy":"product_tag","embeddable":true,"href":"https:\/\/lode.lv\/et\/wp-json\/wp\/v2\/product_tag?post=268919"}],"curies":[{"name":"wp","href":"https:\/\/api.w.org\/{rel}","templated":true}]}}