{"id":268911,"date":"2025-03-16T21:56:48","date_gmt":"2025-03-16T21:56:48","guid":{"rendered":"http:\/\/lode2025.local\/product\/galaxy\/"},"modified":"2025-08-14T12:33:34","modified_gmt":"2025-08-14T12:33:34","slug":"galaxy","status":"publish","type":"product","link":"https:\/\/lode.lv\/et\/shop\/fassaadi-jaoks\/taielikud-tellised\/galaxy\/","title":{"rendered":"GALAXY"},"content":{"rendered":"<p>GALAXY paistab silma oma s\u00fcgava musta v\u00e4rvi ja sileda pinnaga, andes hoonele t\u00f6\u00f6stusliku ning modernse efekti. Selle monoliitne struktuur loob minimalistliku ja visuaalselt puhta fassaadi, mis t\u00e4iustab suurep\u00e4raselt kaasaegseid arhitektuurseid lahendusi ning materjale nagu metall ja klaas. See tellis lisab hoonele elegantsust ja visuaalset s\u00fcgavust, tagades samas vastupidavuse ja pikaealisuse. Tugevast looduslikust savist valmistatud viimistlustellis sobib ka ahjude ja korstnate viimistlemiseks, samuti saunade ning katuseelementide jaoks.<\/p>\n","protected":false},"excerpt":{"rendered":"<p>T\u00e4istellis<\/p>\n","protected":false},"featured_media":272801,"template":"","meta":{"_acf_changed":false},"product_brand":[90],"product_cat":[467,468],"product_tag":[],"class_list":{"0":"post-268911","1":"product","2":"type-product","3":"status-publish","4":"has-post-thumbnail","6":"product_brand-lode","7":"product_cat-suitsutorude-ahjude-jaoks","8":"product_cat-taielikud-tellised","10":"first","11":"instock","12":"purchasable","13":"product-type-simple"},"acf":[],"_links":{"self":[{"href":"https:\/\/lode.lv\/et\/wp-json\/wp\/v2\/product\/268911","targetHints":{"allow":["GET"]}}],"collection":[{"href":"https:\/\/lode.lv\/et\/wp-json\/wp\/v2\/product"}],"about":[{"href":"https:\/\/lode.lv\/et\/wp-json\/wp\/v2\/types\/product"}],"wp:featuredmedia":[{"embeddable":true,"href":"https:\/\/lode.lv\/et\/wp-json\/wp\/v2\/media\/272801"}],"wp:attachment":[{"href":"https:\/\/lode.lv\/et\/wp-json\/wp\/v2\/media?parent=268911"}],"wp:term":[{"taxonomy":"product_brand","embeddable":true,"href":"https:\/\/lode.lv\/et\/wp-json\/wp\/v2\/product_brand?post=268911"},{"taxonomy":"product_cat","embeddable":true,"href":"https:\/\/lode.lv\/et\/wp-json\/wp\/v2\/product_cat?post=268911"},{"taxonomy":"product_tag","embeddable":true,"href":"https:\/\/lode.lv\/et\/wp-json\/wp\/v2\/product_tag?post=268911"}],"curies":[{"name":"wp","href":"https:\/\/api.w.org\/{rel}","templated":true}]}}