{"id":278007,"date":"2025-05-09T01:57:20","date_gmt":"2025-05-09T01:57:20","guid":{"rendered":"https:\/\/lode.lv\/galerii\/"},"modified":"2025-05-09T02:41:13","modified_gmt":"2025-05-09T02:41:13","slug":"galerii","status":"publish","type":"page","link":"https:\/\/lode.lv\/et\/galerii\/","title":{"rendered":"Galerii"},"content":{"rendered":"\n<div class=\"wp-block-cover\"><img loading=\"lazy\" decoding=\"async\" width=\"2880\" height=\"992\" class=\"wp-block-cover__image-background wp-image-274153\" alt=\"\" src=\"https:\/\/lode.lv\/wp-content\/uploads\/galerija_bilde.png\" data-object-fit=\"cover\" srcset=\"https:\/\/lode.lv\/wp-content\/uploads\/galerija_bilde.png 2880w, https:\/\/lode.lv\/wp-content\/uploads\/galerija_bilde-800x276.png 800w, https:\/\/lode.lv\/wp-content\/uploads\/galerija_bilde-1400x482.png 1400w, https:\/\/lode.lv\/wp-content\/uploads\/galerija_bilde-768x265.png 768w, https:\/\/lode.lv\/wp-content\/uploads\/galerija_bilde-1536x529.png 1536w, https:\/\/lode.lv\/wp-content\/uploads\/galerija_bilde-2048x705.png 2048w, https:\/\/lode.lv\/wp-content\/uploads\/galerija_bilde-1200x413.png 1200w, https:\/\/lode.lv\/wp-content\/uploads\/galerija_bilde-600x207.png 600w\" sizes=\"auto, (max-width: 2880px) 100vw, 2880px\" \/><span aria-hidden=\"true\" class=\"wp-block-cover__background has-background-dim-0 has-background-dim\"><\/span><div class=\"wp-block-cover__inner-container has-global-padding is-layout-constrained wp-container-core-cover-is-layout-ed92f1a2 wp-block-cover-is-layout-constrained\">\n<p class=\"has-text-align-center has-large-font-size\"><\/p>\n<\/div><\/div>\n\n<div class=\"wp-block-group has-global-padding is-layout-constrained wp-block-group-is-layout-constrained\">\n<div class=\"wp-block-query is-layout-flow wp-block-query-is-layout-flow\"><ul class=\"columns-2 lode--gallery-post-query wp-block-post-template is-layout-grid wp-container-core-post-template-is-layout-d486d538 wp-block-post-template-is-layout-grid\"><li class=\"wp-block-post post-269284 post type-post status-publish format-standard has-post-thumbnail hentry category-apdares-kiegeli-et category-galerija-et\">\n\n<div class=\"wp-block-group lode--img-container has-global-padding is-layout-constrained wp-block-group-is-layout-constrained\"><figure style=\"aspect-ratio:4\/3; padding-top:0;padding-bottom:0;\" class=\"wp-block-post-featured-image\"><a href=\"https:\/\/lode.lv\/et\/janka-mustpeade-maja-augustatud-viimistlustellised-tellised\/\" target=\"_self\"  ><img loading=\"lazy\" decoding=\"async\" width=\"1707\" height=\"2560\" src=\"https:\/\/lode.lv\/wp-content\/uploads\/2024\/01\/melngalvju_nams1-scaled-1.jpg\" class=\"attachment-post-thumbnail size-post-thumbnail wp-post-image\" alt=\"\u00d5\u00f5nsad viimistlustellised JANKA Mustpeade majas\" style=\"width:100%;height:100%;object-fit:cover;\" srcset=\"https:\/\/lode.lv\/wp-content\/uploads\/2024\/01\/melngalvju_nams1-scaled-1.jpg 1707w, https:\/\/lode.lv\/wp-content\/uploads\/2024\/01\/melngalvju_nams1-scaled-1-533x800.jpg 533w, https:\/\/lode.lv\/wp-content\/uploads\/2024\/01\/melngalvju_nams1-scaled-1-600x900.jpg 600w, https:\/\/lode.lv\/wp-content\/uploads\/2024\/01\/melngalvju_nams1-scaled-1-267x400.jpg 267w, https:\/\/lode.lv\/wp-content\/uploads\/2024\/01\/melngalvju_nams1-scaled-1-768x1152.jpg 768w, https:\/\/lode.lv\/wp-content\/uploads\/2024\/01\/melngalvju_nams1-scaled-1-1024x1536.jpg 1024w, https:\/\/lode.lv\/wp-content\/uploads\/2024\/01\/melngalvju_nams1-scaled-1-1366x2048.jpg 1366w\" sizes=\"auto, (max-width: 1707px) 100vw, 1707px\" \/><\/a><\/figure>\n\n<h4 style=\"font-style:normal;font-weight:400;text-transform:none;\" class=\"has-link-color lode--container-title wp-elements-91e525e58a0ff845a421c54ce15c18df wp-block-post-title has-text-color has-white-color\">\u00d5\u00f5nsad viimistlustellised JANKA Mustpeade majas<\/h4><\/div>\n\n<\/li><li class=\"wp-block-post post-269296 post type-post status-publish format-standard has-post-thumbnail hentry category-galerija-et category-klinkera-brugakmens-et\">\n\n<div class=\"wp-block-group lode--img-container has-global-padding is-layout-constrained wp-block-group-is-layout-constrained\"><figure style=\"aspect-ratio:4\/3; padding-top:0;padding-bottom:0;\" class=\"wp-block-post-featured-image\"><a href=\"https:\/\/lode.lv\/et\/klinkerplaadid-kalahari-ja-janka-lati-rahvusooperi-ja-balleti-esiseltsis-riias\/\" target=\"_self\"  ><img loading=\"lazy\" decoding=\"async\" width=\"1707\" height=\"2560\" src=\"https:\/\/lode.lv\/wp-content\/uploads\/2024\/01\/opera3-scaled-1.jpg\" class=\"attachment-post-thumbnail size-post-thumbnail wp-post-image\" alt=\"Klinkertellised KALAHARI ja JANKA L\u00e4ti Rahvusooperi ja -balleti v\u00e4ljakul Riias\" style=\"width:100%;height:100%;object-fit:cover;\" srcset=\"https:\/\/lode.lv\/wp-content\/uploads\/2024\/01\/opera3-scaled-1.jpg 1707w, https:\/\/lode.lv\/wp-content\/uploads\/2024\/01\/opera3-scaled-1-533x800.jpg 533w, https:\/\/lode.lv\/wp-content\/uploads\/2024\/01\/opera3-scaled-1-600x900.jpg 600w, https:\/\/lode.lv\/wp-content\/uploads\/2024\/01\/opera3-scaled-1-267x400.jpg 267w, https:\/\/lode.lv\/wp-content\/uploads\/2024\/01\/opera3-scaled-1-768x1152.jpg 768w, https:\/\/lode.lv\/wp-content\/uploads\/2024\/01\/opera3-scaled-1-1024x1536.jpg 1024w, https:\/\/lode.lv\/wp-content\/uploads\/2024\/01\/opera3-scaled-1-1366x2048.jpg 1366w\" sizes=\"auto, (max-width: 1707px) 100vw, 1707px\" \/><\/a><\/figure>\n\n<h4 style=\"font-style:normal;font-weight:400;text-transform:none;\" class=\"has-link-color lode--container-title wp-elements-91e525e58a0ff845a421c54ce15c18df wp-block-post-title has-text-color has-white-color\">Klinkertellised KALAHARI ja JANKA L\u00e4ti Rahvusooperi ja -balleti v\u00e4ljakul Riias<\/h4><\/div>\n\n<\/li><li class=\"wp-block-post post-269310 post type-post status-publish format-standard has-post-thumbnail hentry category-apdares-kiegeli-et category-galerija-et\">\n\n<div class=\"wp-block-group lode--img-container has-global-padding is-layout-constrained wp-block-group-is-layout-constrained\"><figure style=\"aspect-ratio:4\/3; padding-top:0;padding-bottom:0;\" class=\"wp-block-post-featured-image\"><a href=\"https:\/\/lode.lv\/et\/asais-brunis-asais-brunis-viimistlustellised-tellisid-radisson-blu-ridzene-hotellis\/\" target=\"_self\"  ><img loading=\"lazy\" decoding=\"async\" width=\"2048\" height=\"1365\" src=\"https:\/\/lode.lv\/wp-content\/uploads\/2023\/10\/brunis-ridzene-fb3.jpg\" class=\"attachment-post-thumbnail size-post-thumbnail wp-post-image\" alt=\"Viimistlustellised ASAIS BRUNIS Radisson Blu R\u012bdzene hotellis\" style=\"width:100%;height:100%;object-fit:cover;\" srcset=\"https:\/\/lode.lv\/wp-content\/uploads\/2023\/10\/brunis-ridzene-fb3.jpg 2048w, https:\/\/lode.lv\/wp-content\/uploads\/2023\/10\/brunis-ridzene-fb3-1200x800.jpg 1200w, https:\/\/lode.lv\/wp-content\/uploads\/2023\/10\/brunis-ridzene-fb3-600x400.jpg 600w, https:\/\/lode.lv\/wp-content\/uploads\/2023\/10\/brunis-ridzene-fb3-768x512.jpg 768w, https:\/\/lode.lv\/wp-content\/uploads\/2023\/10\/brunis-ridzene-fb3-1536x1024.jpg 1536w\" sizes=\"auto, (max-width: 2048px) 100vw, 2048px\" \/><\/a><\/figure>\n\n<h4 style=\"font-style:normal;font-weight:400;text-transform:none;\" class=\"has-link-color lode--container-title wp-elements-91e525e58a0ff845a421c54ce15c18df wp-block-post-title has-text-color has-white-color\">Viimistlustellised ASAIS BRUNIS Radisson Blu R\u012bdzene hotellis<\/h4><\/div>\n\n<\/li><li class=\"wp-block-post post-269243 post type-post status-publish format-standard has-post-thumbnail hentry category-galerija-et category-klinkera-brugakmens-et\">\n\n<div class=\"wp-block-group lode--img-container has-global-padding is-layout-constrained wp-block-group-is-layout-constrained\"><figure style=\"aspect-ratio:4\/3; padding-top:0;padding-bottom:0;\" class=\"wp-block-post-featured-image\"><a href=\"https:\/\/lode.lv\/et\/terra-konnitee-spidalase-maja-hoovis-cesisis\/\" target=\"_self\"  ><img loading=\"lazy\" decoding=\"async\" width=\"1101\" height=\"734\" src=\"https:\/\/lode.lv\/wp-content\/uploads\/2024\/08\/terra-spidala.jpg\" class=\"attachment-post-thumbnail size-post-thumbnail wp-post-image\" alt=\"TERRA sillutis Sp\u012bdalase maja hoovis C\u0113sises\" style=\"width:100%;height:100%;object-fit:cover;\" srcset=\"https:\/\/lode.lv\/wp-content\/uploads\/2024\/08\/terra-spidala.jpg 1101w, https:\/\/lode.lv\/wp-content\/uploads\/2024\/08\/terra-spidala-600x400.jpg 600w, https:\/\/lode.lv\/wp-content\/uploads\/2024\/08\/terra-spidala-768x512.jpg 768w, https:\/\/lode.lv\/wp-content\/uploads\/2024\/08\/terra-spidala-1024x683.jpg 1024w\" sizes=\"auto, (max-width: 1101px) 100vw, 1101px\" \/><\/a><\/figure>\n\n<h4 style=\"font-style:normal;font-weight:400;text-transform:none;\" class=\"has-link-color lode--container-title wp-elements-91e525e58a0ff845a421c54ce15c18df wp-block-post-title has-text-color has-white-color\">TERRA sillutis Sp\u012bdalase maja hoovis C\u0113sises<\/h4><\/div>\n\n<\/li><li class=\"wp-block-post post-269283 post type-post status-publish format-standard has-post-thumbnail hentry category-galerija-et category-klinkera-brugakmens-et\">\n\n<div class=\"wp-block-group lode--img-container has-global-padding is-layout-constrained wp-block-group-is-layout-constrained\"><figure style=\"aspect-ratio:4\/3; padding-top:0;padding-bottom:0;\" class=\"wp-block-post-featured-image\"><a href=\"https:\/\/lode.lv\/et\/kalahari-klinkerplaat-grizinkalnsis\/\" target=\"_self\"  ><img loading=\"lazy\" decoding=\"async\" width=\"2048\" height=\"1365\" src=\"https:\/\/lode.lv\/wp-content\/uploads\/2024\/01\/lienesiela3.jpg\" class=\"attachment-post-thumbnail size-post-thumbnail wp-post-image\" alt=\"Klinkertellised KALAHARI Gr\u012bzi\u0146kalnsis\" style=\"width:100%;height:100%;object-fit:cover;\" srcset=\"https:\/\/lode.lv\/wp-content\/uploads\/2024\/01\/lienesiela3.jpg 2048w, https:\/\/lode.lv\/wp-content\/uploads\/2024\/01\/lienesiela3-1200x800.jpg 1200w, https:\/\/lode.lv\/wp-content\/uploads\/2024\/01\/lienesiela3-600x400.jpg 600w, https:\/\/lode.lv\/wp-content\/uploads\/2024\/01\/lienesiela3-768x512.jpg 768w, https:\/\/lode.lv\/wp-content\/uploads\/2024\/01\/lienesiela3-1536x1024.jpg 1536w\" sizes=\"auto, (max-width: 2048px) 100vw, 2048px\" \/><\/a><\/figure>\n\n<h4 style=\"font-style:normal;font-weight:400;text-transform:none;\" class=\"has-link-color lode--container-title wp-elements-91e525e58a0ff845a421c54ce15c18df wp-block-post-title has-text-color has-white-color\">Klinkertellised KALAHARI Gr\u012bzi\u0146kalnsis<\/h4><\/div>\n\n<\/li><li class=\"wp-block-post post-269295 post type-post status-publish format-standard has-post-thumbnail hentry category-apdares-kiegeli-et category-galerija-et\">\n\n<div class=\"wp-block-group lode--img-container has-global-padding is-layout-constrained wp-block-group-is-layout-constrained\"><figure style=\"aspect-ratio:4\/3; padding-top:0;padding-bottom:0;\" class=\"wp-block-post-featured-image\"><a href=\"https:\/\/lode.lv\/et\/telliste-viimistlemine-sencisi-tehnilise-ja-toostusdisaini-keskuses-inzenieru-arsenals-daugavpilsis\/\" target=\"_self\"  ><img loading=\"lazy\" decoding=\"async\" width=\"1692\" height=\"2560\" src=\"https:\/\/lode.lv\/wp-content\/uploads\/2024\/01\/Sencis-Daugavpils-Fortress00011-scaled-1.jpeg\" class=\"attachment-post-thumbnail size-post-thumbnail wp-post-image\" alt=\"Viimistlustellised SENCIS tehnilise ja t\u00f6\u00f6stusdisaini keskuses In\u017eenieru arsen\u0101ls Daugavpilsis\" style=\"width:100%;height:100%;object-fit:cover;\" srcset=\"https:\/\/lode.lv\/wp-content\/uploads\/2024\/01\/Sencis-Daugavpils-Fortress00011-scaled-1.jpeg 1692w, https:\/\/lode.lv\/wp-content\/uploads\/2024\/01\/Sencis-Daugavpils-Fortress00011-scaled-1-529x800.jpeg 529w, https:\/\/lode.lv\/wp-content\/uploads\/2024\/01\/Sencis-Daugavpils-Fortress00011-scaled-1-600x908.jpeg 600w, https:\/\/lode.lv\/wp-content\/uploads\/2024\/01\/Sencis-Daugavpils-Fortress00011-scaled-1-264x400.jpeg 264w, https:\/\/lode.lv\/wp-content\/uploads\/2024\/01\/Sencis-Daugavpils-Fortress00011-scaled-1-768x1162.jpeg 768w, https:\/\/lode.lv\/wp-content\/uploads\/2024\/01\/Sencis-Daugavpils-Fortress00011-scaled-1-1015x1536.jpeg 1015w, https:\/\/lode.lv\/wp-content\/uploads\/2024\/01\/Sencis-Daugavpils-Fortress00011-scaled-1-1354x2048.jpeg 1354w\" sizes=\"auto, (max-width: 1692px) 100vw, 1692px\" \/><\/a><\/figure>\n\n<h4 style=\"font-style:normal;font-weight:400;text-transform:none;\" class=\"has-link-color lode--container-title wp-elements-91e525e58a0ff845a421c54ce15c18df wp-block-post-title has-text-color has-white-color\">Viimistlustellised SENCIS tehnilise ja t\u00f6\u00f6stusdisaini keskuses In\u017eenieru arsen\u0101ls Daugavpilsis<\/h4><\/div>\n\n<\/li><li class=\"wp-block-post post-269219 post type-post status-publish format-standard has-post-thumbnail hentry category-apdares-kiegeli-et category-galerija-et\">\n\n<div class=\"wp-block-group lode--img-container has-global-padding is-layout-constrained wp-block-group-is-layout-constrained\"><figure style=\"aspect-ratio:4\/3; padding-top:0;padding-bottom:0;\" class=\"wp-block-post-featured-image\"><a href=\"https:\/\/lode.lv\/et\/tellised-galaxy-tehases-gdanskis\/\" target=\"_self\"  ><img loading=\"lazy\" decoding=\"async\" width=\"2560\" height=\"1707\" src=\"https:\/\/lode.lv\/wp-content\/uploads\/2025\/02\/DSC_7448-scaled-1.jpg\" class=\"attachment-post-thumbnail size-post-thumbnail wp-post-image\" alt=\"Kivid GALAXY tehases Gda\u0144skis\" style=\"width:100%;height:100%;object-fit:cover;\" srcset=\"https:\/\/lode.lv\/wp-content\/uploads\/2025\/02\/DSC_7448-scaled-1.jpg 2560w, https:\/\/lode.lv\/wp-content\/uploads\/2025\/02\/DSC_7448-scaled-1-1200x800.jpg 1200w, https:\/\/lode.lv\/wp-content\/uploads\/2025\/02\/DSC_7448-scaled-1-600x400.jpg 600w, https:\/\/lode.lv\/wp-content\/uploads\/2025\/02\/DSC_7448-scaled-1-768x512.jpg 768w, https:\/\/lode.lv\/wp-content\/uploads\/2025\/02\/DSC_7448-scaled-1-1536x1024.jpg 1536w, https:\/\/lode.lv\/wp-content\/uploads\/2025\/02\/DSC_7448-scaled-1-2048x1366.jpg 2048w\" sizes=\"auto, (max-width: 2560px) 100vw, 2560px\" \/><\/a><\/figure>\n\n<h4 style=\"font-style:normal;font-weight:400;text-transform:none;\" class=\"has-link-color lode--container-title wp-elements-91e525e58a0ff845a421c54ce15c18df wp-block-post-title has-text-color has-white-color\">Kivid GALAXY tehases Gda\u0144skis<\/h4><\/div>\n\n<\/li><li class=\"wp-block-post post-269190 post type-post status-publish format-standard has-post-thumbnail hentry category-celtniecibas-bloki-et category-galerija-et\">\n\n<div class=\"wp-block-group lode--img-container has-global-padding is-layout-constrained wp-block-group-is-layout-constrained\"><figure style=\"aspect-ratio:4\/3; padding-top:0;padding-bottom:0;\" class=\"wp-block-post-featured-image\"><a href=\"https:\/\/lode.lv\/et\/keratermi-ehitusplokid-vilniuse-eeslinnades\/\" target=\"_self\"  ><img loading=\"lazy\" decoding=\"async\" width=\"529\" height=\"794\" src=\"https:\/\/lode.lv\/wp-content\/uploads\/2025\/02\/KERATERM-Vilnius.jpg\" class=\"attachment-post-thumbnail size-post-thumbnail wp-post-image\" alt=\"KERATERMi ehitusplokid Vilniuse \u00e4\u00e4relinnades\" style=\"width:100%;height:100%;object-fit:cover;\" srcset=\"https:\/\/lode.lv\/wp-content\/uploads\/2025\/02\/KERATERM-Vilnius.jpg 529w, https:\/\/lode.lv\/wp-content\/uploads\/2025\/02\/KERATERM-Vilnius-266x400.jpg 266w\" sizes=\"auto, (max-width: 529px) 100vw, 529px\" \/><\/a><\/figure>\n\n<h4 style=\"font-style:normal;font-weight:400;text-transform:none;\" class=\"has-link-color lode--container-title wp-elements-91e525e58a0ff845a421c54ce15c18df wp-block-post-title has-text-color has-white-color\">KERATERMi ehitusplokid Vilniuse \u00e4\u00e4relinnades<\/h4><\/div>\n\n<\/li><li class=\"wp-block-post post-269269 post type-post status-publish format-standard has-post-thumbnail hentry category-celtniecibas-bloki-et category-galerija-et\">\n\n<div class=\"wp-block-group lode--img-container has-global-padding is-layout-constrained wp-block-group-is-layout-constrained\"><figure style=\"aspect-ratio:4\/3; padding-top:0;padding-bottom:0;\" class=\"wp-block-post-featured-image\"><a href=\"https:\/\/lode.lv\/et\/keratermi-ehitusplokid-magnolijas-elamuprojektis-riias\/\" target=\"_self\"  ><img loading=\"lazy\" decoding=\"async\" width=\"1280\" height=\"852\" src=\"https:\/\/lode.lv\/wp-content\/uploads\/2024\/02\/Keraterm-Magnolijas-2.jpg\" class=\"attachment-post-thumbnail size-post-thumbnail wp-post-image\" alt=\"KERATERMi ehitusplokid Magnolija elamuprojektis Riias\" style=\"width:100%;height:100%;object-fit:cover;\" srcset=\"https:\/\/lode.lv\/wp-content\/uploads\/2024\/02\/Keraterm-Magnolijas-2.jpg 1280w, https:\/\/lode.lv\/wp-content\/uploads\/2024\/02\/Keraterm-Magnolijas-2-1200x800.jpg 1200w, https:\/\/lode.lv\/wp-content\/uploads\/2024\/02\/Keraterm-Magnolijas-2-600x399.jpg 600w, https:\/\/lode.lv\/wp-content\/uploads\/2024\/02\/Keraterm-Magnolijas-2-601x400.jpg 601w, https:\/\/lode.lv\/wp-content\/uploads\/2024\/02\/Keraterm-Magnolijas-2-768x511.jpg 768w, https:\/\/lode.lv\/wp-content\/uploads\/2024\/02\/Keraterm-Magnolijas-2-1202x800.jpg 1202w\" sizes=\"auto, (max-width: 1280px) 100vw, 1280px\" \/><\/a><\/figure>\n\n<h4 style=\"font-style:normal;font-weight:400;text-transform:none;\" class=\"has-link-color lode--container-title wp-elements-91e525e58a0ff845a421c54ce15c18df wp-block-post-title has-text-color has-white-color\">KERATERMi ehitusplokid Magnolija elamuprojektis Riias<\/h4><\/div>\n\n<\/li><li class=\"wp-block-post post-269327 post type-post status-publish format-standard has-post-thumbnail hentry category-galerija-et\">\n\n<div class=\"wp-block-group lode--img-container has-global-padding is-layout-constrained wp-block-group-is-layout-constrained\"><figure style=\"aspect-ratio:4\/3; padding-top:0;padding-bottom:0;\" class=\"wp-block-post-featured-image\"><a href=\"https:\/\/lode.lv\/et\/terra-parki-konnitee-cesispievelk\/\" target=\"_self\"  ><img loading=\"lazy\" decoding=\"async\" width=\"1600\" height=\"1067\" src=\"https:\/\/lode.lv\/wp-content\/uploads\/2023\/09\/paver-terra-cesis-1600px-2722.jpg\" class=\"attachment-post-thumbnail size-post-thumbnail wp-post-image\" alt=\"Sillutis TERRA pargis #C\u0113sisPievelk\" style=\"width:100%;height:100%;object-fit:cover;\" srcset=\"https:\/\/lode.lv\/wp-content\/uploads\/2023\/09\/paver-terra-cesis-1600px-2722.jpg 1600w, https:\/\/lode.lv\/wp-content\/uploads\/2023\/09\/paver-terra-cesis-1600px-2722-1200x800.jpg 1200w, https:\/\/lode.lv\/wp-content\/uploads\/2023\/09\/paver-terra-cesis-1600px-2722-600x400.jpg 600w, https:\/\/lode.lv\/wp-content\/uploads\/2023\/09\/paver-terra-cesis-1600px-2722-768x512.jpg 768w, https:\/\/lode.lv\/wp-content\/uploads\/2023\/09\/paver-terra-cesis-1600px-2722-1536x1024.jpg 1536w\" sizes=\"auto, (max-width: 1600px) 100vw, 1600px\" \/><\/a><\/figure>\n\n<h4 style=\"font-style:normal;font-weight:400;text-transform:none;\" class=\"has-link-color lode--container-title wp-elements-91e525e58a0ff845a421c54ce15c18df wp-block-post-title has-text-color has-white-color\">Sillutis TERRA pargis #C\u0113sisPievelk<\/h4><\/div>\n\n<\/li><\/ul>\n\n\n\n<\/div>\n<\/div>\n","protected":false},"excerpt":{"rendered":"","protected":false},"author":1,"featured_media":274155,"parent":0,"menu_order":0,"comment_status":"closed","ping_status":"closed","template":"empty","meta":{"_acf_changed":false,"footnotes":""},"class_list":["post-278007","page","type-page","status-publish","has-post-thumbnail","hentry"],"acf":[],"_links":{"self":[{"href":"https:\/\/lode.lv\/et\/wp-json\/wp\/v2\/pages\/278007","targetHints":{"allow":["GET"]}}],"collection":[{"href":"https:\/\/lode.lv\/et\/wp-json\/wp\/v2\/pages"}],"about":[{"href":"https:\/\/lode.lv\/et\/wp-json\/wp\/v2\/types\/page"}],"author":[{"embeddable":true,"href":"https:\/\/lode.lv\/et\/wp-json\/wp\/v2\/users\/1"}],"replies":[{"embeddable":true,"href":"https:\/\/lode.lv\/et\/wp-json\/wp\/v2\/comments?post=278007"}],"version-history":[{"count":0,"href":"https:\/\/lode.lv\/et\/wp-json\/wp\/v2\/pages\/278007\/revisions"}],"wp:featuredmedia":[{"embeddable":true,"href":"https:\/\/lode.lv\/et\/wp-json\/wp\/v2\/media\/274155"}],"wp:attachment":[{"href":"https:\/\/lode.lv\/et\/wp-json\/wp\/v2\/media?parent=278007"}],"curies":[{"name":"wp","href":"https:\/\/api.w.org\/{rel}","templated":true}]}}