{"id":269395,"date":"2025-03-09T12:24:51","date_gmt":"2025-03-09T12:24:51","guid":{"rendered":"http:\/\/lode2025.local\/privaatsuspoliitika\/"},"modified":"2025-08-14T12:34:59","modified_gmt":"2025-08-14T12:34:59","slug":"privaatsuspoliitika","status":"publish","type":"page","link":"https:\/\/lode.lv\/et\/privaatsuspoliitika\/","title":{"rendered":"Privaatsuspoliitika"},"content":{"rendered":"\n<div class=\"wp-block-group has-global-padding is-layout-constrained wp-container-core-group-is-layout-5a30f31b wp-block-group-is-layout-constrained\">\n<p>LODE SIA on v\u00f5tnud kohustuse kaitsta \u00fcksikisikute \u2013 (andmesubjektide) privaatsuse puutumatust, tuginedes Euroopa Parlamendi ja n\u00f5ukogu 27. aprilli 2016. aasta m\u00e4\u00e4rusele 2016\/679, mis k\u00e4sitleb f\u00fc\u00fcsiliste isikute kaitset isikuandmete t\u00f6\u00f6tlemisel ja selliste andmete vaba liikumist ning millega tunnistatakse kehtetuks direktiiv 95\/46\/E\u00dc, ning koosk\u00f5las muude eraelu puutumatust ja isikuandmete t\u00f6\u00f6tlemist reguleerivate seaduste ja m\u00e4\u00e4rustega.<br\/>LODE SIA privaatsuspoliitikat kohaldatakse andmet\u00f6\u00f6tlusele s\u00f5ltumata sellest, millises vormis ja\/v\u00f5i keskkonnas andmesubjekt isikuandmeid esitab (LODE SIA poolt hallatavatel veebilehtedel, paberkandjal v\u00f5i elektrooniliselt) ja millistes s\u00fcsteemides v\u00f5i paberkandjal LODE SIA neid t\u00f6\u00f6tleb.<\/p>\n\n\n\n<h2 class=\"wp-block-heading\">Isikuandmete vastutav t\u00f6\u00f6tleja<\/h2>\n\n\n\n<p>LODE SIA, reg. nr 50003032071, registreeritud aadress: Lode, Liepa, C\u0113sis, LV-4128. Andmet\u00f6\u00f6tluse p\u00e4ringute korral v\u00f5tke meiega \u00fchendust e-posti teel: info@lode.lv<\/p>\n\n\n\n<h2 class=\"wp-block-heading\">Kliendi isikuandmete t\u00f6\u00f6tlemise \u00f5iguslik alus<\/h2>\n\n\n\n<p>LODE SIA t\u00f6\u00f6tleb andmesubjekti isikuandmeid j\u00e4rgmistel eesm\u00e4rkidel:<\/p>\n\n\n\n<ul class=\"wp-block-list\">\n<li>\u00e4riliste tegevuste l\u00e4biviimiseks<\/li>\n\n\n\n<li>toodete m\u00fc\u00fcgiks<\/li>\n\n\n\n<li>andmesubjektiga s\u00f5lmitud lepingu t\u00e4itmise eesm\u00e4rgil<\/li>\n\n\n\n<li>teenuse osutamiseks andmesubjektile<\/li>\n\n\n\n<li>andmesubjekti n\u00f5usolekust l\u00e4htuvalt<\/li>\n\n\n\n<li>muudel seaduslikel (legitiimsetel) eesm\u00e4rkidel\/huvides<\/li>\n\n\n\n<li>LODE SIA varaline kaitse &#8211; videovalve toimub LODE SIA vara kaitsmiseks, territooriumile sisenevate isikute ohutuse tagamiseks, v\u00f5imalike seaduserikkumiste ennetamiseks ja v\u00f5imalike kuritegude dokumenteerimiseks. Videovalve on rakendatud nii LODE SIA tootmis\u00fcksustes kui ka neid \u00fcmbritsevatel aladel. Videovalveandmeid s\u00e4ilitatakse maksimaalselt 30 p\u00e4eva. P\u00e4rast seda ajavahemikku tagab LODE SIA andmete t\u00e4ieliku kustutamise, kui andmeid ei ole eelnevalt taotletud v\u00f5i kui ei ole tuvastatud kuritegelikku tegevust v\u00f5i muid turvarikkumisi. Kui p\u00e4devad riigiasutused on varem andmeid taotlenud v\u00f5i kui on tuvastatud turvarikkumisi, s\u00e4ilitatakse andmeid vastavalt vajadusele.<\/li>\n<\/ul>\n\n\n\n<p>LODE SIA \u00f5igustatud huvid on:<\/p>\n\n\n\n<ul class=\"wp-block-list\">\n<li>andmesubjekti isiku tuvastamine enne lepingu s\u00f5lmimist<\/li>\n\n\n\n<li>lepinguliste kohustuste t\u00e4itmise tagamine<\/li>\n\n\n\n<li>andmesubjekti ostude, maksete ja tellimuste haldamine<\/li>\n\n\n\n<li>kohustuslike seaduslike n\u00f5uete t\u00e4itmine<\/li>\n<\/ul>\n\n\n\n<h2 class=\"wp-block-heading\">Milliseid andmesubjekti andmeid LODE SIA t\u00f6\u00f6tleb ja millisel viisil?<\/h2>\n\n\n\n<ul class=\"wp-block-list\">\n<li>Identifitseerimisandmed &#8211; eesnimi, perekonnanimi, isikukood, s\u00fcnniaeg<\/li>\n\n\n\n<li>Kontaktinfo &#8211; elukoha aadress, kohaletoimetamise aadress, telefoninumber, e-posti aadress<\/li>\n\n\n\n<li>Finantsinformatsioon &#8211; pangakonto andmed<\/li>\n\n\n\n<li>andmed, mida andmesubjekt avalikustab v\u00f5i edastab LODE SIA-le (nt e-posti aadress veebilehel vastuse saamiseks; andmesubjekti videopilt LODE SIA tootmisettev\u00f5tte videovalve alal).<\/li>\n<\/ul>\n\n\n\n<p>See teave on oluline teenuse kvaliteedi tagamiseks ja \u00f5igusp\u00e4raste (legitiimsete) eesm\u00e4rkide\/huvide saavutamiseks. Isikuandmeid ei koguta ilma andmesubjekti n\u00f5usolekuta, v\u00e4lja arvatud juhtudel, kus seadus v\u00f5imaldab n\u00f5usoleku mittevajalikuks tunnistada. Andmesubjektide andmeid ei edastata v\u00e4ljapoole Euroopa Liitu ega Euroopa Majanduspiirkonda.<\/p>\n\n\n\n<p>LODE SIA ei edasta andmesubjekti isikuandmeid kolmandatele osapooltele, v\u00e4lja arvatud:<\/p>\n\n\n\n<ul class=\"wp-block-list\">\n<li>kui andmete edastamine kolmandale osapoolele on lepingu tingimuste kohaselt vajalik (nt kauba kohaletoimetamine)<\/li>\n\n\n\n<li>kui andmesubjekt on andnud selge ja \u00fchem\u00f5ttelise n\u00f5usoleku<\/li>\n\n\n\n<li>riigiasutustele \u00f5igustatud taotluse alusel vastavalt \u00f5igusaktides s\u00e4testatud korrale ja ulatuses (nt videovalve andmed politseile)<\/li>\n\n\n\n<li>nendel juhtudel, mis on s\u00e4testatud regulatiivaktides LODE SIA \u00f5igusp\u00e4raste eesm\u00e4rkide\/huvide kaitseks.<\/li>\n<\/ul>\n\n\n\n<p>Andmesubjektide isikuandmete teave on salvestatud LODE SIA andmebaasides ja serverites, mis asuvad turvalises infrastruktuuris ning sisaldavad konkreetset haldus- ja andmevoo teavet andmesubjekti kohta.<\/p>\n\n\n\n<h2 class=\"wp-block-heading\">Milliseid meetodeid LODE SIA kasutab andmesubjektide isikuandmete kogumiseks ja t\u00f6\u00f6tlemiseks?<\/h2>\n\n\n\n<p>LODE SIA v\u00f5ib koguda isikuandmeid, mida andmesubjekt m\u00e4\u00e4rab v\u00f5i esitab LODE SIA teenuste kasutamisel, sealhulgas LODE SIA veebilehe kaudu.<\/p>\n\n\n\n<p>LODE SIA v\u00f5ib kaasata teenuseosutajaid, et tagada andmesubjekti teabe t\u00f6\u00f6tlemisel organisatsiooniline ja tehniline tugi.<\/p>\n\n\n\n<p>LODE SIA kasutab oma veebilehell k\u00fcpsiseid. K\u00fcpsised on v\u00e4ikesed tekstifailid, mida sinu veebibrauser (nt Google Chrome, Microsoft Edge ja teised) sinu seadmesse (nt arvuti, mobiiltelefon, tahvelarvuti) sirvimise ajal salvestab. Neid kasutatakse laialdaselt selleks, et veebilehed toimiksid v\u00f5i toimiksid t\u00f5husamalt ja efektiivsemalt ning m\u00f5nikord statistilise teabe saamiseks andmesubjekti ja tema tegevuse kohta saidil.<\/p>\n\n\n\n<p>K\u00fcpsised toimivad internetikasutaja isikutunnistusena, pakkudes veebilehele teavet iga j\u00e4rgmise k\u00fclastuse ajal. Need t\u00e4idavad mitmesuguseid funktsioone, sealhulgas salvestavad varasemad otsingud, keele- ja fondieelistused ning v\u00f5imaldavad veebislehel h\u00f5lpsasti navigeerida, j\u00e4ttes meelde kasutaja harjumused ja eelistused, parandades seel\u00e4bi veebilehe \u00fcldist kasutuskogemust.<\/p>\n\n\n\n<p>Veebilehel, mida haldab LODE SIA, kasutatakse k\u00fcpsiseid kasutusmugavuse, t\u00e4ieliku funktsionaalsuse ja statistiliste eesm\u00e4rkide saavutamiseks. Andmesubjekt saab alati keelduda k\u00fcpsiste oma arvutisse salvestamisest, muutes veebibrauseris vastavaid s\u00e4tteid. Kuid sel juhul ei saa andmesubjekt k\u00f5iki veebilehe funktsioone t\u00e4ielikult kasutada. Kui andmesubjekt k\u00fclastab LODE SIA veebilehte ilma k\u00fcpsiste salvestamise piiranguteta v\u00f5i kustutamata k\u00fcpsistega, loetakse, et andmesubjekt n\u00f5ustub k\u00fcpsiste kasutamisega.<\/p>\n\n\n\n<p>\u00dcksikasjaliku teabe saamiseks LODE SIA kasutatavate k\u00fcpsiste kohta vaadake LODE SIA k\u00fcpsiste poliitikat aadressil www.lode.lv\/sikdatnu-politika\/.<\/p>\n\n\n\n<h2 class=\"wp-block-heading\">Andmesubjektide isikuandmete s\u00e4ilitamisperiood<\/h2>\n\n\n\n<p>LODE SIA t\u00f6\u00f6tleb andmesubjekti isikuandmeid nii kaua, kuni t\u00e4idetud on v\u00e4hemalt \u00fcks j\u00e4rgmistest tingimustest:<\/p>\n\n\n\n<ul class=\"wp-block-list\">\n<li>andmesubjekt kasutab teenust\/hangib toote<\/li>\n\n\n\n<li>vastavalt LODE SIA seaduslike (legitiimsete) eesm\u00e4rkide\/huvide realiseerimisele ja kaitsmisele<\/li>\n\n\n\n<li>andmesubjekti n\u00f5usolek isikuandmete t\u00f6\u00f6tlemiseks ei ole t\u00fchistatud<\/li>\n\n\n\n<li>isikuandmete s\u00e4ilitamise periood on m\u00e4\u00e4ratud LODE SIA, L\u00e4ti Vabariigi v\u00f5i Euroopa Liidu eeskirjadega.<\/li>\n<\/ul>\n\n\n\n<h2 class=\"wp-block-heading\">Millised on turvatingimused?<\/h2>\n\n\n\n<p>LODE SIA p\u00fc\u00fcab v\u00f5imaluste piires tagada, pidevalt \u00fcle vaadata ja t\u00e4iustada turvameetmeid, et kaitsta andmesubjektide isikuandmeid loata juurdep\u00e4\u00e4su, juhusliku kadumise, avalikustamise v\u00f5i h\u00e4vitamise eest. LODE SIA kasutab kaasaegseid tehnoloogiaid, tehnilisi ja organisatsioonilisi n\u00f5udeid, nagu tulem\u00fc\u00fcrid, sissetungi tuvastamise s\u00fcsteemid, anal\u00fc\u00fcsitarkvara ja andmete kr\u00fcpteerimine.<br\/>LODE SIA vaatab hoolikalt \u00fcle k\u00f5ik teenusepakkujad, kes t\u00f6\u00f6tlevad andmesubjektide isikuandmeid LODE SIA nimel, ja hindab, kas partnerid (isikuandmete t\u00f6\u00f6tlejad) rakendavad asjakohaseid turvameetmeid, et tagada andmet\u00f6\u00f6tlus koosk\u00f5las LODE SIA juhiste ja regulatiivsete n\u00f5uetega.<br\/>LODE SIA ei vastuta isikuandmete loata juurdep\u00e4\u00e4su ega kadumise eest, kui see on v\u00e4ljaspool LODE SIA kontrolli, n\u00e4iteks kui andmesubjekt on oma isikuandmeid avaldanud kolmandatele isikutele.<br\/>LODE SIA teavitab viivitamata, kuid hiljemalt 72 tunni jooksul p\u00e4rast rikkumisest teadasaamist, ametiasutusi ja asjaomaseid isikuid, nagu on n\u00f5utud L\u00e4ti Vabariigi ja\/v\u00f5i Euroopa Liidu \u00f5igusaktidega, v\u00e4lja arvatud juhul, kui LODE SIA suudab vastutuse p\u00f5him\u00f5tte raames selgelt t\u00f5endada, et isikuandmete rikkumine ei kujuta t\u00f5en\u00e4oliselt ohtu f\u00fc\u00fcsiliste isikute \u00f5igustele ja vabadustele.<br\/>LODE SIA tagab isikuandmete t\u00f6\u00f6tlemise ja kaitse n\u00f5uete j\u00e4rgimise vastavalt L\u00e4ti Vabariigi ja\/v\u00f5i Euroopa Liidu seadustele ja m\u00e4\u00e4rustele.<\/p>\n\n\n\n<h2 class=\"wp-block-heading\">Millised \u00f5igused andmesubjektil on?<\/h2>\n\n\n\n<ul class=\"wp-block-list\">\n<li>V\u00f5tke \u00fchendust ettev\u00f5ttega LODE SIA, et saada koopia ettev\u00f5tte LODE SIA valduses olevatest isikuandmetest.<\/li>\n\n\n\n<li>Redigeeri k\u00f5iki isikuandmeid, mida LODE SIA sinu kohta omab.<\/li>\n\n\n\n<li>Saada teavet nende isikute v\u00f5i organisatsioonide kohta, kes on kindlaksm\u00e4\u00e4ratud ajavahemiku jooksul saanud LODE SIA-lt teavet andmesubjekti kohta. LODE SIA ei avalda andmesubjektile teavet riigiasutuste (n\u00e4iteks kriminaalmenetlust juhtivate asutuste, operatiivtegevusega seotud organisatsioonide v\u00f5i muude asutuste) kohta ega muudel juhtudel, kus teabe avaldamine on seadusega keelatud.<\/li>\n\n\n\n<li>Taotleda isikuandmete kustutamist v\u00f5i t\u00f6\u00f6tlemise piiramist, kui nende t\u00f6\u00f6tlemine ei ole enam vajalik eesm\u00e4rkidel, milleks andmed koguti ja t\u00f6\u00f6deldi (&#8220;\u00f5igus olla unustatud&#8221;) ning kui kustutamine v\u00f5i piiramine on lubatud L\u00e4ti Vabariigi ja\/v\u00f5i Euroopa Liidu seaduste ja m\u00e4\u00e4rustega.<\/li>\n\n\n\n<li>Andmesubjektil on \u00f5igus oma isikuandmete edastamisele.<\/li>\n<\/ul>\n\n\n\n<p>Isikuandmete t\u00f6\u00f6tlemisega seotud k\u00fcsimustele vastamiseks v\u00f5ite p\u00f6\u00f6rduda LODE SIA v\u00f5i isikuandmete t\u00f6\u00f6tlemise j\u00e4relevalveasutuse poole (Andmekaitse Inspektsioon, www.dvi.gov.lv). K\u00f5ik infoturbes\u00fcsteemi ja teabe\/andmet\u00f6\u00f6tluse turvalisusega seotud k\u00fcsimused, mida k\u00e4esolev poliitika ei k\u00e4sitle, tuleb suunata LODE SIA-le (67378020, e-post: info@lode.lv).<\/p>\n<\/div>\n","protected":false},"excerpt":{"rendered":"<p>LODE SIA on v\u00f5tnud kohustuse kaitsta \u00fcksikisikute \u2013 (andmesubjektide) privaatsuse puutumatust, tuginedes Euroopa Parlamendi ja n\u00f5ukogu 27. aprilli 2016. aasta m\u00e4\u00e4rusele 2016\/679, mis k\u00e4sitleb f\u00fc\u00fcsiliste isikute kaitset isikuandmete t\u00f6\u00f6tlemisel ja selliste andmete vaba liikumist ning millega tunnistatakse kehtetuks direktiiv 95\/46\/E\u00dc, ning koosk\u00f5las muude eraelu puutumatust ja isikuandmete t\u00f6\u00f6tlemist reguleerivate seaduste ja m\u00e4\u00e4rustega.LODE SIA privaatsuspoliitikat kohaldatakse [&hellip;]<\/p>\n","protected":false},"author":1,"featured_media":269949,"parent":0,"menu_order":0,"comment_status":"closed","ping_status":"closed","template":"single-post","meta":{"_acf_changed":false,"footnotes":""},"class_list":["post-269395","page","type-page","status-publish","has-post-thumbnail","hentry"],"acf":[],"_links":{"self":[{"href":"https:\/\/lode.lv\/et\/wp-json\/wp\/v2\/pages\/269395","targetHints":{"allow":["GET"]}}],"collection":[{"href":"https:\/\/lode.lv\/et\/wp-json\/wp\/v2\/pages"}],"about":[{"href":"https:\/\/lode.lv\/et\/wp-json\/wp\/v2\/types\/page"}],"author":[{"embeddable":true,"href":"https:\/\/lode.lv\/et\/wp-json\/wp\/v2\/users\/1"}],"replies":[{"embeddable":true,"href":"https:\/\/lode.lv\/et\/wp-json\/wp\/v2\/comments?post=269395"}],"version-history":[{"count":8,"href":"https:\/\/lode.lv\/et\/wp-json\/wp\/v2\/pages\/269395\/revisions"}],"predecessor-version":[{"id":279204,"href":"https:\/\/lode.lv\/et\/wp-json\/wp\/v2\/pages\/269395\/revisions\/279204"}],"wp:featuredmedia":[{"embeddable":true,"href":"https:\/\/lode.lv\/et\/wp-json\/wp\/v2\/media\/269949"}],"wp:attachment":[{"href":"https:\/\/lode.lv\/et\/wp-json\/wp\/v2\/media?parent=269395"}],"curies":[{"name":"wp","href":"https:\/\/api.w.org\/{rel}","templated":true}]}}