{"id":269382,"date":"2025-03-09T12:24:17","date_gmt":"2025-03-09T12:24:17","guid":{"rendered":"http:\/\/lode2025.local\/kupsiste-poliitika\/"},"modified":"2025-05-15T14:39:37","modified_gmt":"2025-05-15T14:39:37","slug":"kupsiste-poliitika","status":"publish","type":"page","link":"https:\/\/lode.lv\/et\/kupsiste-poliitika\/","title":{"rendered":"K\u00fcpsistepoliitika"},"content":{"rendered":"\n<div class=\"wp-block-group has-global-padding is-layout-constrained wp-container-core-group-is-layout-5a30f31b wp-block-group-is-layout-constrained\">\n<p>K\u00fcpsisepoliitika eesm\u00e4rk on anda isikutele \u2014 andmesubjektidele \u2014 teavet LODE SIA rakendatava k\u00fcpsisepoliitika kohta LODE SIA hallatavatel veebilehtedel, tagades andmesubjektide isikuandmete kaitse ja \u00f5iguste kaitse. K\u00fcpsiseid kasutades tagame, et k\u00f5iki isikuandmeid t\u00f6\u00f6deldakse vastavalt Euroopa Parlamendi ja n\u00f5ukogu 27. aprilli 2016. aasta m\u00e4\u00e4ruse (EL) 2016\/679 (f\u00fc\u00fcsiliste isikute kaitse kohta seoses isikuandmete t\u00f6\u00f6tlemisega ja selliste andmete vaba liikumise kohta ning direktiivi 95\/46\/E\u00dc kehtetuks tunnistamise kohta) s\u00e4tetele, samuti vastavalt teistele eraelu puutumatust ja isikuandmete t\u00f6\u00f6tlemist k\u00e4sitlevatele \u00f5igusaktidele ning LODE SIA privaatsuspoliitikale.<\/p>\n\n\n\n<h2 class=\"wp-block-heading\">KONTAKTANDMED<\/h2>\n\n\n\n<p>Andmete vastutav t\u00f6\u00f6tleja on LODE SIA, registrikood 50003032071, juriidiline aadress: Lode, Liepas pagasts, C\u0113su vald, LV-4128. Andmet\u00f6\u00f6tluse p\u00e4ringute korral v\u00f5tke meiega \u00fchendust e-posti teel aadressil <a href=\"mailto:info@lode.lv\">info@lode.lv<\/a><\/p>\n\n\n\n<h2 class=\"wp-block-heading\">\u00dcldine teave k\u00fcpsiste kohta<\/h2>\n\n\n\n<p> K\u00fcpsised on v\u00e4ikesed tekstifailid, mida teie veebibrauser (nt Google Chrome, Microsoft Edge ja teised) teie seadmesse (nt arvuti, mobiiltelefon, tahvelarvuti) sirvimise ajal salvestab. Neid kasutatakse laialdaselt selleks, et veebisaidid toimiksid v\u00f5i toimiksid t\u00f5husamalt ja efektiivsemalt ning m\u00f5nikord statistilise teabe saamiseks andmesubjekti ja tema tegevuse kohta saidil.<\/p>\n\n\n\n<p>K\u00fcpsised toimivad internetikasutaja isikutunnistusena, pakkudes veebisaidile teavet iga j\u00e4rgmise k\u00fclastuse ajal. Need t\u00e4idavad mitmesuguseid funktsioone, sealhulgas salvestavad varasemad otsingud, keele- ja fondieelistused ning v\u00f5imaldavad veebisaidil h\u00f5lpsasti navigeerida, j\u00e4ttes meelde kasutaja harjumused ja eelistused, parandades seel\u00e4bi veebisaidi \u00fcldist kasutuskogemust.<\/p>\n\n\n\n<p>K\u00fcpsised parandavad ka veebisaidi toimimist. \u00dcks eesm\u00e4rk k\u00fcpsiste kasutamisel on saada \u00fclevaade, kuidas veebisaiti kasutatakse, et parendada selle kasutajas\u00f5bralikkust, sisu ja funktsionaalsust. N\u00e4iteks v\u00f5imaldavad k\u00fcpsised kindlaks teha, kas veebisaidi alamlehti k\u00fclastatakse, ja kui jah, siis milliseid ning milline sisu seal on kasutajate huvi k\u00f6itnud. T\u00e4psemalt salvestatakse veebilehe k\u00fclastuste arv, k\u00fclastatud alamlehtede arv, veebilehtedel veedetud aeg, lehtede k\u00fclastamise j\u00e4rjestus, \u00fcksikasjad otsinguparameetrite kohta, mis juhatasid kasutajad veebisaidile, riik, piirkond ja vajadusel linn, kust veebisaiti k\u00fclastati, brauseri andmed ning mobiilseadmete protsent, mida kasutati veebisaidile ligip\u00e4\u00e4suks. Kasutaja arvuti IP-aadress, mis edastatakse tehnilistel p\u00f5hjustel, anon\u00fcmiseeritakse automaatselt ja ei v\u00f5imalda teha mingeid j\u00e4reldusi kasutaja isiku kohta.<\/p>\n\n\n\n<h2 class=\"wp-block-heading\">K\u00dcPSISTE LIIGID, FUNKTSIOONID, ADMINISTRAATORID, S\u00c4ILITUSPERIOODID<\/h2>\n\n\n\n<p>LODE SIA hallataval veebilehel kasutatakse k\u00fcpsiseid kasutusmugavuse suurendamiseks, t\u00e4ieliku funktsionaalsuse tagamiseks ja statistiliste andmete kogumiseks.<\/p>\n\n\n\n<p>Statistika koostamise eesm\u00e4rgil kasutab sait <a href=\"https:\/\/lode.lv\/en\/\">www.lode.lv<\/a> Google Inc. poolt v\u00e4lja t\u00f6\u00f6tatud programmi Google Analytics, mis kasutab k\u00fcpsiseid, et v\u00f5imaldada veebisaidi operaatoril anal\u00fc\u00fcsida saidi kasutamist.<\/p>\n\n\n\n<figure class=\"wp-block-table\"><table class=\"has-fixed-layout\"><tbody><tr><td><strong>Nimi<\/strong><\/td><td><strong>Pakkuja \/ Domeen<\/strong><\/td><td><strong>Aegumine<\/strong><\/td><td><strong>Kirjeldus<\/strong><\/td><\/tr><tr><td>VISITOR_PRIVACY_METADATA<\/td><td><a href=\"https:\/\/policies.google.com\/privacy\" target=\"_blank\" rel=\"noreferrer noopener\"><strong>YouTube<\/strong><\/a><br\/>.youtube.com<\/td><td>6 kuud<\/td><td>Seda k\u00fcpsist kasutatakse selleks, et salvestada kasutaja n\u00f5usolek ja privaatsusvalikud veebilehega suhtlemiseks. See salvestab andmed k\u00fclastaja n\u00f5usoleku kohta seoses erinevate privaatsuspoliitikate ja seadetega, tagades, et nende eelistusi austatakse tulevastel sessioonidel.<\/td><\/tr><tr><td>CookieScriptConsent<\/td><td><a href=\"https:\/\/cookie-script.com\/privacy-policy.html\" target=\"_blank\" rel=\"noreferrer noopener\"><strong>CookieScript<\/strong><\/a><br\/>lode.lv<\/td><td>1 kuu<\/td><td>Teenus Cookie-Script.com kasutab seda k\u00fcpsist k\u00fclastajate k\u00fcpsiste n\u00f5usoleku eelistuste meeldej\u00e4tmiseks. See on vajalik selleks, et Cookie-Script.com k\u00fcpsiste b\u00e4nner korralikult t\u00f6\u00f6taks.<\/td><\/tr><tr><td>sbjs_current_add<\/td><td>.lode.lv<\/td><td>Seanss<\/td><td>Seda k\u00fcpsist kasutatakse teabe salvestamiseks k\u00e4imasoleva k\u00fclastuse kohta, et eristada kasutajaid ja sessioone. Tavaliselt sisaldab see selliseid \u00fcksikasju nagu liikluse allikas, kampaania andmed ja kasutajate k\u00e4itumine, mis aitavad j\u00e4lgida ja anal\u00fc\u00fcsida turunduskampaaniate t\u00f5husust.<\/td><\/tr><tr><td>sbjs_session<\/td><td>.lode.lv<\/td><td>30 minutit<\/td><td>Seda k\u00fcpsist kasutatakse kasutajate tegevuse ja sessioonide j\u00e4lgimiseks, et parandada veebisaidi toimivust ja kasutatavust, aidates m\u00f5ista, kuidas k\u00fclastajad veebisaidiga suhtlevad.<\/td><\/tr><tr><td>sbjs_migrations<\/td><td>.lode.lv<\/td><td>Seanss<\/td><td>Seda k\u00fcpsist kasutatakse kasutajate interaktsioonide ja liikumise j\u00e4lgimiseks veebisaidi erinevate lehtede v\u00f5i osade vahel, et parandada kasutajakogemust ja veebisaidi j\u00f5udluse anal\u00fc\u00fcsi.<\/td><\/tr><tr><td>sbjs_first<\/td><td>.lode.lv<\/td><td>Seanss<\/td><td>Seda k\u00fcpsist kasutatakse teabe salvestamiseks kasutaja esimese seansi kohta veebisaidil. See j\u00e4lgib selliseid \u00fcksikasju nagu allikas, kust kasutaja tuli, nende valitud tee, millist otsingumootorit ja m\u00e4rks\u00f5na kasutati ning nende asukoht esimese k\u00fclastuse ajal. Seda teavet kasutatakse veebisaidi toimivuse anal\u00fc\u00fcsimiseks ja parandamiseks, m\u00f5istes kasutaja k\u00e4itumist.<\/td><\/tr><tr><td>sbjs_udata<\/td><td>.lode.lv<\/td><td>Seanss<\/td><td>Seda k\u00fcpsist kasutatakse kasutajaspetsiifiliste andmete salvestamiseks, et aidata j\u00e4lgida ja anal\u00fc\u00fcsida reklaamikampaaniate t\u00f5husust ning optimeerida kasutajakogemust veebisaidil.<\/td><\/tr><tr><td>_ga<\/td><td><a href=\"https:\/\/policies.google.com\/privacy\" target=\"_blank\" rel=\"noreferrer noopener\">Google LLC<\/a><br\/>.lode.lv<\/td><td>1 aasta 1 kuu<\/td><td>See k\u00fcpsise nimi on seotud Google Universal Analyticsiga &#8211; see on m\u00e4rkimisv\u00e4\u00e4rne v\u00e4rskendus Google&#8217;i sagedamini kasutatavale anal\u00fc\u00fcsiteenusele. Seda k\u00fcpsist kasutatakse ainulaadsete kasutajate eristamiseks, m\u00e4\u00e4rates kliendi identifikaatoriks juhuslikult genereeritud numbri. See on lisatud saidi igasse lehe p\u00e4ringusse ja seda kasutatakse saitide anal\u00fc\u00fcsi aruannete k\u00fclastajate, seansside ja kampaaniate andmete arvutamiseks.<\/td><\/tr><tr><td>_ga_36W1VK26CR<\/td><td>.lode.lv<\/td><td>1 aasta 1 kuu<\/td><td>Google Analytics kasutab seda k\u00fcpsist seansi oleku s\u00e4ilitamiseks.<\/td><\/tr><tr><td>sbjs_first_add<\/td><td>.lode.lv<\/td><td>Seanss<\/td><td>Seda k\u00fcpsist kasutatakse selleks, et salvestada andmeid kasutaja esimese veebisaidi k\u00fclastuse kohta, sealhulgas ajatempel, viitav veebisait ja liikluse allikas, et hinnata turunduskampaaniate ja veebisaidi allikate t\u00f5husust.<\/td><\/tr><tr><td>sbjs_current<\/td><td>.lode.lv<\/td><td>Seanss<\/td><td>Seda k\u00fcpsist kasutatakse kasutajate tegevuse ja suhtluse j\u00e4lgimiseks kogu veebisaidil, et h\u00f5lbustada liiklusallikate ja kasutaja k\u00e4itumise paremat anal\u00fc\u00fcsi ja m\u00f5istmist.<\/td><\/tr><tr><td>test_cookie<\/td><td><a href=\"https:\/\/policies.google.com\/privacy\" target=\"_blank\" rel=\"noreferrer noopener\">Google LLC<\/a><br\/>.doubleclick.net<\/td><td>15 minutit<\/td><td>Selle k\u00fcpsise m\u00e4\u00e4rab DoubleClick (mille omanik on Google), et teha kindlaks, kas veebisaidi k\u00fclastaja brauser toetab k\u00fcpsiseid.<\/td><\/tr><tr><td>YSC<\/td><td><a href=\"https:\/\/policies.google.com\/privacy\" target=\"_blank\" rel=\"noreferrer noopener\">Google LLC<\/a><br\/>.youtube.com<\/td><td>Seanss<\/td><td>Selle k\u00fcpsise on YouTube seadistanud manustatud videote vaatamiste j\u00e4lgimiseks.<\/td><\/tr><tr><td>_gcl_au<\/td><td><a href=\"https:\/\/policies.google.com\/privacy\" target=\"_blank\" rel=\"noreferrer noopener\">Google LLC<\/a><br\/>.lode.lv<\/td><td>3 kuud<\/td><td>Selle k\u00fcpsise on seadistanud Doubleclick ja see annab teavet selle kohta, kuidas l\u00f5ppkasutaja veebisaiti kasutab, ja igasuguse reklaami kohta, mida l\u00f5ppkasutaja v\u00f5is enne nimetatud veebisaidi k\u00fclastamist n\u00e4ha.<\/td><\/tr><tr><td>IDE<\/td><td><a href=\"https:\/\/policies.google.com\/privacy\" target=\"_blank\" rel=\"noreferrer noopener\">Google LLC<\/a><br\/>.doubleclick.net<\/td><td>1 aasta<\/td><td>Selle k\u00fcpsise on seadistanud Doubleclick ja see annab teavet selle kohta, kuidas l\u00f5ppkasutaja veebisaiti kasutab, ja igasuguse reklaami kohta, mida l\u00f5ppkasutaja v\u00f5is enne nimetatud veebisaidi k\u00fclastamist n\u00e4ha.<\/td><\/tr><tr><td>VISITOR_INFO1_LIVE<\/td><td><a href=\"https:\/\/policies.google.com\/privacy\" target=\"_blank\" rel=\"noreferrer noopener\">Google LLC<\/a><\/td><td>6 kuud<\/td><td>&#8220;Selle k\u00fcpsise seab YouTube, et j\u00e4lgida kasutajate eelistusi veebilehtedele manustatud YouTube\u2019i videote puhul; see v\u00f5ib samuti kindlaks teha, kas veebilehe k\u00fclastaja kasutab YouTube\u2019i uut v\u00f5i vana kasutajaliidest.&#8221;<\/td><\/tr><tr><td>_wpfuuid<\/td><td>lode.lv<\/td><td>1 aasta 1 kuu<\/td><td>Seda k\u00fcpsist kasutatakse iga k\u00fclastaja jaoks unikaalse identifikaatori loomiseks, et s\u00e4ilitada seansi terviklikkus ja parandada kasutaja kogemust veebisaidil.<\/td><\/tr><tr><td>wp-wpml_current_language<\/td><td><a href=\"https:\/\/wpml.org\/documentation\/privacy-policy-and-gdpr-compliance\/\" target=\"_blank\" rel=\"noreferrer noopener\">OnTheGoSystems Ltd.<\/a><br\/>lode.lv<\/td><td>Seanss<\/td><td>Salvestab praeguse keele. Vaikimisi on see k\u00fcpsis seatud ainult sisse loginud kasutajatele. Kui lubate keelek\u00fcpsise AJAX-i filtreerimise toetamiseks, m\u00e4\u00e4ratakse see k\u00fcpsis ka kasutajatele, kes pole sisse loginud.<\/td><\/tr><\/tbody><\/table><\/figure>\n\n\n\n<h2 class=\"wp-block-heading\">K\u00dcPSISTE KONTROLLIMINE JA HALDAMINE<\/h2>\n\n\n\n<p>Andmesubjektil on v\u00f5imalik k\u00fcpsiseid hallata v\u00f5i kustutada. Enamikku veebibrausereid saab seadistada nii, et need blokeerivad k\u00fcpsiste teie seadmesse salvestamise. Pange t\u00e4hele, et sel juhul peate iga kord, kui k\u00fclastate veebisaiti, teatud seadeid kohandama ning m\u00f5ned teenused ja funktsioonid ei pruugi saidil t\u00f6\u00f6tada.<\/p>\n\n\n\n<p>Lisateabe saamiseks k\u00fclastage: https:\/\/www.aboutcookies.org\/.<\/p>\n\n\n\n<p>\u00dcksikasjalikku teavet k\u00fcpsiste haldamise kohta oma veebibrauseris leiate siit:<\/p>\n\n\n\n<p>Internet Explorer: http:\/\/support.microsoft.com\/kb\/278835<br\/>Chrome: https:\/\/support.google.com\/chrome\/answer\/95647?hl=en<br\/>Firefox: http:\/\/support.mozilla.org\/en-US\/kb\/Clear%20Recent%20History<br\/>Opera: https:\/\/www.opera.com\/help\/tutorials\/security\/privacy\/<br\/>Safari: http:\/\/support.apple.com\/kb\/PH5042<br\/>Google Analyticsi andmekogumise v\u00e4ltimiseks saate alla laadida ja installida brauseri lisandmooduli: https:\/\/tools.google.com\/dlpage\/gaoptout.<\/p>\n\n\n\n<h2 class=\"wp-block-heading\">K\u00dcPSISTE KASUTAMINE JA S\u00c4ILITAMINE<\/h2>\n\n\n\n<p>LODE SIA kasutab tehnilisi\/olulisi\/funktsionaalseid k\u00fcpsiseid ning isikustatud\/k\u00fclastaja eelistuste k\u00fcpsiseid LODE SIA \u00f5igustatud huvide alusel.<\/p>\n\n\n\n<p>LODE SIA kasutab anal\u00fc\u00fcsik\u00fcpsiseid nii otse kui ka kolmanda osapoole, Google&#8217;i kaudu, andmesubjekti antud n\u00f5usolekul j\u00e4rgmiste eesm\u00e4rkide saavutamiseks:<\/p>\n\n\n\n<ul class=\"wp-block-list\">\n<li>unikaalsete kasutajate m\u00e4\u00e4ramiseks<\/li>\n\n\n\n<li>kogumaks statistika saidi k\u00fclastuste hulga kohta<\/li>\n\n\n\n<li><em>Google&#8217;i <\/em>seadeteks ja muud eesm\u00e4rgid;<\/li>\n\n\n\n<li>veebisaidi k\u00fclastajate anal\u00fc\u00fcsimiseks.<\/li>\n<\/ul>\n\n\n\n<p>Andmesubjekt valib, kas anda n\u00f5usolek konkreetsete k\u00fcpsiste kategooriate kasutamiseks, andes n\u00f5usoleku veebilehe k\u00fclastamisel kuvataval k\u00fcpsiste ribal.<\/p>\n\n\n\n<p>K\u00fcpsiseid s\u00e4ilitatakse mitte kauem, kui seadusega ette n\u00e4htud.<\/p>\n\n\n\n<h2 class=\"wp-block-heading\">N\u00f5usoleku tagasiv\u00f5tmine<\/h2>\n\n\n\n<p>Andmesubjekt v\u00f5ib k\u00fcpsiste lubasid igal ajal muuta v\u00f5i k\u00fcpsiste kasutamisest loobuda. Andmesubjekt v\u00f5ib keelduda k\u00f5igist k\u00fcpsistest, v\u00e4lja arvatud tehnilised k\u00fcpsised. Kui andmesubjekt soovib anda v\u00f5i tagasi v\u00f5tta n\u00f5usoleku anal\u00fc\u00fctiliste k\u00fcpsiste jaoks, peab ta kl\u00f5psama vastavat nuppu.<\/p>\n\n\n\n<p>Te saate k\u00fcpsiste seadistusi igal ajal vaadata ja muuta, kl\u00f5psates veebisaidi vasakus allnurgas asuval ikoonil.<\/p>\n\n\n\n<p>T\u00e4psemat teavet k\u00fcpsiste ja nende kasutamise v\u00f5i muudatuste kohta saab vaadata k\u00fcpsiste aknas, vajutades nupule \u201eKuva \u00fcksikasjad\u201c ning seej\u00e4rel vajutades nupule \u201eKuva k\u00fcpsised\u201c vastava kategooria all.<br\/><\/p>\n\n\n\n<h2 class=\"wp-block-heading\">K\u00fcpsistepoliitika ajakohastamine ja muutmine<\/h2>\n\n\n\n<p>LODE SIA v\u00f5ib seda poliitikat ilma andmesubjekti sellest ette teavitamata osaliselt muuta v\u00f5i uuendada. Enne pakkumiste kasutamist palun tutvuge uuesti k\u00fcpsiste poliitikaga, et olla teadlik viimastest muudatustest v\u00f5i uuendustest.<\/p>\n<\/div>\n","protected":false},"excerpt":{"rendered":"<p>K\u00fcpsisepoliitika eesm\u00e4rk on anda isikutele \u2014 andmesubjektidele \u2014 teavet LODE SIA rakendatava k\u00fcpsisepoliitika kohta LODE SIA hallatavatel veebilehtedel, tagades andmesubjektide isikuandmete kaitse ja \u00f5iguste kaitse. K\u00fcpsiseid kasutades tagame, et k\u00f5iki isikuandmeid t\u00f6\u00f6deldakse vastavalt Euroopa Parlamendi ja n\u00f5ukogu 27. aprilli 2016. aasta m\u00e4\u00e4ruse (EL) 2016\/679 (f\u00fc\u00fcsiliste isikute kaitse kohta seoses isikuandmete t\u00f6\u00f6tlemisega ja selliste andmete vaba [&hellip;]<\/p>\n","protected":false},"author":1,"featured_media":269949,"parent":0,"menu_order":0,"comment_status":"closed","ping_status":"closed","template":"single-post","meta":{"_acf_changed":false,"footnotes":""},"class_list":["post-269382","page","type-page","status-publish","has-post-thumbnail","hentry"],"acf":[],"_links":{"self":[{"href":"https:\/\/lode.lv\/et\/wp-json\/wp\/v2\/pages\/269382","targetHints":{"allow":["GET"]}}],"collection":[{"href":"https:\/\/lode.lv\/et\/wp-json\/wp\/v2\/pages"}],"about":[{"href":"https:\/\/lode.lv\/et\/wp-json\/wp\/v2\/types\/page"}],"author":[{"embeddable":true,"href":"https:\/\/lode.lv\/et\/wp-json\/wp\/v2\/users\/1"}],"replies":[{"embeddable":true,"href":"https:\/\/lode.lv\/et\/wp-json\/wp\/v2\/comments?post=269382"}],"version-history":[{"count":0,"href":"https:\/\/lode.lv\/et\/wp-json\/wp\/v2\/pages\/269382\/revisions"}],"wp:featuredmedia":[{"embeddable":true,"href":"https:\/\/lode.lv\/et\/wp-json\/wp\/v2\/media\/269949"}],"wp:attachment":[{"href":"https:\/\/lode.lv\/et\/wp-json\/wp\/v2\/media?parent=269382"}],"curies":[{"name":"wp","href":"https:\/\/api.w.org\/{rel}","templated":true}]}}