{"id":269369,"date":"2025-03-16T20:38:23","date_gmt":"2025-03-16T20:38:23","guid":{"rendered":"http:\/\/lode2025.local\/spetsialistidele\/"},"modified":"2025-08-14T12:34:59","modified_gmt":"2025-08-14T12:34:59","slug":"spetsialistidele","status":"publish","type":"page","link":"https:\/\/lode.lv\/et\/spetsialistidele\/","title":{"rendered":"Professionaalidele"},"content":{"rendered":"\n<div class=\"wp-block-group lode--mobile--has-global-padding has-global-padding is-layout-constrained wp-container-core-group-is-layout-9b1db0e5 wp-block-group-is-layout-constrained\" style=\"padding-top:var(--wp--preset--spacing--70);padding-bottom:var(--wp--preset--spacing--70)\">\n<div class=\"wp-block-group has-global-padding is-layout-constrained wp-container-core-group-is-layout-5a30f31b wp-block-group-is-layout-constrained\">\n<h2 class=\"wp-block-heading\">Vastavustunnistused<\/h2>\n\n\n\n<div class=\"wp-block-columns is-layout-flex wp-container-core-columns-is-layout-47c06fe3 wp-block-columns-is-layout-flex\">\n<div class=\"wp-block-column is-vertically-aligned-stretch is-layout-flow wp-block-column-is-layout-flow\">\n<div class=\"wp-block-group has-global-padding is-layout-constrained wp-container-core-group-is-layout-346627ba wp-block-group-is-layout-constrained\">\n<h3 class=\"wp-block-heading\">Vastavustunnistus <br\/>nr. 1354\/2014<\/h3>\n\n\n\n<p>Keraamilised sillutiskivid, sise- ja v\u00e4lisp\u00f5randad ning teekatted<\/p>\n\n\n\n<div class=\"wp-block-buttons is-layout-flex wp-container-core-buttons-is-layout-9bedd9bf wp-block-buttons-is-layout-flex\">\n<div class=\"wp-block-button is-style-lode--button-full-small\"><a class=\"wp-block-button__link has-white-color has-text-color has-link-color wp-element-button\" href=\"https:\/\/lode.lv\/wp-content\/uploads\/Atbilstibas-sertifikats-nr.-1354_2014.pdf\">Allalaadimine<\/a><\/div>\n<\/div>\n<\/div>\n<\/div>\n\n\n\n<div class=\"wp-block-column is-layout-flow wp-block-column-is-layout-flow\">\n<div class=\"wp-block-group has-global-padding is-layout-constrained wp-container-core-group-is-layout-346627ba wp-block-group-is-layout-constrained\">\n<h3 class=\"wp-block-heading\">Vastavustunnistus <br\/>nr. 1325-CPR-1212<\/h3>\n\n\n\n<p>Keraamilised m\u00fc\u00fcritise seinaelemendid &#8211; Keraterm, ehitusplokid, t\u00e4istellised<\/p>\n\n\n\n<div class=\"wp-block-buttons is-layout-flex wp-block-buttons-is-layout-flex\">\n<div class=\"wp-block-button is-style-lode--button-full-small\"><a class=\"wp-block-button__link has-white-color has-text-color has-link-color wp-element-button\" href=\"https:\/\/lode.lv\/wp-content\/uploads\/Atbilstibas-sertifikats-nr.-1325-CPR-1212.pdf\">Allalaadimine<\/a><\/div>\n<\/div>\n<\/div>\n<\/div>\n\n\n\n<div class=\"wp-block-column is-layout-flow wp-block-column-is-layout-flow\">\n<div class=\"wp-block-group has-global-padding is-layout-constrained wp-container-core-group-is-layout-346627ba wp-block-group-is-layout-constrained\">\n<h3 class=\"wp-block-heading\">Vastavustunnistus <br\/>nr. 1325-CPR-1212<\/h3>\n\n\n\n<p>Keraamilise m\u00fc\u00fcritise tooted &#8211; viimistlusplokid, ehitusplokid<\/p>\n\n\n\n<div class=\"wp-block-buttons is-layout-flex wp-block-buttons-is-layout-flex\">\n<div class=\"wp-block-button is-style-lode--button-full-small\"><a class=\"wp-block-button__link has-white-color has-text-color has-link-color wp-element-button\" href=\"https:\/\/lode.lv\/wp-content\/uploads\/Atbilstibas-sertifikats-nr.-1325-CPR-1212.pdf\">Allalaadimine<\/a><\/div>\n<\/div>\n<\/div>\n<\/div>\n<\/div>\n<\/div>\n\n\n\n<div class=\"wp-block-group has-global-padding is-layout-constrained wp-container-core-group-is-layout-5a30f31b wp-block-group-is-layout-constrained\">\n<hr class=\"wp-block-separator has-alpha-channel-opacity\"\/>\n\n\n\n<h2 class=\"wp-block-heading\">EPD t\u00f5endid<\/h2>\n\n\n\n<div class=\"wp-block-columns is-layout-flex wp-container-core-columns-is-layout-47c06fe3 wp-block-columns-is-layout-flex\">\n<div class=\"wp-block-column is-vertically-aligned-stretch is-layout-flow wp-block-column-is-layout-flow\" style=\"flex-basis:25%\">\n<div class=\"wp-block-group has-global-padding is-layout-constrained wp-container-core-group-is-layout-346627ba wp-block-group-is-layout-constrained\">\n<h3 class=\"wp-block-heading\">S-P-11028<\/h3>\n\n\n\n<p>Kollase savi materjalid<\/p>\n\n\n\n<div class=\"wp-block-buttons is-layout-flex wp-container-core-buttons-is-layout-9bedd9bf wp-block-buttons-is-layout-flex\">\n<div class=\"wp-block-button is-style-lode--button-full-small\"><a class=\"wp-block-button__link has-white-color has-text-color has-link-color wp-element-button\" href=\"https:\/\/lode.lv\/wp-content\/uploads\/EPD-yellow-clay.pdf\">Allalaadimine<\/a><\/div>\n<\/div>\n\n\n\n<h3 class=\"wp-block-heading\">S-P-11030<\/h3>\n\n\n\n<p>Punase savi materjalid<\/p>\n\n\n\n<div class=\"wp-block-buttons is-layout-flex wp-container-core-buttons-is-layout-9bedd9bf wp-block-buttons-is-layout-flex\">\n<div class=\"wp-block-button is-style-lode--button-full-small\"><a class=\"wp-block-button__link has-white-color has-text-color has-link-color wp-element-button\" href=\"https:\/\/lode.lv\/wp-content\/uploads\/EPD-red-clay.pdf\">Allalaadimine<\/a><\/div>\n<\/div>\n\n\n\n<div class=\"wp-block-group has-global-padding is-layout-constrained wp-container-core-group-is-layout-346627ba wp-block-group-is-layout-constrained\">\n<h3 class=\"wp-block-heading\">S-P-12511<\/h3>\n\n\n\n<p>Vertikaalselt \u00f5\u00f5nes savimaterjalid<\/p>\n\n\n\n<div class=\"wp-block-buttons is-layout-flex wp-block-buttons-is-layout-flex\">\n<div class=\"wp-block-button is-style-lode--button-full-small\"><a class=\"wp-block-button__link has-white-color has-text-color has-link-color wp-element-button\" href=\"https:\/\/lode.lv\/wp-content\/uploads\/EPD-Keraterm.pdf\">Allalaadimine<\/a><\/div>\n<\/div>\n<\/div>\n<\/div>\n<\/div>\n\n\n\n<div class=\"wp-block-column is-layout-flow wp-container-core-column-is-layout-119bc444 wp-block-column-is-layout-flow\" style=\"flex-basis:25%\">\n<div class=\"wp-block-group has-global-padding is-layout-constrained wp-container-core-group-is-layout-346627ba wp-block-group-is-layout-constrained\">\n<h3 class=\"wp-block-heading\">S-P-11031<\/h3>\n\n\n\n<p>Pruuni savi materjalid<\/p>\n\n\n\n<div class=\"wp-block-buttons is-layout-flex wp-block-buttons-is-layout-flex\">\n<div class=\"wp-block-button is-style-lode--button-full-small\"><a class=\"wp-block-button__link has-white-color has-text-color has-link-color wp-element-button\" href=\"https:\/\/lode.lv\/wp-content\/uploads\/EPD-brown-clay.pdf\">Allalaadimine<\/a><\/div>\n<\/div>\n<\/div>\n\n\n\n<div class=\"wp-block-group has-global-padding is-layout-constrained wp-container-core-group-is-layout-346627ba wp-block-group-is-layout-constrained\">\n<h3 class=\"wp-block-heading\">S-P-11054<\/h3>\n\n\n\n<p>Redutseeritud savi materjalid<\/p>\n\n\n\n<div class=\"wp-block-buttons is-layout-flex wp-block-buttons-is-layout-flex\">\n<div class=\"wp-block-button is-style-lode--button-full-small\"><a class=\"wp-block-button__link has-white-color has-text-color has-link-color wp-element-button\" href=\"https:\/\/lode.lv\/wp-content\/uploads\/EPD-reduction.pdf\">Allalaadimine<\/a><\/div>\n<\/div>\n<\/div>\n<\/div>\n\n\n\n<div class=\"wp-block-column is-layout-flow wp-container-core-column-is-layout-119bc444 wp-block-column-is-layout-flow\" style=\"flex-basis:50%\">\n<figure class=\"wp-block-image size-large\"><img loading=\"lazy\" decoding=\"async\" width=\"801\" height=\"800\" src=\"https:\/\/lode.lv\/wp-content\/uploads\/Group-159-801x800.png\" alt=\"\" class=\"wp-image-275702\" srcset=\"https:\/\/lode.lv\/wp-content\/uploads\/Group-159-801x800.png 801w, https:\/\/lode.lv\/wp-content\/uploads\/Group-159-401x400.png 401w, https:\/\/lode.lv\/wp-content\/uploads\/Group-159-280x280.png 280w, https:\/\/lode.lv\/wp-content\/uploads\/Group-159-768x767.png 768w, https:\/\/lode.lv\/wp-content\/uploads\/Group-159-600x599.png 600w, https:\/\/lode.lv\/wp-content\/uploads\/Group-159-100x100.png 100w, https:\/\/lode.lv\/wp-content\/uploads\/Group-159.png 1124w\" sizes=\"auto, (max-width: 801px) 100vw, 801px\" \/><\/figure>\n<\/div>\n<\/div>\n<\/div>\n<\/div>\n\n<div class=\"wp-block-group has-light-gray-background-color has-background has-global-padding is-layout-constrained wp-block-group-is-layout-constrained\">\n<div class=\"wp-block-columns is-layout-flex wp-container-core-columns-is-layout-28f84493 wp-block-columns-is-layout-flex\">\n<div class=\"wp-block-column lode--mobile--has-global-padding is-layout-flow wp-block-column-is-layout-flow\" style=\"padding-top:var(--wp--preset--spacing--60);padding-bottom:var(--wp--preset--spacing--60)\">\n<h2 class=\"wp-block-heading\">Kataloogid<\/h2>\n\n\n\n<div class=\"wp-block-columns is-layout-flex wp-container-core-columns-is-layout-faef2ee1 wp-block-columns-is-layout-flex\" style=\"padding-top:var(--wp--preset--spacing--50);padding-bottom:var(--wp--preset--spacing--50)\">\n<div class=\"wp-block-column hidden has-global-padding is-content-justification-left is-layout-constrained wp-container-core-column-is-layout-0b710646 wp-block-column-is-layout-constrained\">\n<div class=\"wp-block-group has-global-padding is-content-justification-left is-layout-constrained wp-container-core-group-is-layout-e196ba4c wp-block-group-is-layout-constrained\">\n<figure class=\"wp-block-image size-full is-resized lode--magnify-url\"><a href=\"https:\/\/lode.lv\/wp-content\/uploads\/LODE_katalogs_010425-1.pdf\" target=\"_blank\" rel=\" noreferrer noopener\"><img loading=\"lazy\" decoding=\"async\" width=\"206\" height=\"278\" src=\"https:\/\/lode.lv\/wp-content\/uploads\/Layer_1-1.png\" alt=\"\" class=\"wp-image-274704\" style=\"width:auto;height:125px\"\/><\/a><\/figure>\n\n\n\n<p><placeholder3><\/placeholder3>Toodekataloog<placeholder4><\/placeholder4><placeholder5><\/placeholder5> 2025<\/p>\n<\/div>\n<\/div>\n\n\n\n<div class=\"wp-block-column is-layout-flow wp-block-column-is-layout-flow\">\n<div class=\"wp-block-group has-global-padding is-content-justification-left is-layout-constrained wp-container-core-group-is-layout-297355de wp-block-group-is-layout-constrained\" style=\"margin-top:0;margin-bottom:0\">\n<figure class=\"wp-block-image size-full is-resized lode--magnify-url\"><a href=\"https:\/\/lode.lv\/wp-content\/uploads\/LODE-Master-buvniecibas-sistema.pdf\" target=\"_blank\" rel=\" noreferrer noopener\"><img loading=\"lazy\" decoding=\"async\" width=\"204\" height=\"274\" src=\"https:\/\/lode.lv\/wp-content\/uploads\/Group-136.png\" alt=\"\" class=\"wp-image-275748\" style=\"width:auto;height:125px\"\/><\/a><\/figure>\n\n\n\n<p><strong>LODE MASTER<\/strong><br\/>ehituss\u00fcsteem<\/p>\n<\/div>\n<\/div>\n\n\n\n<div class=\"wp-block-column is-layout-flow wp-block-column-is-layout-flow\">\n<div class=\"wp-block-group has-global-padding is-content-justification-left is-layout-constrained wp-container-core-group-is-layout-297355de wp-block-group-is-layout-constrained\" style=\"margin-top:0;margin-bottom:0\">\n<figure class=\"wp-block-image size-full is-resized lode--magnify-url\"><a href=\"https:\/\/lode.lv\/wp-content\/uploads\/LODE-Keraterm-buvniecibas-sistema.pdf\" target=\"_blank\" rel=\" noreferrer noopener\"><img loading=\"lazy\" decoding=\"async\" width=\"204\" height=\"274\" src=\"https:\/\/lode.lv\/wp-content\/uploads\/Group-136-1.png\" alt=\"\" class=\"wp-image-275753\" style=\"width:auto;height:125px\"\/><\/a><\/figure>\n\n\n\n<p><strong>LODE<\/strong><br\/>ehituss\u00fcsteem<\/p>\n<\/div>\n<\/div>\n<\/div>\n\n\n\n<div class=\"wp-block-group has-global-padding is-layout-constrained wp-container-core-group-is-layout-a51abea4 wp-block-group-is-layout-constrained\" style=\"padding-top:var(--wp--preset--spacing--50);padding-bottom:var(--wp--preset--spacing--50)\">\n<h3 class=\"wp-block-heading\" style=\"font-style:normal;font-weight:500\">LODE BIM TEEK<\/h3>\n\n\n\n<div class=\"wp-block-group is-nowrap is-layout-flex wp-container-core-group-is-layout-c1740a5a wp-block-group-is-layout-flex\">\n<figure class=\"wp-block-image size-full\"><a href=\"https:\/\/lode.lv\/wp-content\/uploads\/lode-dwg-mezgli.zip\"><img loading=\"lazy\" decoding=\"async\" width=\"43\" height=\"42\" src=\"https:\/\/lode.lv\/wp-content\/uploads\/lupa.png\" alt=\"\" class=\"wp-image-275810\"\/><\/a><\/figure>\n\n\n\n<p>LODE jooniseplokid<\/p>\n<\/div>\n\n\n\n<div class=\"wp-block-group is-nowrap is-layout-flex wp-container-core-group-is-layout-c1740a5a wp-block-group-is-layout-flex\">\n<figure class=\"wp-block-image size-full\"><a href=\"https:\/\/lode.lv\/wp-content\/uploads\/01_lode_sienu_tipi_revit_2020-lv.zip\"><img loading=\"lazy\" decoding=\"async\" width=\"43\" height=\"42\" src=\"https:\/\/lode.lv\/wp-content\/uploads\/lupa.png\" alt=\"\" class=\"wp-image-275810\"\/><\/a><\/figure>\n\n\n\n<p>01 LODE seinat\u00fc\u00fcbid Revit 2020 EE<\/p>\n<\/div>\n\n\n\n<div class=\"wp-block-group is-nowrap is-layout-flex wp-container-core-group-is-layout-c1740a5a wp-block-group-is-layout-flex\">\n<figure class=\"wp-block-image size-full\"><a href=\"https:\/\/lode.lv\/wp-content\/uploads\/faili-projektetajam_archicad.zip\"><img loading=\"lazy\" decoding=\"async\" width=\"43\" height=\"42\" src=\"https:\/\/lode.lv\/wp-content\/uploads\/lupa.png\" alt=\"\" class=\"wp-image-275810\"\/><\/a><\/figure>\n\n\n\n<p>Failid Archicad projektidisainerile<\/p>\n<\/div>\n<\/div>\n<\/div>\n\n\n\n<div class=\"wp-block-column is-layout-flow wp-block-column-is-layout-flow\">\n<figure class=\"wp-block-image size-large lode--full-img-max-height-520\"><img loading=\"lazy\" decoding=\"async\" width=\"749\" height=\"800\" src=\"https:\/\/lode.lv\/wp-content\/uploads\/Mask-group-3-749x800.png\" alt=\"\" class=\"wp-image-275743\" srcset=\"https:\/\/lode.lv\/wp-content\/uploads\/Mask-group-3-749x800.png 749w, https:\/\/lode.lv\/wp-content\/uploads\/Mask-group-3-374x400.png 374w, https:\/\/lode.lv\/wp-content\/uploads\/Mask-group-3-768x821.png 768w, https:\/\/lode.lv\/wp-content\/uploads\/Mask-group-3-600x641.png 600w, https:\/\/lode.lv\/wp-content\/uploads\/Mask-group-3.png 1224w\" sizes=\"auto, (max-width: 749px) 100vw, 749px\" \/><\/figure>\n<\/div>\n<\/div>\n<\/div>\n","protected":false},"excerpt":{"rendered":"<p>Vastavustunnistused Vastavustunnistus nr. 1354\/2014 Keraamilised sillutiskivid, sise- ja v\u00e4lisp\u00f5randad ning teekatted Vastavustunnistus nr. 1325-CPR-1212 Keraamilised m\u00fc\u00fcritise seinaelemendid &#8211; Keraterm, ehitusplokid, t\u00e4istellised Vastavustunnistus nr. 1325-CPR-1212 Keraamilise m\u00fc\u00fcritise tooted &#8211; viimistlusplokid, ehitusplokid EPD t\u00f5endid S-P-11028 Kollase savi materjalid S-P-11030 Punase savi materjalid S-P-12511 Vertikaalselt \u00f5\u00f5nes savimaterjalid S-P-11031 Pruuni savi materjalid S-P-11054 Redutseeritud savi materjalid Kataloogid Toodekataloog 2025 [&hellip;]<\/p>\n","protected":false},"author":1,"featured_media":0,"parent":0,"menu_order":0,"comment_status":"closed","ping_status":"closed","template":"wp-custom-template-empty-template-full-width","meta":{"_acf_changed":false,"footnotes":""},"class_list":["post-269369","page","type-page","status-publish","hentry"],"acf":[],"_links":{"self":[{"href":"https:\/\/lode.lv\/et\/wp-json\/wp\/v2\/pages\/269369","targetHints":{"allow":["GET"]}}],"collection":[{"href":"https:\/\/lode.lv\/et\/wp-json\/wp\/v2\/pages"}],"about":[{"href":"https:\/\/lode.lv\/et\/wp-json\/wp\/v2\/types\/page"}],"author":[{"embeddable":true,"href":"https:\/\/lode.lv\/et\/wp-json\/wp\/v2\/users\/1"}],"replies":[{"embeddable":true,"href":"https:\/\/lode.lv\/et\/wp-json\/wp\/v2\/comments?post=269369"}],"version-history":[{"count":8,"href":"https:\/\/lode.lv\/et\/wp-json\/wp\/v2\/pages\/269369\/revisions"}],"predecessor-version":[{"id":279202,"href":"https:\/\/lode.lv\/et\/wp-json\/wp\/v2\/pages\/269369\/revisions\/279202"}],"wp:attachment":[{"href":"https:\/\/lode.lv\/et\/wp-json\/wp\/v2\/media?parent=269369"}],"curies":[{"name":"wp","href":"https:\/\/api.w.org\/{rel}","templated":true}]}}