{"id":278005,"date":"2025-05-09T01:57:20","date_gmt":"2025-05-09T01:57:20","guid":{"rendered":"https:\/\/lode.lv\/gallery\/"},"modified":"2025-05-09T02:41:13","modified_gmt":"2025-05-09T02:41:13","slug":"gallery","status":"publish","type":"page","link":"https:\/\/lode.lv\/en\/gallery\/","title":{"rendered":"Gallery"},"content":{"rendered":"\n<div class=\"wp-block-cover\"><img loading=\"lazy\" decoding=\"async\" width=\"2880\" height=\"992\" class=\"wp-block-cover__image-background wp-image-274153\" alt=\"\" src=\"https:\/\/lode.lv\/wp-content\/uploads\/galerija_bilde.png\" data-object-fit=\"cover\" srcset=\"https:\/\/lode.lv\/wp-content\/uploads\/galerija_bilde.png 2880w, https:\/\/lode.lv\/wp-content\/uploads\/galerija_bilde-800x276.png 800w, https:\/\/lode.lv\/wp-content\/uploads\/galerija_bilde-1400x482.png 1400w, https:\/\/lode.lv\/wp-content\/uploads\/galerija_bilde-768x265.png 768w, https:\/\/lode.lv\/wp-content\/uploads\/galerija_bilde-1536x529.png 1536w, https:\/\/lode.lv\/wp-content\/uploads\/galerija_bilde-2048x705.png 2048w, https:\/\/lode.lv\/wp-content\/uploads\/galerija_bilde-1200x413.png 1200w, https:\/\/lode.lv\/wp-content\/uploads\/galerija_bilde-600x207.png 600w\" sizes=\"auto, (max-width: 2880px) 100vw, 2880px\" \/><span aria-hidden=\"true\" class=\"wp-block-cover__background has-background-dim-0 has-background-dim\"><\/span><div class=\"wp-block-cover__inner-container has-global-padding is-layout-constrained wp-container-core-cover-is-layout-ed92f1a2 wp-block-cover-is-layout-constrained\">\n<p class=\"has-text-align-center has-large-font-size\"><\/p>\n<\/div><\/div>\n\n<div class=\"wp-block-group has-global-padding is-layout-constrained wp-block-group-is-layout-constrained\">\n<div class=\"wp-block-query is-layout-flow wp-block-query-is-layout-flow\"><ul class=\"columns-2 lode--gallery-post-query wp-block-post-template is-layout-grid wp-container-core-post-template-is-layout-d486d538 wp-block-post-template-is-layout-grid\"><li class=\"wp-block-post post-276843 post type-post status-publish format-standard has-post-thumbnail hentry category-galerija-en category-klinkera-brugakmens-en\">\n\n<div class=\"wp-block-group lode--img-container has-global-padding is-layout-constrained wp-block-group-is-layout-constrained\"><figure style=\"aspect-ratio:4\/3; padding-top:0;padding-bottom:0;\" class=\"wp-block-post-featured-image\"><a href=\"https:\/\/lode.lv\/en\/paving-orion-in-the-residential-village-priezavoti-in-salaspils\/\" target=\"_self\"  ><img loading=\"lazy\" decoding=\"async\" width=\"2048\" height=\"1365\" src=\"https:\/\/lode.lv\/wp-content\/uploads\/Paver-Orion-Priezavoti-2.jpg\" class=\"attachment-post-thumbnail size-post-thumbnail wp-post-image\" alt=\"Paving ORION in the residential village \u201cPrie\u017eavoti\u201d in Salaspils\" style=\"width:100%;height:100%;object-fit:cover;\" srcset=\"https:\/\/lode.lv\/wp-content\/uploads\/Paver-Orion-Priezavoti-2.jpg 2048w, https:\/\/lode.lv\/wp-content\/uploads\/Paver-Orion-Priezavoti-2-600x400.jpg 600w, https:\/\/lode.lv\/wp-content\/uploads\/Paver-Orion-Priezavoti-2-1200x800.jpg 1200w, https:\/\/lode.lv\/wp-content\/uploads\/Paver-Orion-Priezavoti-2-768x512.jpg 768w, https:\/\/lode.lv\/wp-content\/uploads\/Paver-Orion-Priezavoti-2-1536x1024.jpg 1536w\" sizes=\"auto, (max-width: 2048px) 100vw, 2048px\" \/><\/a><\/figure>\n\n<h4 style=\"font-style:normal;font-weight:400;text-transform:none;\" class=\"has-link-color lode--container-title wp-elements-91e525e58a0ff845a421c54ce15c18df wp-block-post-title has-text-color has-white-color\">Paving ORION in the residential village \u201cPrie\u017eavoti\u201d in Salaspils<\/h4><\/div>\n\n<\/li><li class=\"wp-block-post post-276845 post type-post status-publish format-standard has-post-thumbnail hentry category-galerija-en category-klinkera-brugakmens-en\">\n\n<div class=\"wp-block-group lode--img-container has-global-padding is-layout-constrained wp-block-group-is-layout-constrained\"><figure style=\"aspect-ratio:4\/3; padding-top:0;padding-bottom:0;\" class=\"wp-block-post-featured-image\"><a href=\"https:\/\/lode.lv\/en\/paving-classic-in-project-doki-in-poland\/\" target=\"_self\"  ><img loading=\"lazy\" decoding=\"async\" width=\"1500\" height=\"843\" src=\"https:\/\/lode.lv\/wp-content\/uploads\/DJI_0293.jpg.jpg\" class=\"attachment-post-thumbnail size-post-thumbnail wp-post-image\" alt=\"Paving CLASSIC in project \u201cDOKI\u201d in Poland\" style=\"width:100%;height:100%;object-fit:cover;\" srcset=\"https:\/\/lode.lv\/wp-content\/uploads\/DJI_0293.jpg.jpg 1500w, https:\/\/lode.lv\/wp-content\/uploads\/DJI_0293.jpg-712x400.jpg 712w, https:\/\/lode.lv\/wp-content\/uploads\/DJI_0293.jpg-1400x787.jpg 1400w, https:\/\/lode.lv\/wp-content\/uploads\/DJI_0293.jpg-768x432.jpg 768w, https:\/\/lode.lv\/wp-content\/uploads\/DJI_0293.jpg-1200x674.jpg 1200w, https:\/\/lode.lv\/wp-content\/uploads\/DJI_0293.jpg-600x337.jpg 600w\" sizes=\"auto, (max-width: 1500px) 100vw, 1500px\" \/><\/a><\/figure>\n\n<h4 style=\"font-style:normal;font-weight:400;text-transform:none;\" class=\"has-link-color lode--container-title wp-elements-91e525e58a0ff845a421c54ce15c18df wp-block-post-title has-text-color has-white-color\">Paving CLASSIC in project \u201cDOKI\u201d in Poland<\/h4><\/div>\n\n<\/li><li class=\"wp-block-post post-276847 post type-post status-publish format-standard has-post-thumbnail hentry category-apdares-kiegeli-en category-apdares-plaksnites-en category-galerija-en\">\n\n<div class=\"wp-block-group lode--img-container has-global-padding is-layout-constrained wp-block-group-is-layout-constrained\"><figure style=\"aspect-ratio:4\/3; padding-top:0;padding-bottom:0;\" class=\"wp-block-post-featured-image\"><a href=\"https:\/\/lode.lv\/en\/finishing-bricks-and-facade-brick-tiles-classic-at-lubina-business-incubator\/\" target=\"_self\"  ><img loading=\"lazy\" decoding=\"async\" width=\"1500\" height=\"1123\" src=\"https:\/\/lode.lv\/wp-content\/uploads\/Classic-brick-and-slip-Lubin-Poland-7.jpg.jpg\" class=\"attachment-post-thumbnail size-post-thumbnail wp-post-image\" alt=\"Finishing bricks and fa\u00e7ade cladding tiles CLASSIC at Lubina Business Incubator\" style=\"width:100%;height:100%;object-fit:cover;\" srcset=\"https:\/\/lode.lv\/wp-content\/uploads\/Classic-brick-and-slip-Lubin-Poland-7.jpg.jpg 1500w, https:\/\/lode.lv\/wp-content\/uploads\/Classic-brick-and-slip-Lubin-Poland-7.jpg-534x400.jpg 534w, https:\/\/lode.lv\/wp-content\/uploads\/Classic-brick-and-slip-Lubin-Poland-7.jpg-1069x800.jpg 1069w, https:\/\/lode.lv\/wp-content\/uploads\/Classic-brick-and-slip-Lubin-Poland-7.jpg-768x575.jpg 768w, https:\/\/lode.lv\/wp-content\/uploads\/Classic-brick-and-slip-Lubin-Poland-7.jpg-600x449.jpg 600w\" sizes=\"auto, (max-width: 1500px) 100vw, 1500px\" \/><\/a><\/figure>\n\n<h4 style=\"font-style:normal;font-weight:400;text-transform:none;\" class=\"has-link-color lode--container-title wp-elements-91e525e58a0ff845a421c54ce15c18df wp-block-post-title has-text-color has-white-color\">Finishing bricks and fa\u00e7ade cladding tiles CLASSIC at Lubina Business Incubator<\/h4><\/div>\n\n<\/li><li class=\"wp-block-post post-276849 post type-post status-publish format-standard has-post-thumbnail hentry category-galerija-en category-klinkera-brugakmens-en\">\n\n<div class=\"wp-block-group lode--img-container has-global-padding is-layout-constrained wp-block-group-is-layout-constrained\"><figure style=\"aspect-ratio:4\/3; padding-top:0;padding-bottom:0;\" class=\"wp-block-post-featured-image\"><a href=\"https:\/\/lode.lv\/en\/paving-stones-tybet-and-kalahari-on-a-beach-promenade-in-estonia\/\" target=\"_self\"  ><img loading=\"lazy\" decoding=\"async\" width=\"2560\" height=\"1440\" src=\"https:\/\/lode.lv\/wp-content\/uploads\/photo7-scaled.jpg\" class=\"attachment-post-thumbnail size-post-thumbnail wp-post-image\" alt=\"Paving stones TYBET and KALAHARI on a beach promenade in Estonia\" style=\"width:100%;height:100%;object-fit:cover;\" srcset=\"https:\/\/lode.lv\/wp-content\/uploads\/photo7-scaled.jpg 2560w, https:\/\/lode.lv\/wp-content\/uploads\/photo7-711x400.jpg 711w, https:\/\/lode.lv\/wp-content\/uploads\/photo7-1400x788.jpg 1400w, https:\/\/lode.lv\/wp-content\/uploads\/photo7-768x432.jpg 768w, https:\/\/lode.lv\/wp-content\/uploads\/photo7-1536x864.jpg 1536w, https:\/\/lode.lv\/wp-content\/uploads\/photo7-2048x1152.jpg 2048w, https:\/\/lode.lv\/wp-content\/uploads\/photo7-1200x675.jpg 1200w, https:\/\/lode.lv\/wp-content\/uploads\/photo7-600x338.jpg 600w\" sizes=\"auto, (max-width: 2560px) 100vw, 2560px\" \/><\/a><\/figure>\n\n<h4 style=\"font-style:normal;font-weight:400;text-transform:none;\" class=\"has-link-color lode--container-title wp-elements-91e525e58a0ff845a421c54ce15c18df wp-block-post-title has-text-color has-white-color\">Paving stones TYBET and KALAHARI on a beach promenade in Estonia<\/h4><\/div>\n\n<\/li><li class=\"wp-block-post post-276851 post type-post status-publish format-standard has-post-thumbnail hentry category-galerija-en category-klinkera-brugakmens-en\">\n\n<div class=\"wp-block-group lode--img-container has-global-padding is-layout-constrained wp-block-group-is-layout-constrained\"><figure style=\"aspect-ratio:4\/3; padding-top:0;padding-bottom:0;\" class=\"wp-block-post-featured-image\"><a href=\"https:\/\/lode.lv\/en\/paving-kalahari-in-the-courtyard-of-h-e-vanadzins-ziemelu-restorans-in-cesis\/\" target=\"_self\"  ><img loading=\"lazy\" decoding=\"async\" width=\"1000\" height=\"1500\" src=\"https:\/\/lode.lv\/wp-content\/uploads\/lode56.jpg.jpg\" class=\"attachment-post-thumbnail size-post-thumbnail wp-post-image\" alt=\"Paving KALAHARI in the courtyard of \u201cH.E. Vanadzi\u0146\u0161. Zieme\u013cu restor\u0101ns\u201d in C\u0113sis\" style=\"width:100%;height:100%;object-fit:cover;\" srcset=\"https:\/\/lode.lv\/wp-content\/uploads\/lode56.jpg.jpg 1000w, https:\/\/lode.lv\/wp-content\/uploads\/lode56.jpg-267x400.jpg 267w, https:\/\/lode.lv\/wp-content\/uploads\/lode56.jpg-533x800.jpg 533w, https:\/\/lode.lv\/wp-content\/uploads\/lode56.jpg-768x1152.jpg 768w, https:\/\/lode.lv\/wp-content\/uploads\/lode56.jpg-600x900.jpg 600w\" sizes=\"auto, (max-width: 1000px) 100vw, 1000px\" \/><\/a><\/figure>\n\n<h4 style=\"font-style:normal;font-weight:400;text-transform:none;\" class=\"has-link-color lode--container-title wp-elements-91e525e58a0ff845a421c54ce15c18df wp-block-post-title has-text-color has-white-color\">Paving KALAHARI in the courtyard of \u201cH.E. Vanadzi\u0146\u0161. Zieme\u013cu restor\u0101ns\u201d in C\u0113sis<\/h4><\/div>\n\n<\/li><li class=\"wp-block-post post-276853 post type-post status-publish format-standard has-post-thumbnail hentry category-galerija-en category-klinkera-brugakmens-en\">\n\n<div class=\"wp-block-group lode--img-container has-global-padding is-layout-constrained wp-block-group-is-layout-constrained\"><figure style=\"aspect-ratio:4\/3; padding-top:0;padding-bottom:0;\" class=\"wp-block-post-featured-image\"><a href=\"https:\/\/lode.lv\/en\/paving-argon-at-lautere-manor\/\" target=\"_self\"  ><img loading=\"lazy\" decoding=\"async\" width=\"1200\" height=\"800\" src=\"https:\/\/lode.lv\/wp-content\/uploads\/Argon-Lautere-1200px-7873.jpg\" class=\"attachment-post-thumbnail size-post-thumbnail wp-post-image\" alt=\"Paving ARGON at Lautere Manor\" style=\"width:100%;height:100%;object-fit:cover;\" srcset=\"https:\/\/lode.lv\/wp-content\/uploads\/Argon-Lautere-1200px-7873.jpg 1200w, https:\/\/lode.lv\/wp-content\/uploads\/Argon-Lautere-1200px-7873-600x400.jpg 600w, https:\/\/lode.lv\/wp-content\/uploads\/Argon-Lautere-1200px-7873-768x512.jpg 768w\" sizes=\"auto, (max-width: 1200px) 100vw, 1200px\" \/><\/a><\/figure>\n\n<h4 style=\"font-style:normal;font-weight:400;text-transform:none;\" class=\"has-link-color lode--container-title wp-elements-91e525e58a0ff845a421c54ce15c18df wp-block-post-title has-text-color has-white-color\">Paving ARGON at Lautere Manor<\/h4><\/div>\n\n<\/li><li class=\"wp-block-post post-276855 post type-post status-publish format-standard has-post-thumbnail hentry category-celtniecibas-bloki-en category-galerija-en\">\n\n<div class=\"wp-block-group lode--img-container has-global-padding is-layout-constrained wp-block-group-is-layout-constrained\"><figure style=\"aspect-ratio:4\/3; padding-top:0;padding-bottom:0;\" class=\"wp-block-post-featured-image\"><a href=\"https:\/\/lode.lv\/en\/keraterm-construction-blocks-in-limbazi-swimming-pool\/\" target=\"_self\"  ><img loading=\"lazy\" decoding=\"async\" width=\"1200\" height=\"800\" src=\"https:\/\/lode.lv\/wp-content\/uploads\/3-2-1200x800-1.jpg\" class=\"attachment-post-thumbnail size-post-thumbnail wp-post-image\" alt=\"KERATERM construction blocks in Limba\u017ei swimming pool\" style=\"width:100%;height:100%;object-fit:cover;\" srcset=\"https:\/\/lode.lv\/wp-content\/uploads\/3-2-1200x800-1.jpg 1200w, https:\/\/lode.lv\/wp-content\/uploads\/3-2-1200x800-1-600x400.jpg 600w, https:\/\/lode.lv\/wp-content\/uploads\/3-2-1200x800-1-768x512.jpg 768w\" sizes=\"auto, (max-width: 1200px) 100vw, 1200px\" \/><\/a><\/figure>\n\n<h4 style=\"font-style:normal;font-weight:400;text-transform:none;\" class=\"has-link-color lode--container-title wp-elements-91e525e58a0ff845a421c54ce15c18df wp-block-post-title has-text-color has-white-color\">KERATERM construction blocks in Limba\u017ei swimming pool<\/h4><\/div>\n\n<\/li><li class=\"wp-block-post post-276857 post type-post status-publish format-standard has-post-thumbnail hentry category-apdares-kiegeli-en category-galerija-en\">\n\n<div class=\"wp-block-group lode--img-container has-global-padding is-layout-constrained wp-block-group-is-layout-constrained\"><figure style=\"aspect-ratio:4\/3; padding-top:0;padding-bottom:0;\" class=\"wp-block-post-featured-image\"><a href=\"https:\/\/lode.lv\/en\/solid-finishing-bricks-classic-and-perforated-finishing-bricks-rustika-at-the-university-of-silesia-in-poland-katowice\/\" target=\"_self\"  ><img loading=\"lazy\" decoding=\"async\" width=\"1280\" height=\"728\" src=\"https:\/\/lode.lv\/wp-content\/uploads\/filmschoolkatowice-rustika-realizacja_-1.jpg\" class=\"attachment-post-thumbnail size-post-thumbnail wp-post-image\" alt=\"Solid finishing bricks CLASSIC and perforated finishing bricks RUSTIKA at the University of Silesia in Poland, Katowice\" style=\"width:100%;height:100%;object-fit:cover;\" srcset=\"https:\/\/lode.lv\/wp-content\/uploads\/filmschoolkatowice-rustika-realizacja_-1.jpg 1280w, https:\/\/lode.lv\/wp-content\/uploads\/filmschoolkatowice-rustika-realizacja_-1-703x400.jpg 703w, https:\/\/lode.lv\/wp-content\/uploads\/filmschoolkatowice-rustika-realizacja_-1-768x437.jpg 768w, https:\/\/lode.lv\/wp-content\/uploads\/filmschoolkatowice-rustika-realizacja_-1-1200x683.jpg 1200w, https:\/\/lode.lv\/wp-content\/uploads\/filmschoolkatowice-rustika-realizacja_-1-600x341.jpg 600w\" sizes=\"auto, (max-width: 1280px) 100vw, 1280px\" \/><\/a><\/figure>\n\n<h4 style=\"font-style:normal;font-weight:400;text-transform:none;\" class=\"has-link-color lode--container-title wp-elements-91e525e58a0ff845a421c54ce15c18df wp-block-post-title has-text-color has-white-color\">Solid finishing bricks CLASSIC and perforated finishing bricks RUSTIKA at the University of Silesia in Poland, Katowice<\/h4><\/div>\n\n<\/li><li class=\"wp-block-post post-269272 post type-post status-publish format-standard has-post-thumbnail hentry category-apdares-kiegeli-en category-galerija-en\">\n\n<div class=\"wp-block-group lode--img-container has-global-padding is-layout-constrained wp-block-group-is-layout-constrained\"><figure style=\"aspect-ratio:4\/3; padding-top:0;padding-bottom:0;\" class=\"wp-block-post-featured-image\"><a href=\"https:\/\/lode.lv\/en\/punched-finishing-bricks-in-janka-blackheads-house\/\" target=\"_self\"  ><img loading=\"lazy\" decoding=\"async\" width=\"1707\" height=\"2560\" src=\"https:\/\/lode.lv\/wp-content\/uploads\/2024\/01\/melngalvju_nams1-scaled-1.jpg\" class=\"attachment-post-thumbnail size-post-thumbnail wp-post-image\" alt=\"Perforate finishing bricks JANKA at the House of the Blackheads\" style=\"width:100%;height:100%;object-fit:cover;\" srcset=\"https:\/\/lode.lv\/wp-content\/uploads\/2024\/01\/melngalvju_nams1-scaled-1.jpg 1707w, https:\/\/lode.lv\/wp-content\/uploads\/2024\/01\/melngalvju_nams1-scaled-1-533x800.jpg 533w, https:\/\/lode.lv\/wp-content\/uploads\/2024\/01\/melngalvju_nams1-scaled-1-600x900.jpg 600w, https:\/\/lode.lv\/wp-content\/uploads\/2024\/01\/melngalvju_nams1-scaled-1-267x400.jpg 267w, https:\/\/lode.lv\/wp-content\/uploads\/2024\/01\/melngalvju_nams1-scaled-1-768x1152.jpg 768w, https:\/\/lode.lv\/wp-content\/uploads\/2024\/01\/melngalvju_nams1-scaled-1-1024x1536.jpg 1024w, https:\/\/lode.lv\/wp-content\/uploads\/2024\/01\/melngalvju_nams1-scaled-1-1366x2048.jpg 1366w\" sizes=\"auto, (max-width: 1707px) 100vw, 1707px\" \/><\/a><\/figure>\n\n<h4 style=\"font-style:normal;font-weight:400;text-transform:none;\" class=\"has-link-color lode--container-title wp-elements-91e525e58a0ff845a421c54ce15c18df wp-block-post-title has-text-color has-white-color\">Perforate finishing bricks JANKA at the House of the Blackheads<\/h4><\/div>\n\n<\/li><li class=\"wp-block-post post-269299 post type-post status-publish format-standard has-post-thumbnail hentry category-galerija-en category-klinkera-brugakmens-en\">\n\n<div class=\"wp-block-group lode--img-container has-global-padding is-layout-constrained wp-block-group-is-layout-constrained\"><figure style=\"aspect-ratio:4\/3; padding-top:0;padding-bottom:0;\" class=\"wp-block-post-featured-image\"><a href=\"https:\/\/lode.lv\/en\/clinker-pavements-kalahari-and-janka-in-the-forecourt-of-the-latvian-national-opera-and-ballet-in-riga\/\" target=\"_self\"  ><img loading=\"lazy\" decoding=\"async\" width=\"1707\" height=\"2560\" src=\"https:\/\/lode.lv\/wp-content\/uploads\/2024\/01\/opera3-scaled-1.jpg\" class=\"attachment-post-thumbnail size-post-thumbnail wp-post-image\" alt=\"Clinker bricks KALAHARI and JANKA in the forecourt of the Latvian National Opera and Ballet in Riga\u00a0\" style=\"width:100%;height:100%;object-fit:cover;\" srcset=\"https:\/\/lode.lv\/wp-content\/uploads\/2024\/01\/opera3-scaled-1.jpg 1707w, https:\/\/lode.lv\/wp-content\/uploads\/2024\/01\/opera3-scaled-1-533x800.jpg 533w, https:\/\/lode.lv\/wp-content\/uploads\/2024\/01\/opera3-scaled-1-600x900.jpg 600w, https:\/\/lode.lv\/wp-content\/uploads\/2024\/01\/opera3-scaled-1-267x400.jpg 267w, https:\/\/lode.lv\/wp-content\/uploads\/2024\/01\/opera3-scaled-1-768x1152.jpg 768w, https:\/\/lode.lv\/wp-content\/uploads\/2024\/01\/opera3-scaled-1-1024x1536.jpg 1024w, https:\/\/lode.lv\/wp-content\/uploads\/2024\/01\/opera3-scaled-1-1366x2048.jpg 1366w\" sizes=\"auto, (max-width: 1707px) 100vw, 1707px\" \/><\/a><\/figure>\n\n<h4 style=\"font-style:normal;font-weight:400;text-transform:none;\" class=\"has-link-color lode--container-title wp-elements-91e525e58a0ff845a421c54ce15c18df wp-block-post-title has-text-color has-white-color\">Clinker bricks KALAHARI and JANKA in the forecourt of the Latvian National Opera and Ballet in Riga\u00a0<\/h4><\/div>\n\n<\/li><li class=\"wp-block-post post-269314 post type-post status-publish format-standard has-post-thumbnail hentry category-apdares-kiegeli-en category-galerija-en\">\n\n<div class=\"wp-block-group lode--img-container has-global-padding is-layout-constrained wp-block-group-is-layout-constrained\"><figure style=\"aspect-ratio:4\/3; padding-top:0;padding-bottom:0;\" class=\"wp-block-post-featured-image\"><a href=\"https:\/\/lode.lv\/en\/finishing-bricks-asais-brunis-in-radisson-blu-ridzene-hotel\/\" target=\"_self\"  ><img loading=\"lazy\" decoding=\"async\" width=\"2048\" height=\"1365\" src=\"https:\/\/lode.lv\/wp-content\/uploads\/2023\/10\/brunis-ridzene-fb3.jpg\" class=\"attachment-post-thumbnail size-post-thumbnail wp-post-image\" alt=\"Finishing bricks ASAIS BRUNIS at the &#8220;Radisson Blu R\u012bdzene Hotel&#8221;\" style=\"width:100%;height:100%;object-fit:cover;\" srcset=\"https:\/\/lode.lv\/wp-content\/uploads\/2023\/10\/brunis-ridzene-fb3.jpg 2048w, https:\/\/lode.lv\/wp-content\/uploads\/2023\/10\/brunis-ridzene-fb3-1200x800.jpg 1200w, https:\/\/lode.lv\/wp-content\/uploads\/2023\/10\/brunis-ridzene-fb3-600x400.jpg 600w, https:\/\/lode.lv\/wp-content\/uploads\/2023\/10\/brunis-ridzene-fb3-768x512.jpg 768w, https:\/\/lode.lv\/wp-content\/uploads\/2023\/10\/brunis-ridzene-fb3-1536x1024.jpg 1536w\" sizes=\"auto, (max-width: 2048px) 100vw, 2048px\" \/><\/a><\/figure>\n\n<h4 style=\"font-style:normal;font-weight:400;text-transform:none;\" class=\"has-link-color lode--container-title wp-elements-91e525e58a0ff845a421c54ce15c18df wp-block-post-title has-text-color has-white-color\">Finishing bricks ASAIS BRUNIS at the &#8220;Radisson Blu R\u012bdzene Hotel&#8221;<\/h4><\/div>\n\n<\/li><li class=\"wp-block-post post-269247 post type-post status-publish format-standard has-post-thumbnail hentry category-galerija-en category-klinkera-brugakmens-en\">\n\n<div class=\"wp-block-group lode--img-container has-global-padding is-layout-constrained wp-block-group-is-layout-constrained\"><figure style=\"aspect-ratio:4\/3; padding-top:0;padding-bottom:0;\" class=\"wp-block-post-featured-image\"><a href=\"https:\/\/lode.lv\/en\/terra-pavement-in-the-courtyard-of-spidalas-house-in-cesis\/\" target=\"_self\"  ><img loading=\"lazy\" decoding=\"async\" width=\"1101\" height=\"734\" src=\"https:\/\/lode.lv\/wp-content\/uploads\/2024\/08\/terra-spidala.jpg\" class=\"attachment-post-thumbnail size-post-thumbnail wp-post-image\" alt=\"TERRA paving in the courtyard of Sp\u012bdalas House in C\u0113sis\" style=\"width:100%;height:100%;object-fit:cover;\" srcset=\"https:\/\/lode.lv\/wp-content\/uploads\/2024\/08\/terra-spidala.jpg 1101w, https:\/\/lode.lv\/wp-content\/uploads\/2024\/08\/terra-spidala-600x400.jpg 600w, https:\/\/lode.lv\/wp-content\/uploads\/2024\/08\/terra-spidala-768x512.jpg 768w, https:\/\/lode.lv\/wp-content\/uploads\/2024\/08\/terra-spidala-1024x683.jpg 1024w\" sizes=\"auto, (max-width: 1101px) 100vw, 1101px\" \/><\/a><\/figure>\n\n<h4 style=\"font-style:normal;font-weight:400;text-transform:none;\" class=\"has-link-color lode--container-title wp-elements-91e525e58a0ff845a421c54ce15c18df wp-block-post-title has-text-color has-white-color\">TERRA paving in the courtyard of Sp\u012bdalas House in C\u0113sis<\/h4><\/div>\n\n<\/li><\/ul>\n\n<nav class=\"lode--pagination wp-block-query-pagination is-content-justification-center is-layout-flex wp-container-core-query-pagination-is-layout-a89b3969 wp-block-query-pagination-is-layout-flex\" aria-label=\"Pagination\">\n\n\n<a href=\"\/en\/wp-json\/wp\/v2\/pages\/278005?query-10-page=2\" class=\"lode--next-page wp-block-query-pagination-next\">See more<\/a>\n<\/nav>\n\n<\/div>\n<\/div>\n","protected":false},"excerpt":{"rendered":"","protected":false},"author":1,"featured_media":274154,"parent":0,"menu_order":0,"comment_status":"closed","ping_status":"closed","template":"empty","meta":{"_acf_changed":false,"footnotes":""},"class_list":["post-278005","page","type-page","status-publish","has-post-thumbnail","hentry"],"acf":[],"_links":{"self":[{"href":"https:\/\/lode.lv\/en\/wp-json\/wp\/v2\/pages\/278005","targetHints":{"allow":["GET"]}}],"collection":[{"href":"https:\/\/lode.lv\/en\/wp-json\/wp\/v2\/pages"}],"about":[{"href":"https:\/\/lode.lv\/en\/wp-json\/wp\/v2\/types\/page"}],"author":[{"embeddable":true,"href":"https:\/\/lode.lv\/en\/wp-json\/wp\/v2\/users\/1"}],"replies":[{"embeddable":true,"href":"https:\/\/lode.lv\/en\/wp-json\/wp\/v2\/comments?post=278005"}],"version-history":[{"count":0,"href":"https:\/\/lode.lv\/en\/wp-json\/wp\/v2\/pages\/278005\/revisions"}],"wp:featuredmedia":[{"embeddable":true,"href":"https:\/\/lode.lv\/en\/wp-json\/wp\/v2\/media\/274154"}],"wp:attachment":[{"href":"https:\/\/lode.lv\/en\/wp-json\/wp\/v2\/media?parent=278005"}],"curies":[{"name":"wp","href":"https:\/\/api.w.org\/{rel}","templated":true}]}}